{"id":10,"date":"2017-02-20T15:13:58","date_gmt":"2017-02-20T14:13:58","guid":{"rendered":"http:\/\/ricom-web.com\/monfort\/?page_id=10"},"modified":"2017-03-06T12:09:12","modified_gmt":"2017-03-06T11:09:12","slug":"saint-laurent-sur-sevre-terre-vivante","status":"publish","type":"page","link":"http:\/\/ricom-web.com\/monfort\/fr\/lieux\/saint-laurent-sur-sevre-terre-vivante\/","title":{"rendered":"Saint Laurent sur S\u00e8vre Terre vivante"},"content":{"rendered":"<p><strong>La ville de Saint-Laurent-sur-S\u00e8vre est nich\u00e9e dans les m\u00e9andres\u00a0de la S\u00e8vre Nantaise o\u00f9 la tribu gauloise des Ambilatres a choisi\u00a0de s&rsquo;installer \u00e0 proximit\u00e9 du cours de l&rsquo;eau, il y a pr\u00e8s de 2 500 ans.\u00a0<\/strong><\/p>\n<p>L&rsquo;endroit y \u00e9tait d\u00e9j\u00e0 plaisant.Une vall\u00e9e profonde, bien dessin\u00e9e&#8230; Une rivi\u00e8re alternant entre eaux\u00a0calmes et remous tourbillonnants&#8230; Des berges successivement ombrag\u00e9es\u00a0et d\u00e9gag\u00e9es&#8230; Le tout peupl\u00e9 de libellules, de salamandres et de loutres !&#8230;\u00a0un paradis romantique.<\/p>\n<p>Vers les 5e ou 6e si\u00e8cles, une premi\u00e8re communaut\u00e9 paroissiale s&rsquo;installe\u00a0dans la vall\u00e9e. Elle prend le nom de Saint-Pierre-de-Savara.<\/p>\n<p>Vers 1050, le seigneur du lieu, Basile Chabot, fait construire son manoir&#8230;\u00a0pr\u00e8s duquel est \u00e9difi\u00e9e une \u00e9glise dot\u00e9e de la pr\u00e9cieuse relique d&rsquo;un <strong>diacre\u00a0martyris\u00e9 \u00e0 Rome en l&rsquo;an 258 : Saint-Laurent.<\/strong><\/p>\n<p>C&rsquo;est \u00e0 ce moment l\u00e0 que <strong>la commune prend le nom de Saint-Laurent-sur-S\u00e8vre et commence \u00e0 attirer de nombreux p\u00e8lerins.<\/strong><\/p>\n<p>Est-ce la seule raison pour qu&rsquo;il y ait autant de clochers \u00e0 Saint-Laurent ?\u00a0Certes non. Toutes ces constructions sont li\u00e9es \u00e0 un pr\u00eatre missionnaire\u00a0flamboyant : saint Louis-Marie Grignion de Montfort. Venu pr\u00eacher\u00a0une mission, il meurt subitement ici le 28 avril 1716.<\/p>\n<p>Tr\u00e8s vite, ses disciples choisissent de venir s&rsquo;installer pr\u00e8s de son tombeau. D&rsquo;abord les Filles de la Sagesse&#8230; puis les Missionnaires Montfortains. En 1835, c&rsquo;est au tour des \u00ab fr\u00e8res de classe \u00bb de la Communaut\u00e9,\u00a0les Fr\u00e8res de Saint-Gabriel, d&rsquo;\u00eatre fond\u00e9s \u00e0 Saint-Laurent-sur-S\u00e8vre,\u00a0\u00e0 partir d&rsquo;une branche des Fr\u00e8res du Saint-Esprit.<\/p>\n<p>Progressivement, la ville voit sa silhouette se transformer, toute h\u00e9riss\u00e9e&#8230;de clochers ! Depuis lors, toutes les communaut\u00e9s montfortaines n&rsquo;ont\u00a0cess\u00e9 de contribuer au d\u00e9veloppement de Saint-Laurent-sur-S\u00e8vre.<\/p>\n<p>Ville \u00e9galement reconnue pour d&rsquo;autres tr\u00e9sors li\u00e9s \u00e0 son histoire\u00a0\u00e9conomique comme les moulins de la S\u00e8vre ou ses sentiers de randonn\u00e9es\u00a0p\u00e9destres et cyclos de grande qualit\u00e9.<\/p>\n","protected":false},"excerpt":{"rendered":"<p>La ville de Saint-Laurent-sur-S\u00e8vre est nich\u00e9e dans les m\u00e9andres\u00a0de la S\u00e8vre Nantaise o\u00f9 la tribu gauloise des Ambilatres a choisi\u00a0de s&rsquo;installer \u00e0 proximit\u00e9 du cours de l&rsquo;eau, il y a pr\u00e8s de 2 500 ans.\u00a0 L&rsquo;endroit y \u00e9tait d\u00e9j\u00e0 plaisant.Une vall\u00e9e profonde, bien dessin\u00e9e&#8230; Une rivi\u00e8re alternant entre eaux\u00a0calmes et remous tourbillonnants&#8230; Des berges successivement<a class=\"moretag\" href=\"http:\/\/ricom-web.com\/monfort\/fr\/lieux\/saint-laurent-sur-sevre-terre-vivante\/\"><span class=\"screen-reader-text\">En savoir plus surSaint Laurent sur S\u00e8vre Terre vivante<\/span>[&#8230;]<\/a><\/p>\n","protected":false},"author":1,"featured_media":0,"parent":8,"menu_order":0,"comment_status":"closed","ping_status":"open","template":"","meta":{"footnotes":""},"yoast_head":"<!-- This site is optimized with the Yoast SEO plugin v24.3 - https:\/\/yoast.com\/wordpress\/plugins\/seo\/ -->\n<title>Saint Laurent sur S\u00e8vre Terre vivante - Sur les pas de Monfort<\/title>\n<meta name=\"description\" content=\"La commune de Saint Laurent sur S\u00e8vre doit son nom au diacre martyris\u00e9 \u00e0 Rome en 258: Saint-Laurent. Situ\u00e9e en Vend\u00e9e, elle est proche de la S\u00e8vre Nantaise\" \/>\n<meta name=\"robots\" content=\"noindex, follow, max-snippet:-1, max-image-preview:large, max-video-preview:-1\" \/>\n<meta property=\"og:locale\" content=\"fr_FR\" \/>\n<meta property=\"og:type\" content=\"article\" \/>\n<meta property=\"og:title\" content=\"Saint Laurent sur S\u00e8vre Terre vivante - Sur les pas de Monfort\" \/>\n<meta property=\"og:description\" content=\"La commune de Saint Laurent sur S\u00e8vre doit son nom au diacre martyris\u00e9 \u00e0 Rome en 258: Saint-Laurent. Situ\u00e9e en Vend\u00e9e, elle est proche de la S\u00e8vre Nantaise\" \/>\n<meta property=\"og:url\" content=\"http:\/\/ricom-web.com\/monfort\/fr\/lieux\/saint-laurent-sur-sevre-terre-vivante\/\" \/>\n<meta property=\"og:site_name\" content=\"Sur les pas de Monfort\" \/>\n<meta property=\"article:modified_time\" content=\"2017-03-06T11:09:12+00:00\" \/>\n<meta name=\"twitter:card\" content=\"summary_large_image\" \/>\n<meta name=\"twitter:label1\" content=\"Dur\u00e9e de lecture estim\u00e9e\" \/>\n\t<meta name=\"twitter:data1\" content=\"2 minutes\" \/>\n<script type=\"application\/ld+json\" class=\"yoast-schema-graph\">{\"@context\":\"https:\/\/schema.org\",\"@graph\":[{\"@type\":\"WebPage\",\"@id\":\"http:\/\/ricom-web.com\/monfort\/fr\/lieux\/saint-laurent-sur-sevre-terre-vivante\/\",\"url\":\"http:\/\/ricom-web.com\/monfort\/fr\/lieux\/saint-laurent-sur-sevre-terre-vivante\/\",\"name\":\"Saint Laurent sur S\u00e8vre Terre vivante - Sur les pas de Monfort\",\"isPartOf\":{\"@id\":\"http:\/\/ricom-web.com\/monfort\/#website\"},\"datePublished\":\"2017-02-20T14:13:58+00:00\",\"dateModified\":\"2017-03-06T11:09:12+00:00\",\"description\":\"La commune de Saint Laurent sur S\u00e8vre doit son nom au diacre martyris\u00e9 \u00e0 Rome en 258: Saint-Laurent. Situ\u00e9e en Vend\u00e9e, elle est proche de la S\u00e8vre Nantaise\",\"breadcrumb\":{\"@id\":\"http:\/\/ricom-web.com\/monfort\/fr\/lieux\/saint-laurent-sur-sevre-terre-vivante\/#breadcrumb\"},\"inLanguage\":\"fr-FR\",\"potentialAction\":[{\"@type\":\"ReadAction\",\"target\":[\"http:\/\/ricom-web.com\/monfort\/fr\/lieux\/saint-laurent-sur-sevre-terre-vivante\/\"]}]},{\"@type\":\"BreadcrumbList\",\"@id\":\"http:\/\/ricom-web.com\/monfort\/fr\/lieux\/saint-laurent-sur-sevre-terre-vivante\/#breadcrumb\",\"itemListElement\":[{\"@type\":\"ListItem\",\"position\":1,\"name\":\"Accueil\",\"item\":\"http:\/\/ricom-web.com\/monfort\/fr\/sur-les-pas-de-monfort\/\"},{\"@type\":\"ListItem\",\"position\":2,\"name\":\"Lieux\",\"item\":\"http:\/\/ricom-web.com\/monfort\/fr\/lieux\/\"},{\"@type\":\"ListItem\",\"position\":3,\"name\":\"Saint Laurent sur S\u00e8vre Terre vivante\"}]},{\"@type\":\"WebSite\",\"@id\":\"http:\/\/ricom-web.com\/monfort\/#website\",\"url\":\"http:\/\/ricom-web.com\/monfort\/\",\"name\":\"Sur les pas de Monfort\",\"description\":\"Parcours d\u00e9couverte, sur les pas de Montfort\",\"potentialAction\":[{\"@type\":\"SearchAction\",\"target\":{\"@type\":\"EntryPoint\",\"urlTemplate\":\"http:\/\/ricom-web.com\/monfort\/?s={search_term_string}\"},\"query-input\":{\"@type\":\"PropertyValueSpecification\",\"valueRequired\":true,\"valueName\":\"search_term_string\"}}],\"inLanguage\":\"fr-FR\"}]}<\/script>\n<!-- \/ Yoast SEO plugin. -->","yoast_head_json":{"title":"Saint Laurent sur S\u00e8vre Terre vivante - Sur les pas de Monfort","description":"La commune de Saint Laurent sur S\u00e8vre doit son nom au diacre martyris\u00e9 \u00e0 Rome en 258: Saint-Laurent. Situ\u00e9e en Vend\u00e9e, elle est proche de la S\u00e8vre Nantaise","robots":{"index":"noindex","follow":"follow","max-snippet":"max-snippet:-1","max-image-preview":"max-image-preview:large","max-video-preview":"max-video-preview:-1"},"og_locale":"fr_FR","og_type":"article","og_title":"Saint Laurent sur S\u00e8vre Terre vivante - Sur les pas de Monfort","og_description":"La commune de Saint Laurent sur S\u00e8vre doit son nom au diacre martyris\u00e9 \u00e0 Rome en 258: Saint-Laurent. Situ\u00e9e en Vend\u00e9e, elle est proche de la S\u00e8vre Nantaise","og_url":"http:\/\/ricom-web.com\/monfort\/fr\/lieux\/saint-laurent-sur-sevre-terre-vivante\/","og_site_name":"Sur les pas de Monfort","article_modified_time":"2017-03-06T11:09:12+00:00","twitter_card":"summary_large_image","twitter_misc":{"Dur\u00e9e de lecture estim\u00e9e":"2 minutes"},"schema":{"@context":"https:\/\/schema.org","@graph":[{"@type":"WebPage","@id":"http:\/\/ricom-web.com\/monfort\/fr\/lieux\/saint-laurent-sur-sevre-terre-vivante\/","url":"http:\/\/ricom-web.com\/monfort\/fr\/lieux\/saint-laurent-sur-sevre-terre-vivante\/","name":"Saint Laurent sur S\u00e8vre Terre vivante - Sur les pas de Monfort","isPartOf":{"@id":"http:\/\/ricom-web.com\/monfort\/#website"},"datePublished":"2017-02-20T14:13:58+00:00","dateModified":"2017-03-06T11:09:12+00:00","description":"La commune de Saint Laurent sur S\u00e8vre doit son nom au diacre martyris\u00e9 \u00e0 Rome en 258: Saint-Laurent. Situ\u00e9e en Vend\u00e9e, elle est proche de la S\u00e8vre Nantaise","breadcrumb":{"@id":"http:\/\/ricom-web.com\/monfort\/fr\/lieux\/saint-laurent-sur-sevre-terre-vivante\/#breadcrumb"},"inLanguage":"fr-FR","potentialAction":[{"@type":"ReadAction","target":["http:\/\/ricom-web.com\/monfort\/fr\/lieux\/saint-laurent-sur-sevre-terre-vivante\/"]}]},{"@type":"BreadcrumbList","@id":"http:\/\/ricom-web.com\/monfort\/fr\/lieux\/saint-laurent-sur-sevre-terre-vivante\/#breadcrumb","itemListElement":[{"@type":"ListItem","position":1,"name":"Accueil","item":"http:\/\/ricom-web.com\/monfort\/fr\/sur-les-pas-de-monfort\/"},{"@type":"ListItem","position":2,"name":"Lieux","item":"http:\/\/ricom-web.com\/monfort\/fr\/lieux\/"},{"@type":"ListItem","position":3,"name":"Saint Laurent sur S\u00e8vre Terre vivante"}]},{"@type":"WebSite","@id":"http:\/\/ricom-web.com\/monfort\/#website","url":"http:\/\/ricom-web.com\/monfort\/","name":"Sur les pas de Monfort","description":"Parcours d\u00e9couverte, sur les pas de Montfort","potentialAction":[{"@type":"SearchAction","target":{"@type":"EntryPoint","urlTemplate":"http:\/\/ricom-web.com\/monfort\/?s={search_term_string}"},"query-input":{"@type":"PropertyValueSpecification","valueRequired":true,"valueName":"search_term_string"}}],"inLanguage":"fr-FR"}]}},"_links":{"self":[{"href":"http:\/\/ricom-web.com\/monfort\/wp-json\/wp\/v2\/pages\/10"}],"collection":[{"href":"http:\/\/ricom-web.com\/monfort\/wp-json\/wp\/v2\/pages"}],"about":[{"href":"http:\/\/ricom-web.com\/monfort\/wp-json\/wp\/v2\/types\/page"}],"author":[{"embeddable":true,"href":"http:\/\/ricom-web.com\/monfort\/wp-json\/wp\/v2\/users\/1"}],"replies":[{"embeddable":true,"href":"http:\/\/ricom-web.com\/monfort\/wp-json\/wp\/v2\/comments?post=10"}],"version-history":[{"count":11,"href":"http:\/\/ricom-web.com\/monfort\/wp-json\/wp\/v2\/pages\/10\/revisions"}],"predecessor-version":[{"id":412,"href":"http:\/\/ricom-web.com\/monfort\/wp-json\/wp\/v2\/pages\/10\/revisions\/412"}],"up":[{"embeddable":true,"href":"http:\/\/ricom-web.com\/monfort\/wp-json\/wp\/v2\/pages\/8"}],"wp:attachment":[{"href":"http:\/\/ricom-web.com\/monfort\/wp-json\/wp\/v2\/media?parent=10"}],"curies":[{"name":"wp","href":"https:\/\/api.w.org\/{rel}","templated":true}]}}