{"id":103,"date":"2017-02-20T17:35:35","date_gmt":"2017-02-20T16:35:35","guid":{"rendered":"http:\/\/ricom-web.com\/monfort\/?page_id=103"},"modified":"2017-02-28T17:12:29","modified_gmt":"2017-02-28T16:12:29","slug":"chapelle-des-penitents","status":"publish","type":"page","link":"http:\/\/ricom-web.com\/monfort\/en\/places\/chapelle-des-penitents\/","title":{"rendered":"Chapelle des P\u00e9nitents"},"content":{"rendered":"<p>When Montfort arrived in Saint-Laurent-sur-S\u00e8vre in 1716, the current square did not exist.<\/p>\n<p>The location was occupied by the tombs of the Petit Cimeti\u00e8re and the Chapel of Notre-Dame-des-Gr\u00e2ces. This building, dating back to before 1601, belonged to the Lords of the Manor of La Barbini\u00e8re.<\/p>\n<p>As part of his mission, Father de Montfort encouraged the residents of Saint-Laurent to come together as brotherhoods and sisterhoods. He founded the Confr\u00e9rie des Vierges for unmarried women, and the Confr\u00e9rie des P\u00e9nitents Blancs for the men of the town.<\/p>\n<p>The Chapel became the meeting place for the men, and was thus renamed Chapelle des P\u00e9nitents.<\/p>\n<p>During the Wars in the Vend\u00e9e that followed soon after the Revolution, the chapel, the cemetery and the houses around it suffered as a result of attacks by the Republican army campaigns known as Les colonnes infernales.<\/p>\n<p>Dozens of people were massacred, the houses burned and the chapel used as a grain store for the Republican army.<\/p>\n<p>When this difficult period came to an end, it was time to rebuild.<\/p>\n<p>1801 saw construction of the Supiot house, since demolished.<\/p>\n<p>The Chapelle des P\u00e9nitents was in a parlous state and declared a ruin.<\/p>\n<p>The Petit Cimeti\u00e8re, the last resting place of Brother Saint-Esprit Joseau &#8211; one of the first in Saint-Laurent to support the Daughters of Wisdom &#8211; fell into disuse.<\/p>\n<p>In 1809, the local council bought the chapel, demolished it and replaced it with the Place des P\u00e9nitents.<\/p>\n<p>At the beginning of the 20th century, the square changed its name to the Place Saint-Gabriel, taking its name from the boarding school run by the teaching brothers.<\/p>\n","protected":false},"excerpt":{"rendered":"<p>When Montfort arrived in Saint-Laurent-sur-S\u00e8vre in 1716, the current square did not exist. The location was occupied by the tombs of the Petit Cimeti\u00e8re and the Chapel of Notre-Dame-des-Gr\u00e2ces. This building, dating back to before 1601, belonged to the Lords of the Manor of La Barbini\u00e8re. As part of his mission, Father de Montfort encouraged<a class=\"moretag\" href=\"http:\/\/ricom-web.com\/monfort\/en\/places\/chapelle-des-penitents\/\"><span class=\"screen-reader-text\">En savoir plus surChapelle des P\u00e9nitents<\/span>[&#8230;]<\/a><\/p>\n","protected":false},"author":1,"featured_media":0,"parent":79,"menu_order":0,"comment_status":"closed","ping_status":"closed","template":"","meta":{"footnotes":""},"yoast_head":"<!-- This site is optimized with the Yoast SEO plugin v24.3 - https:\/\/yoast.com\/wordpress\/plugins\/seo\/ -->\n<title>Chapelle des P\u00e9nitents - Sur les pas de Monfort<\/title>\n<meta name=\"robots\" content=\"noindex, follow, max-snippet:-1, max-image-preview:large, max-video-preview:-1\" \/>\n<meta property=\"og:locale\" content=\"fr_FR\" \/>\n<meta property=\"og:type\" content=\"article\" \/>\n<meta property=\"og:title\" content=\"Chapelle des P\u00e9nitents - Sur les pas de Monfort\" \/>\n<meta property=\"og:description\" content=\"When Montfort arrived in Saint-Laurent-sur-S\u00e8vre in 1716, the current square did not exist. The location was occupied by the tombs of the Petit Cimeti\u00e8re and the Chapel of Notre-Dame-des-Gr\u00e2ces. This building, dating back to before 1601, belonged to the Lords of the Manor of La Barbini\u00e8re. As part of his mission, Father de Montfort encouragedEn savoir plus surChapelle des P\u00e9nitents[...]\" \/>\n<meta property=\"og:url\" content=\"http:\/\/ricom-web.com\/monfort\/en\/places\/chapelle-des-penitents\/\" \/>\n<meta property=\"og:site_name\" content=\"Sur les pas de Monfort\" \/>\n<meta property=\"article:modified_time\" content=\"2017-02-28T16:12:29+00:00\" \/>\n<meta name=\"twitter:card\" content=\"summary_large_image\" \/>\n<meta name=\"twitter:label1\" content=\"Dur\u00e9e de lecture estim\u00e9e\" \/>\n\t<meta name=\"twitter:data1\" content=\"1 minute\" \/>\n<script type=\"application\/ld+json\" class=\"yoast-schema-graph\">{\"@context\":\"https:\/\/schema.org\",\"@graph\":[{\"@type\":\"WebPage\",\"@id\":\"http:\/\/ricom-web.com\/monfort\/en\/places\/chapelle-des-penitents\/\",\"url\":\"http:\/\/ricom-web.com\/monfort\/en\/places\/chapelle-des-penitents\/\",\"name\":\"Chapelle des P\u00e9nitents - Sur les pas de Monfort\",\"isPartOf\":{\"@id\":\"http:\/\/ricom-web.com\/monfort\/#website\"},\"datePublished\":\"2017-02-20T16:35:35+00:00\",\"dateModified\":\"2017-02-28T16:12:29+00:00\",\"breadcrumb\":{\"@id\":\"http:\/\/ricom-web.com\/monfort\/en\/places\/chapelle-des-penitents\/#breadcrumb\"},\"inLanguage\":\"fr-FR\",\"potentialAction\":[{\"@type\":\"ReadAction\",\"target\":[\"http:\/\/ricom-web.com\/monfort\/en\/places\/chapelle-des-penitents\/\"]}]},{\"@type\":\"BreadcrumbList\",\"@id\":\"http:\/\/ricom-web.com\/monfort\/en\/places\/chapelle-des-penitents\/#breadcrumb\",\"itemListElement\":[{\"@type\":\"ListItem\",\"position\":1,\"name\":\"Accueil\",\"item\":\"http:\/\/ricom-web.com\/monfort\/fr\/sur-les-pas-de-monfort\/\"},{\"@type\":\"ListItem\",\"position\":2,\"name\":\"Places\",\"item\":\"http:\/\/ricom-web.com\/monfort\/en\/places\/\"},{\"@type\":\"ListItem\",\"position\":3,\"name\":\"Chapelle des P\u00e9nitents\"}]},{\"@type\":\"WebSite\",\"@id\":\"http:\/\/ricom-web.com\/monfort\/#website\",\"url\":\"http:\/\/ricom-web.com\/monfort\/\",\"name\":\"Sur les pas de Monfort\",\"description\":\"Parcours d\u00e9couverte, sur les pas de Montfort\",\"potentialAction\":[{\"@type\":\"SearchAction\",\"target\":{\"@type\":\"EntryPoint\",\"urlTemplate\":\"http:\/\/ricom-web.com\/monfort\/?s={search_term_string}\"},\"query-input\":{\"@type\":\"PropertyValueSpecification\",\"valueRequired\":true,\"valueName\":\"search_term_string\"}}],\"inLanguage\":\"fr-FR\"}]}<\/script>\n<!-- \/ Yoast SEO plugin. -->","yoast_head_json":{"title":"Chapelle des P\u00e9nitents - Sur les pas de Monfort","robots":{"index":"noindex","follow":"follow","max-snippet":"max-snippet:-1","max-image-preview":"max-image-preview:large","max-video-preview":"max-video-preview:-1"},"og_locale":"fr_FR","og_type":"article","og_title":"Chapelle des P\u00e9nitents - Sur les pas de Monfort","og_description":"When Montfort arrived in Saint-Laurent-sur-S\u00e8vre in 1716, the current square did not exist. The location was occupied by the tombs of the Petit Cimeti\u00e8re and the Chapel of Notre-Dame-des-Gr\u00e2ces. This building, dating back to before 1601, belonged to the Lords of the Manor of La Barbini\u00e8re. As part of his mission, Father de Montfort encouragedEn savoir plus surChapelle des P\u00e9nitents[...]","og_url":"http:\/\/ricom-web.com\/monfort\/en\/places\/chapelle-des-penitents\/","og_site_name":"Sur les pas de Monfort","article_modified_time":"2017-02-28T16:12:29+00:00","twitter_card":"summary_large_image","twitter_misc":{"Dur\u00e9e de lecture estim\u00e9e":"1 minute"},"schema":{"@context":"https:\/\/schema.org","@graph":[{"@type":"WebPage","@id":"http:\/\/ricom-web.com\/monfort\/en\/places\/chapelle-des-penitents\/","url":"http:\/\/ricom-web.com\/monfort\/en\/places\/chapelle-des-penitents\/","name":"Chapelle des P\u00e9nitents - Sur les pas de Monfort","isPartOf":{"@id":"http:\/\/ricom-web.com\/monfort\/#website"},"datePublished":"2017-02-20T16:35:35+00:00","dateModified":"2017-02-28T16:12:29+00:00","breadcrumb":{"@id":"http:\/\/ricom-web.com\/monfort\/en\/places\/chapelle-des-penitents\/#breadcrumb"},"inLanguage":"fr-FR","potentialAction":[{"@type":"ReadAction","target":["http:\/\/ricom-web.com\/monfort\/en\/places\/chapelle-des-penitents\/"]}]},{"@type":"BreadcrumbList","@id":"http:\/\/ricom-web.com\/monfort\/en\/places\/chapelle-des-penitents\/#breadcrumb","itemListElement":[{"@type":"ListItem","position":1,"name":"Accueil","item":"http:\/\/ricom-web.com\/monfort\/fr\/sur-les-pas-de-monfort\/"},{"@type":"ListItem","position":2,"name":"Places","item":"http:\/\/ricom-web.com\/monfort\/en\/places\/"},{"@type":"ListItem","position":3,"name":"Chapelle des P\u00e9nitents"}]},{"@type":"WebSite","@id":"http:\/\/ricom-web.com\/monfort\/#website","url":"http:\/\/ricom-web.com\/monfort\/","name":"Sur les pas de Monfort","description":"Parcours d\u00e9couverte, sur les pas de Montfort","potentialAction":[{"@type":"SearchAction","target":{"@type":"EntryPoint","urlTemplate":"http:\/\/ricom-web.com\/monfort\/?s={search_term_string}"},"query-input":{"@type":"PropertyValueSpecification","valueRequired":true,"valueName":"search_term_string"}}],"inLanguage":"fr-FR"}]}},"_links":{"self":[{"href":"http:\/\/ricom-web.com\/monfort\/wp-json\/wp\/v2\/pages\/103"}],"collection":[{"href":"http:\/\/ricom-web.com\/monfort\/wp-json\/wp\/v2\/pages"}],"about":[{"href":"http:\/\/ricom-web.com\/monfort\/wp-json\/wp\/v2\/types\/page"}],"author":[{"embeddable":true,"href":"http:\/\/ricom-web.com\/monfort\/wp-json\/wp\/v2\/users\/1"}],"replies":[{"embeddable":true,"href":"http:\/\/ricom-web.com\/monfort\/wp-json\/wp\/v2\/comments?post=103"}],"version-history":[{"count":2,"href":"http:\/\/ricom-web.com\/monfort\/wp-json\/wp\/v2\/pages\/103\/revisions"}],"predecessor-version":[{"id":335,"href":"http:\/\/ricom-web.com\/monfort\/wp-json\/wp\/v2\/pages\/103\/revisions\/335"}],"up":[{"embeddable":true,"href":"http:\/\/ricom-web.com\/monfort\/wp-json\/wp\/v2\/pages\/79"}],"wp:attachment":[{"href":"http:\/\/ricom-web.com\/monfort\/wp-json\/wp\/v2\/media?parent=103"}],"curies":[{"name":"wp","href":"https:\/\/api.w.org\/{rel}","templated":true}]}}