{"id":12,"date":"2017-02-20T15:15:20","date_gmt":"2017-02-20T14:15:20","guid":{"rendered":"http:\/\/ricom-web.com\/monfort\/?page_id=12"},"modified":"2017-03-06T11:28:56","modified_gmt":"2017-03-06T10:28:56","slug":"les-moulins-de-saint-laurent-sur-sevre","status":"publish","type":"page","link":"http:\/\/ricom-web.com\/monfort\/fr\/lieux\/les-moulins-de-saint-laurent-sur-sevre\/","title":{"rendered":"Les moulins de saint Laurent sur S\u00e8vre"},"content":{"rendered":"<p>Plassard, Encrevier, Bodet, Barbin, Chaussac&#8230; A Saint-Laurent-sur-S\u00e8vre,\u00a0on compte un moulin tous les 300 m\u00e8tres.<\/p>\n<p>La plupart est d\u00e9j\u00e0 b\u00e2tie au 14e si\u00e8cle puisque seul le moulin de la Sagesse\u00a0date du 19e. Gr\u00e2ce \u00e0 ces nombreuses constructions hydrauliques, le bourg\u00a0de Saint-Laurent ne tarde donc pas \u00e0 se d\u00e9velopper.<\/p>\n<p>L&rsquo;\u00e9loignement des grandes villes n&rsquo;est plus un frein. Foulonniers,\u00a0teinturiers, tisserands, cardeurs, amasseurs de guenilles, utilis\u00e9es\u00a0pour la p\u00e2te \u00e0 papier, et autres marchands de tissus savent qu&rsquo;avec\u00a0tous ces moulins, ils pourront trouver du travail \u00e0 Saint-Laurent !<\/p>\n<p>Au 19\u00e8me si\u00e8cle, toute l&rsquo;\u00e9conomie locale est en effervescence.\u00a0Tisserands et filandi\u00e8res se pressent pour finir leurs ouvrages.\u00a0Les muletiers vont et viennent, charg\u00e9s de ballots d&rsquo;\u00e9toffes ou de rames\u00a0de papier.<\/p>\n<p>Les menuisiers-amoulageurs se rendent de moulins en moulins pour r\u00e9gler\u00a0les probl\u00e8mes m\u00e9caniques&#8230;<\/p>\n<p>L&rsquo;exploitation de la S\u00e8vre Nantaise bat son plein.<\/p>\n<p>Certains moulins de Saint Laurent sur S\u00e8vre, comme celui de Bodet, sont exploit\u00e9s jusqu&rsquo;au\u00a020e si\u00e8cle.\u00a0Rachet\u00e9 en 1867, ce moulin est modifi\u00e9 pour devenir la blanchisserie\u00a0Saint-Joseph.<\/p>\n<p>On y pratique un blanchiment traditionnel, par succession de lessivage,\u00a0rin\u00e7age, d\u00e9parementage, d\u00e9bouillissage puis d&rsquo;exposition sur pr\u00e9.\u00a0Cette derni\u00e8re op\u00e9ration produit des toiles d&rsquo;un blanc azur\u00e9\u00a0tr\u00e8s recherch\u00e9.<\/p>\n<p>Malgr\u00e9 la qualit\u00e9, il faut faire face \u00e0 la concurrence. Saint-Joseph multiplie\u00a0les services : couleur, toucher, stabilisation des \u00e9toffes, aspect vieilli, ennoblissement&#8230;Les outils sont modernis\u00e9s : le tissage devient m\u00e9canique, des machines\u00a0\u00e0 vapeur et de hautes chemin\u00e9es font leur apparition.<\/p>\n<p>Tous les moyens sont mis en \u0153uvre pour am\u00e9liorer la production mais\u00a0le d\u00e9clin s&rsquo;amorce. Les ann\u00e9es 30 marquent la fin du blanchiment\u00a0traditionnel au profit du chlorage.<\/p>\n<p>L&rsquo;atelier de confection puis de tissage m\u00e9canique s&rsquo;arr\u00eate.<\/p>\n<p>L&rsquo;usine est reprise plusieurs fois mais cesse son activit\u00e9 en 2007.<\/p>\n<p>La vie active des moulins s&rsquo;arr\u00eate alors d\u00e9finitivement \u00e0 Saint-Laurent-sur-S\u00e8vre.<\/p>\n","protected":false},"excerpt":{"rendered":"<p>Plassard, Encrevier, Bodet, Barbin, Chaussac&#8230; A Saint-Laurent-sur-S\u00e8vre,\u00a0on compte un moulin tous les 300 m\u00e8tres. La plupart est d\u00e9j\u00e0 b\u00e2tie au 14e si\u00e8cle puisque seul le moulin de la Sagesse\u00a0date du 19e. Gr\u00e2ce \u00e0 ces nombreuses constructions hydrauliques, le bourg\u00a0de Saint-Laurent ne tarde donc pas \u00e0 se d\u00e9velopper. L&rsquo;\u00e9loignement des grandes villes n&rsquo;est plus un frein.<a class=\"moretag\" href=\"http:\/\/ricom-web.com\/monfort\/fr\/lieux\/les-moulins-de-saint-laurent-sur-sevre\/\"><span class=\"screen-reader-text\">En savoir plus surLes moulins de saint Laurent sur S\u00e8vre<\/span>[&#8230;]<\/a><\/p>\n","protected":false},"author":1,"featured_media":0,"parent":8,"menu_order":0,"comment_status":"closed","ping_status":"closed","template":"","meta":{"footnotes":""},"yoast_head":"<!-- This site is optimized with the Yoast SEO plugin v24.3 - https:\/\/yoast.com\/wordpress\/plugins\/seo\/ -->\n<title>Les moulins de saint Laurent sur S\u00e8vre - Sur les pas de Monfort<\/title>\n<meta name=\"description\" content=\"Les moulins de Saint-Laurent-sur-S\u00e8vre en Vend\u00e9e sont nombreux comme Plassard, Encrevier, Bodet, Barbin, Chaussac soit un moulin tous les 300 m\u00e8tres.\" \/>\n<meta name=\"robots\" content=\"noindex, follow, max-snippet:-1, max-image-preview:large, max-video-preview:-1\" \/>\n<meta property=\"og:locale\" content=\"fr_FR\" \/>\n<meta property=\"og:type\" content=\"article\" \/>\n<meta property=\"og:title\" content=\"Les moulins de saint Laurent sur S\u00e8vre - Sur les pas de Monfort\" \/>\n<meta property=\"og:description\" content=\"Les moulins de Saint-Laurent-sur-S\u00e8vre en Vend\u00e9e sont nombreux comme Plassard, Encrevier, Bodet, Barbin, Chaussac soit un moulin tous les 300 m\u00e8tres.\" \/>\n<meta property=\"og:url\" content=\"http:\/\/ricom-web.com\/monfort\/fr\/lieux\/les-moulins-de-saint-laurent-sur-sevre\/\" \/>\n<meta property=\"og:site_name\" content=\"Sur les pas de Monfort\" \/>\n<meta property=\"article:modified_time\" content=\"2017-03-06T10:28:56+00:00\" \/>\n<meta name=\"twitter:card\" content=\"summary_large_image\" \/>\n<meta name=\"twitter:label1\" content=\"Dur\u00e9e de lecture estim\u00e9e\" \/>\n\t<meta name=\"twitter:data1\" content=\"2 minutes\" \/>\n<script type=\"application\/ld+json\" class=\"yoast-schema-graph\">{\"@context\":\"https:\/\/schema.org\",\"@graph\":[{\"@type\":\"WebPage\",\"@id\":\"http:\/\/ricom-web.com\/monfort\/fr\/lieux\/les-moulins-de-saint-laurent-sur-sevre\/\",\"url\":\"http:\/\/ricom-web.com\/monfort\/fr\/lieux\/les-moulins-de-saint-laurent-sur-sevre\/\",\"name\":\"Les moulins de saint Laurent sur S\u00e8vre - Sur les pas de Monfort\",\"isPartOf\":{\"@id\":\"http:\/\/ricom-web.com\/monfort\/#website\"},\"datePublished\":\"2017-02-20T14:15:20+00:00\",\"dateModified\":\"2017-03-06T10:28:56+00:00\",\"description\":\"Les moulins de Saint-Laurent-sur-S\u00e8vre en Vend\u00e9e sont nombreux comme Plassard, Encrevier, Bodet, Barbin, Chaussac soit un moulin tous les 300 m\u00e8tres.\",\"breadcrumb\":{\"@id\":\"http:\/\/ricom-web.com\/monfort\/fr\/lieux\/les-moulins-de-saint-laurent-sur-sevre\/#breadcrumb\"},\"inLanguage\":\"fr-FR\",\"potentialAction\":[{\"@type\":\"ReadAction\",\"target\":[\"http:\/\/ricom-web.com\/monfort\/fr\/lieux\/les-moulins-de-saint-laurent-sur-sevre\/\"]}]},{\"@type\":\"BreadcrumbList\",\"@id\":\"http:\/\/ricom-web.com\/monfort\/fr\/lieux\/les-moulins-de-saint-laurent-sur-sevre\/#breadcrumb\",\"itemListElement\":[{\"@type\":\"ListItem\",\"position\":1,\"name\":\"Accueil\",\"item\":\"http:\/\/ricom-web.com\/monfort\/fr\/sur-les-pas-de-monfort\/\"},{\"@type\":\"ListItem\",\"position\":2,\"name\":\"Lieux\",\"item\":\"http:\/\/ricom-web.com\/monfort\/fr\/lieux\/\"},{\"@type\":\"ListItem\",\"position\":3,\"name\":\"Les moulins de saint Laurent sur S\u00e8vre\"}]},{\"@type\":\"WebSite\",\"@id\":\"http:\/\/ricom-web.com\/monfort\/#website\",\"url\":\"http:\/\/ricom-web.com\/monfort\/\",\"name\":\"Sur les pas de Monfort\",\"description\":\"Parcours d\u00e9couverte, sur les pas de Montfort\",\"potentialAction\":[{\"@type\":\"SearchAction\",\"target\":{\"@type\":\"EntryPoint\",\"urlTemplate\":\"http:\/\/ricom-web.com\/monfort\/?s={search_term_string}\"},\"query-input\":{\"@type\":\"PropertyValueSpecification\",\"valueRequired\":true,\"valueName\":\"search_term_string\"}}],\"inLanguage\":\"fr-FR\"}]}<\/script>\n<!-- \/ Yoast SEO plugin. -->","yoast_head_json":{"title":"Les moulins de saint Laurent sur S\u00e8vre - Sur les pas de Monfort","description":"Les moulins de Saint-Laurent-sur-S\u00e8vre en Vend\u00e9e sont nombreux comme Plassard, Encrevier, Bodet, Barbin, Chaussac soit un moulin tous les 300 m\u00e8tres.","robots":{"index":"noindex","follow":"follow","max-snippet":"max-snippet:-1","max-image-preview":"max-image-preview:large","max-video-preview":"max-video-preview:-1"},"og_locale":"fr_FR","og_type":"article","og_title":"Les moulins de saint Laurent sur S\u00e8vre - Sur les pas de Monfort","og_description":"Les moulins de Saint-Laurent-sur-S\u00e8vre en Vend\u00e9e sont nombreux comme Plassard, Encrevier, Bodet, Barbin, Chaussac soit un moulin tous les 300 m\u00e8tres.","og_url":"http:\/\/ricom-web.com\/monfort\/fr\/lieux\/les-moulins-de-saint-laurent-sur-sevre\/","og_site_name":"Sur les pas de Monfort","article_modified_time":"2017-03-06T10:28:56+00:00","twitter_card":"summary_large_image","twitter_misc":{"Dur\u00e9e de lecture estim\u00e9e":"2 minutes"},"schema":{"@context":"https:\/\/schema.org","@graph":[{"@type":"WebPage","@id":"http:\/\/ricom-web.com\/monfort\/fr\/lieux\/les-moulins-de-saint-laurent-sur-sevre\/","url":"http:\/\/ricom-web.com\/monfort\/fr\/lieux\/les-moulins-de-saint-laurent-sur-sevre\/","name":"Les moulins de saint Laurent sur S\u00e8vre - Sur les pas de Monfort","isPartOf":{"@id":"http:\/\/ricom-web.com\/monfort\/#website"},"datePublished":"2017-02-20T14:15:20+00:00","dateModified":"2017-03-06T10:28:56+00:00","description":"Les moulins de Saint-Laurent-sur-S\u00e8vre en Vend\u00e9e sont nombreux comme Plassard, Encrevier, Bodet, Barbin, Chaussac soit un moulin tous les 300 m\u00e8tres.","breadcrumb":{"@id":"http:\/\/ricom-web.com\/monfort\/fr\/lieux\/les-moulins-de-saint-laurent-sur-sevre\/#breadcrumb"},"inLanguage":"fr-FR","potentialAction":[{"@type":"ReadAction","target":["http:\/\/ricom-web.com\/monfort\/fr\/lieux\/les-moulins-de-saint-laurent-sur-sevre\/"]}]},{"@type":"BreadcrumbList","@id":"http:\/\/ricom-web.com\/monfort\/fr\/lieux\/les-moulins-de-saint-laurent-sur-sevre\/#breadcrumb","itemListElement":[{"@type":"ListItem","position":1,"name":"Accueil","item":"http:\/\/ricom-web.com\/monfort\/fr\/sur-les-pas-de-monfort\/"},{"@type":"ListItem","position":2,"name":"Lieux","item":"http:\/\/ricom-web.com\/monfort\/fr\/lieux\/"},{"@type":"ListItem","position":3,"name":"Les moulins de saint Laurent sur S\u00e8vre"}]},{"@type":"WebSite","@id":"http:\/\/ricom-web.com\/monfort\/#website","url":"http:\/\/ricom-web.com\/monfort\/","name":"Sur les pas de Monfort","description":"Parcours d\u00e9couverte, sur les pas de Montfort","potentialAction":[{"@type":"SearchAction","target":{"@type":"EntryPoint","urlTemplate":"http:\/\/ricom-web.com\/monfort\/?s={search_term_string}"},"query-input":{"@type":"PropertyValueSpecification","valueRequired":true,"valueName":"search_term_string"}}],"inLanguage":"fr-FR"}]}},"_links":{"self":[{"href":"http:\/\/ricom-web.com\/monfort\/wp-json\/wp\/v2\/pages\/12"}],"collection":[{"href":"http:\/\/ricom-web.com\/monfort\/wp-json\/wp\/v2\/pages"}],"about":[{"href":"http:\/\/ricom-web.com\/monfort\/wp-json\/wp\/v2\/types\/page"}],"author":[{"embeddable":true,"href":"http:\/\/ricom-web.com\/monfort\/wp-json\/wp\/v2\/users\/1"}],"replies":[{"embeddable":true,"href":"http:\/\/ricom-web.com\/monfort\/wp-json\/wp\/v2\/comments?post=12"}],"version-history":[{"count":8,"href":"http:\/\/ricom-web.com\/monfort\/wp-json\/wp\/v2\/pages\/12\/revisions"}],"predecessor-version":[{"id":396,"href":"http:\/\/ricom-web.com\/monfort\/wp-json\/wp\/v2\/pages\/12\/revisions\/396"}],"up":[{"embeddable":true,"href":"http:\/\/ricom-web.com\/monfort\/wp-json\/wp\/v2\/pages\/8"}],"wp:attachment":[{"href":"http:\/\/ricom-web.com\/monfort\/wp-json\/wp\/v2\/media?parent=12"}],"curies":[{"name":"wp","href":"https:\/\/api.w.org\/{rel}","templated":true}]}}