{"id":15,"date":"2017-02-20T15:16:37","date_gmt":"2017-02-20T14:16:37","guid":{"rendered":"http:\/\/ricom-web.com\/monfort\/?page_id=15"},"modified":"2017-03-06T11:26:14","modified_gmt":"2017-03-06T10:26:14","slug":"le-calvaire-symbole-montfortain","status":"publish","type":"page","link":"http:\/\/ricom-web.com\/monfort\/fr\/lieux\/le-calvaire-symbole-montfortain\/","title":{"rendered":"Le calvaire symbole montfortain"},"content":{"rendered":"<h2>Les outils missionnaires du P\u00e8re de Montfort<\/h2>\n<p>Entre 1701 et 1716, le P\u00e8re de Montfort pr\u00eache des missions dans l&rsquo;Ouest\u00a0de la France.<\/p>\n<p>Cet amoureux des croix va au devant des familles, dialogue avec les jeunes,\u00a0aide les d\u00e9munis&#8230; Il \u00e9crit m\u00eame des cantiques sur les airs des chansons\u00a0populaires pour aider les plus r\u00e9ticents \u00e0 se tourner vers Dieu.<\/p>\n<p>Il pr\u00eache, instruit, exorcise, confesse avec bont\u00e9 et simplicit\u00e9.\u00a0Lorsqu&rsquo;au d\u00e9tour d&rsquo;un chemin, il lui arrive de constater que les lieux\u00a0de cultes sont endommag\u00e9s, Montfort rassemble alors toutes les bonnes\u00a0volont\u00e9s et entreprend les travaux comme \u00e0 la chapelle de l&rsquo;Ile d&rsquo;Yeu,\u00a0\u00e0 l&rsquo;\u00e9glise de La Garnache ou celle de Sallertaine&#8230;<\/p>\n<p>Pour chaque mission, Montfort organise une procession au cours\u00a0de laquelle la population d\u00e9file, v\u00eatue de longues aubes, de capes,\u00a0brandissant banni\u00e8res et fanions. Ces moments de recueillement\u00a0pr\u00e9c\u00e8dent souvent un acte cher au pr\u00eatre : le renouvellement des v\u0153ux de bapt\u00eame.<\/p>\n<p>Au terme des ces c\u00e9l\u00e9brations, qui marquent souvent la fin de la mission,\u00a0Montfort invite les fid\u00e8les \u00e0 \u00e9riger une croix et parfois m\u00eame, un calvaire.<\/p>\n<p>Plus les croix sont grandes et visibles, plus le missionnaire est heureux !<\/p>\n<p>Voil\u00e0 qui explique <strong>le magnifique et monumental calvaire de Saint-Laurent<\/strong>,\u00a0m\u00eame s&rsquo;il n&rsquo;est pas le plus grand initi\u00e9 par Montfort.<\/p>\n<p>Celui de Pontch\u00e2teau, le plus remarquable, est situ\u00e9 sur l&rsquo;un des chemins\u00a0de Saint-Jacques de Compostelle. Sa construction d\u00e9bute en 1709 et dure\u00a015 mois !<\/p>\n<p>15 mois de dur labeur au terme desquels le roi Louis XIV ordonne de tout\u00a0d\u00e9truire la veille de sa b\u00e9n\u00e9diction. Un ordre que Montfort applique avec autant de ferveur que sa construction\u00a0!<\/p>\n<div>\n<p>Pourtant, apr\u00e8s plusieurs destructions et reconstructions, le calvaire est encore l\u00e0 ! Les fid\u00e8les se sont mobilis\u00e9s, l&rsquo;ont reconstruit et m\u00eame\u00a0agrandi&#8230; Inspirant au passage d&rsquo;autres constructions similaires comme\u00a0le calvaire de Challans.<\/p>\n<p>Aujourd&rsquo;hui, \u00e0 Pontch\u00e2teau, <strong>le site du calvaire compte un parc\u00a0de 14 hectares, une grotte, des fresques&#8230;<\/strong> et toujours ces croix\u00a0aux incroyables dimensions qui lui donnent ce c\u00f4t\u00e9 grandiose&#8230;<\/p>\n<\/div>\n","protected":false},"excerpt":{"rendered":"<p>Les outils missionnaires du P\u00e8re de Montfort Entre 1701 et 1716, le P\u00e8re de Montfort pr\u00eache des missions dans l&rsquo;Ouest\u00a0de la France. Cet amoureux des croix va au devant des familles, dialogue avec les jeunes,\u00a0aide les d\u00e9munis&#8230; Il \u00e9crit m\u00eame des cantiques sur les airs des chansons\u00a0populaires pour aider les plus r\u00e9ticents \u00e0 se tourner<a class=\"moretag\" href=\"http:\/\/ricom-web.com\/monfort\/fr\/lieux\/le-calvaire-symbole-montfortain\/\"><span class=\"screen-reader-text\">En savoir plus surLe calvaire symbole montfortain<\/span>[&#8230;]<\/a><\/p>\n","protected":false},"author":1,"featured_media":0,"parent":8,"menu_order":0,"comment_status":"closed","ping_status":"closed","template":"","meta":{"footnotes":""},"yoast_head":"<!-- This site is optimized with the Yoast SEO plugin v24.3 - https:\/\/yoast.com\/wordpress\/plugins\/seo\/ -->\n<title>Le calvaire symbole montfortain - Sur les pas de Monfort<\/title>\n<meta name=\"description\" content=\"Situ\u00e9 \u00e0 St Laurent sur S\u00e8vre, le site du calvaire du p\u00e8re de Monfort compte un parc de 14 hectares, une grotte, des fresques...\" \/>\n<meta name=\"robots\" content=\"noindex, follow, max-snippet:-1, max-image-preview:large, max-video-preview:-1\" \/>\n<meta property=\"og:locale\" content=\"fr_FR\" \/>\n<meta property=\"og:type\" content=\"article\" \/>\n<meta property=\"og:title\" content=\"Le calvaire symbole montfortain - Sur les pas de Monfort\" \/>\n<meta property=\"og:description\" content=\"Situ\u00e9 \u00e0 St Laurent sur S\u00e8vre, le site du calvaire du p\u00e8re de Monfort compte un parc de 14 hectares, une grotte, des fresques...\" \/>\n<meta property=\"og:url\" content=\"http:\/\/ricom-web.com\/monfort\/fr\/lieux\/le-calvaire-symbole-montfortain\/\" \/>\n<meta property=\"og:site_name\" content=\"Sur les pas de Monfort\" \/>\n<meta property=\"article:modified_time\" content=\"2017-03-06T10:26:14+00:00\" \/>\n<meta name=\"twitter:card\" content=\"summary_large_image\" \/>\n<meta name=\"twitter:label1\" content=\"Dur\u00e9e de lecture estim\u00e9e\" \/>\n\t<meta name=\"twitter:data1\" content=\"2 minutes\" \/>\n<script type=\"application\/ld+json\" class=\"yoast-schema-graph\">{\"@context\":\"https:\/\/schema.org\",\"@graph\":[{\"@type\":\"WebPage\",\"@id\":\"http:\/\/ricom-web.com\/monfort\/fr\/lieux\/le-calvaire-symbole-montfortain\/\",\"url\":\"http:\/\/ricom-web.com\/monfort\/fr\/lieux\/le-calvaire-symbole-montfortain\/\",\"name\":\"Le calvaire symbole montfortain - Sur les pas de Monfort\",\"isPartOf\":{\"@id\":\"http:\/\/ricom-web.com\/monfort\/#website\"},\"datePublished\":\"2017-02-20T14:16:37+00:00\",\"dateModified\":\"2017-03-06T10:26:14+00:00\",\"description\":\"Situ\u00e9 \u00e0 St Laurent sur S\u00e8vre, le site du calvaire du p\u00e8re de Monfort compte un parc de 14 hectares, une grotte, des fresques...\",\"breadcrumb\":{\"@id\":\"http:\/\/ricom-web.com\/monfort\/fr\/lieux\/le-calvaire-symbole-montfortain\/#breadcrumb\"},\"inLanguage\":\"fr-FR\",\"potentialAction\":[{\"@type\":\"ReadAction\",\"target\":[\"http:\/\/ricom-web.com\/monfort\/fr\/lieux\/le-calvaire-symbole-montfortain\/\"]}]},{\"@type\":\"BreadcrumbList\",\"@id\":\"http:\/\/ricom-web.com\/monfort\/fr\/lieux\/le-calvaire-symbole-montfortain\/#breadcrumb\",\"itemListElement\":[{\"@type\":\"ListItem\",\"position\":1,\"name\":\"Accueil\",\"item\":\"http:\/\/ricom-web.com\/monfort\/fr\/sur-les-pas-de-monfort\/\"},{\"@type\":\"ListItem\",\"position\":2,\"name\":\"Lieux\",\"item\":\"http:\/\/ricom-web.com\/monfort\/fr\/lieux\/\"},{\"@type\":\"ListItem\",\"position\":3,\"name\":\"Le calvaire symbole montfortain\"}]},{\"@type\":\"WebSite\",\"@id\":\"http:\/\/ricom-web.com\/monfort\/#website\",\"url\":\"http:\/\/ricom-web.com\/monfort\/\",\"name\":\"Sur les pas de Monfort\",\"description\":\"Parcours d\u00e9couverte, sur les pas de Montfort\",\"potentialAction\":[{\"@type\":\"SearchAction\",\"target\":{\"@type\":\"EntryPoint\",\"urlTemplate\":\"http:\/\/ricom-web.com\/monfort\/?s={search_term_string}\"},\"query-input\":{\"@type\":\"PropertyValueSpecification\",\"valueRequired\":true,\"valueName\":\"search_term_string\"}}],\"inLanguage\":\"fr-FR\"}]}<\/script>\n<!-- \/ Yoast SEO plugin. -->","yoast_head_json":{"title":"Le calvaire symbole montfortain - Sur les pas de Monfort","description":"Situ\u00e9 \u00e0 St Laurent sur S\u00e8vre, le site du calvaire du p\u00e8re de Monfort compte un parc de 14 hectares, une grotte, des fresques...","robots":{"index":"noindex","follow":"follow","max-snippet":"max-snippet:-1","max-image-preview":"max-image-preview:large","max-video-preview":"max-video-preview:-1"},"og_locale":"fr_FR","og_type":"article","og_title":"Le calvaire symbole montfortain - Sur les pas de Monfort","og_description":"Situ\u00e9 \u00e0 St Laurent sur S\u00e8vre, le site du calvaire du p\u00e8re de Monfort compte un parc de 14 hectares, une grotte, des fresques...","og_url":"http:\/\/ricom-web.com\/monfort\/fr\/lieux\/le-calvaire-symbole-montfortain\/","og_site_name":"Sur les pas de Monfort","article_modified_time":"2017-03-06T10:26:14+00:00","twitter_card":"summary_large_image","twitter_misc":{"Dur\u00e9e de lecture estim\u00e9e":"2 minutes"},"schema":{"@context":"https:\/\/schema.org","@graph":[{"@type":"WebPage","@id":"http:\/\/ricom-web.com\/monfort\/fr\/lieux\/le-calvaire-symbole-montfortain\/","url":"http:\/\/ricom-web.com\/monfort\/fr\/lieux\/le-calvaire-symbole-montfortain\/","name":"Le calvaire symbole montfortain - Sur les pas de Monfort","isPartOf":{"@id":"http:\/\/ricom-web.com\/monfort\/#website"},"datePublished":"2017-02-20T14:16:37+00:00","dateModified":"2017-03-06T10:26:14+00:00","description":"Situ\u00e9 \u00e0 St Laurent sur S\u00e8vre, le site du calvaire du p\u00e8re de Monfort compte un parc de 14 hectares, une grotte, des fresques...","breadcrumb":{"@id":"http:\/\/ricom-web.com\/monfort\/fr\/lieux\/le-calvaire-symbole-montfortain\/#breadcrumb"},"inLanguage":"fr-FR","potentialAction":[{"@type":"ReadAction","target":["http:\/\/ricom-web.com\/monfort\/fr\/lieux\/le-calvaire-symbole-montfortain\/"]}]},{"@type":"BreadcrumbList","@id":"http:\/\/ricom-web.com\/monfort\/fr\/lieux\/le-calvaire-symbole-montfortain\/#breadcrumb","itemListElement":[{"@type":"ListItem","position":1,"name":"Accueil","item":"http:\/\/ricom-web.com\/monfort\/fr\/sur-les-pas-de-monfort\/"},{"@type":"ListItem","position":2,"name":"Lieux","item":"http:\/\/ricom-web.com\/monfort\/fr\/lieux\/"},{"@type":"ListItem","position":3,"name":"Le calvaire symbole montfortain"}]},{"@type":"WebSite","@id":"http:\/\/ricom-web.com\/monfort\/#website","url":"http:\/\/ricom-web.com\/monfort\/","name":"Sur les pas de Monfort","description":"Parcours d\u00e9couverte, sur les pas de Montfort","potentialAction":[{"@type":"SearchAction","target":{"@type":"EntryPoint","urlTemplate":"http:\/\/ricom-web.com\/monfort\/?s={search_term_string}"},"query-input":{"@type":"PropertyValueSpecification","valueRequired":true,"valueName":"search_term_string"}}],"inLanguage":"fr-FR"}]}},"_links":{"self":[{"href":"http:\/\/ricom-web.com\/monfort\/wp-json\/wp\/v2\/pages\/15"}],"collection":[{"href":"http:\/\/ricom-web.com\/monfort\/wp-json\/wp\/v2\/pages"}],"about":[{"href":"http:\/\/ricom-web.com\/monfort\/wp-json\/wp\/v2\/types\/page"}],"author":[{"embeddable":true,"href":"http:\/\/ricom-web.com\/monfort\/wp-json\/wp\/v2\/users\/1"}],"replies":[{"embeddable":true,"href":"http:\/\/ricom-web.com\/monfort\/wp-json\/wp\/v2\/comments?post=15"}],"version-history":[{"count":5,"href":"http:\/\/ricom-web.com\/monfort\/wp-json\/wp\/v2\/pages\/15\/revisions"}],"predecessor-version":[{"id":394,"href":"http:\/\/ricom-web.com\/monfort\/wp-json\/wp\/v2\/pages\/15\/revisions\/394"}],"up":[{"embeddable":true,"href":"http:\/\/ricom-web.com\/monfort\/wp-json\/wp\/v2\/pages\/8"}],"wp:attachment":[{"href":"http:\/\/ricom-web.com\/monfort\/wp-json\/wp\/v2\/media?parent=15"}],"curies":[{"name":"wp","href":"https:\/\/api.w.org\/{rel}","templated":true}]}}