{"id":21,"date":"2017-02-20T15:18:41","date_gmt":"2017-02-20T14:18:41","guid":{"rendered":"http:\/\/ricom-web.com\/monfort\/?page_id=21"},"modified":"2017-03-06T10:50:41","modified_gmt":"2017-03-06T09:50:41","slug":"basilique-saint-louis-marie-grignon-de-montfort","status":"publish","type":"page","link":"http:\/\/ricom-web.com\/monfort\/fr\/lieux\/basilique-saint-louis-marie-grignon-de-montfort\/","title":{"rendered":"Basilique Saint Louis Marie Grignon de Montfort"},"content":{"rendered":"<p><strong>Avant cette Basilique, l&rsquo;\u00e9glise romane Saint-Laurent se dressait au m\u00eame\u00a0endroit.<\/strong> Construite vers le milieu du 11e si\u00e8cle, c&rsquo;\u00e9tait un \u00e9difice \u00e9troit,\u00a0sombre et humide.<\/p>\n<p>En 1888, l&rsquo;ancienne \u00e9glise est d\u00e9truite pour \u00eatre remplac\u00e9e par une\u00a0nouvelle, plus vaste, pour permettre l&rsquo;accueil des p\u00e8lerins <strong>aupr\u00e8s\u00a0du tombeau du P\u00e8re de Montfor<\/strong>t, proclam\u00e9 Bienheureux par le Pape L\u00e9on\u00a0XIII cette m\u00eame ann\u00e9e et qui sera canonis\u00e9 par le Pape Pie XII en 1947.<\/p>\n<p>En 1892, la crypte, l&rsquo;abside, le transept et le clocher sont termin\u00e9s.<\/p>\n<p>La deuxi\u00e8me phase de travaux d\u00e9bute le 22 janvier 1938 et dure\u00a0jusqu&rsquo;en 1949. L&rsquo;\u00e9glise est consacr\u00e9e en 1963 puis \u00e9lev\u00e9e au rang\u00a0de Basilique mineure par le Pape Jean XXIII.<\/p>\n","protected":false},"excerpt":{"rendered":"<p>Avant cette Basilique, l&rsquo;\u00e9glise romane Saint-Laurent se dressait au m\u00eame\u00a0endroit. Construite vers le milieu du 11e si\u00e8cle, c&rsquo;\u00e9tait un \u00e9difice \u00e9troit,\u00a0sombre et humide. En 1888, l&rsquo;ancienne \u00e9glise est d\u00e9truite pour \u00eatre remplac\u00e9e par une\u00a0nouvelle, plus vaste, pour permettre l&rsquo;accueil des p\u00e8lerins aupr\u00e8s\u00a0du tombeau du P\u00e8re de Montfort, proclam\u00e9 Bienheureux par le Pape L\u00e9on\u00a0XIII cette m\u00eame<a class=\"moretag\" href=\"http:\/\/ricom-web.com\/monfort\/fr\/lieux\/basilique-saint-louis-marie-grignon-de-montfort\/\"><span class=\"screen-reader-text\">En savoir plus surBasilique Saint Louis Marie Grignon de Montfort<\/span>[&#8230;]<\/a><\/p>\n","protected":false},"author":1,"featured_media":0,"parent":8,"menu_order":0,"comment_status":"closed","ping_status":"closed","template":"","meta":{"footnotes":""},"yoast_head":"<!-- This site is optimized with the Yoast SEO plugin v24.3 - https:\/\/yoast.com\/wordpress\/plugins\/seo\/ -->\n<title>Basilique Saint Louis Marie Grignon de Montfort - Sur les pas de Monfort<\/title>\n<meta name=\"description\" content=\"Consruite au 11e si\u00e8cle, La basilique Saint Louis Marie Grignon de Montfort \u00e0 St Laurent a accueillit les p\u00e9lerins pr\u00e8s du tombeau du P\u00e8re Montfort\" \/>\n<meta name=\"robots\" content=\"noindex, follow, max-snippet:-1, max-image-preview:large, max-video-preview:-1\" \/>\n<meta property=\"og:locale\" content=\"fr_FR\" \/>\n<meta property=\"og:type\" content=\"article\" \/>\n<meta property=\"og:title\" content=\"Basilique Saint Louis Marie Grignon de Montfort - Sur les pas de Monfort\" \/>\n<meta property=\"og:description\" content=\"Consruite au 11e si\u00e8cle, La basilique Saint Louis Marie Grignon de Montfort \u00e0 St Laurent a accueillit les p\u00e9lerins pr\u00e8s du tombeau du P\u00e8re Montfort\" \/>\n<meta property=\"og:url\" content=\"http:\/\/ricom-web.com\/monfort\/fr\/lieux\/basilique-saint-louis-marie-grignon-de-montfort\/\" \/>\n<meta property=\"og:site_name\" content=\"Sur les pas de Monfort\" \/>\n<meta property=\"article:modified_time\" content=\"2017-03-06T09:50:41+00:00\" \/>\n<meta name=\"twitter:card\" content=\"summary_large_image\" \/>\n<meta name=\"twitter:label1\" content=\"Dur\u00e9e de lecture estim\u00e9e\" \/>\n\t<meta name=\"twitter:data1\" content=\"1 minute\" \/>\n<script type=\"application\/ld+json\" class=\"yoast-schema-graph\">{\"@context\":\"https:\/\/schema.org\",\"@graph\":[{\"@type\":\"WebPage\",\"@id\":\"http:\/\/ricom-web.com\/monfort\/fr\/lieux\/basilique-saint-louis-marie-grignon-de-montfort\/\",\"url\":\"http:\/\/ricom-web.com\/monfort\/fr\/lieux\/basilique-saint-louis-marie-grignon-de-montfort\/\",\"name\":\"Basilique Saint Louis Marie Grignon de Montfort - Sur les pas de Monfort\",\"isPartOf\":{\"@id\":\"http:\/\/ricom-web.com\/monfort\/#website\"},\"datePublished\":\"2017-02-20T14:18:41+00:00\",\"dateModified\":\"2017-03-06T09:50:41+00:00\",\"description\":\"Consruite au 11e si\u00e8cle, La basilique Saint Louis Marie Grignon de Montfort \u00e0 St Laurent a accueillit les p\u00e9lerins pr\u00e8s du tombeau du P\u00e8re Montfort\",\"breadcrumb\":{\"@id\":\"http:\/\/ricom-web.com\/monfort\/fr\/lieux\/basilique-saint-louis-marie-grignon-de-montfort\/#breadcrumb\"},\"inLanguage\":\"fr-FR\",\"potentialAction\":[{\"@type\":\"ReadAction\",\"target\":[\"http:\/\/ricom-web.com\/monfort\/fr\/lieux\/basilique-saint-louis-marie-grignon-de-montfort\/\"]}]},{\"@type\":\"BreadcrumbList\",\"@id\":\"http:\/\/ricom-web.com\/monfort\/fr\/lieux\/basilique-saint-louis-marie-grignon-de-montfort\/#breadcrumb\",\"itemListElement\":[{\"@type\":\"ListItem\",\"position\":1,\"name\":\"Accueil\",\"item\":\"http:\/\/ricom-web.com\/monfort\/fr\/sur-les-pas-de-monfort\/\"},{\"@type\":\"ListItem\",\"position\":2,\"name\":\"Lieux\",\"item\":\"http:\/\/ricom-web.com\/monfort\/fr\/lieux\/\"},{\"@type\":\"ListItem\",\"position\":3,\"name\":\"Basilique Saint Louis Marie Grignon de Montfort\"}]},{\"@type\":\"WebSite\",\"@id\":\"http:\/\/ricom-web.com\/monfort\/#website\",\"url\":\"http:\/\/ricom-web.com\/monfort\/\",\"name\":\"Sur les pas de Monfort\",\"description\":\"Parcours d\u00e9couverte, sur les pas de Montfort\",\"potentialAction\":[{\"@type\":\"SearchAction\",\"target\":{\"@type\":\"EntryPoint\",\"urlTemplate\":\"http:\/\/ricom-web.com\/monfort\/?s={search_term_string}\"},\"query-input\":{\"@type\":\"PropertyValueSpecification\",\"valueRequired\":true,\"valueName\":\"search_term_string\"}}],\"inLanguage\":\"fr-FR\"}]}<\/script>\n<!-- \/ Yoast SEO plugin. -->","yoast_head_json":{"title":"Basilique Saint Louis Marie Grignon de Montfort - Sur les pas de Monfort","description":"Consruite au 11e si\u00e8cle, La basilique Saint Louis Marie Grignon de Montfort \u00e0 St Laurent a accueillit les p\u00e9lerins pr\u00e8s du tombeau du P\u00e8re Montfort","robots":{"index":"noindex","follow":"follow","max-snippet":"max-snippet:-1","max-image-preview":"max-image-preview:large","max-video-preview":"max-video-preview:-1"},"og_locale":"fr_FR","og_type":"article","og_title":"Basilique Saint Louis Marie Grignon de Montfort - Sur les pas de Monfort","og_description":"Consruite au 11e si\u00e8cle, La basilique Saint Louis Marie Grignon de Montfort \u00e0 St Laurent a accueillit les p\u00e9lerins pr\u00e8s du tombeau du P\u00e8re Montfort","og_url":"http:\/\/ricom-web.com\/monfort\/fr\/lieux\/basilique-saint-louis-marie-grignon-de-montfort\/","og_site_name":"Sur les pas de Monfort","article_modified_time":"2017-03-06T09:50:41+00:00","twitter_card":"summary_large_image","twitter_misc":{"Dur\u00e9e de lecture estim\u00e9e":"1 minute"},"schema":{"@context":"https:\/\/schema.org","@graph":[{"@type":"WebPage","@id":"http:\/\/ricom-web.com\/monfort\/fr\/lieux\/basilique-saint-louis-marie-grignon-de-montfort\/","url":"http:\/\/ricom-web.com\/monfort\/fr\/lieux\/basilique-saint-louis-marie-grignon-de-montfort\/","name":"Basilique Saint Louis Marie Grignon de Montfort - Sur les pas de Monfort","isPartOf":{"@id":"http:\/\/ricom-web.com\/monfort\/#website"},"datePublished":"2017-02-20T14:18:41+00:00","dateModified":"2017-03-06T09:50:41+00:00","description":"Consruite au 11e si\u00e8cle, La basilique Saint Louis Marie Grignon de Montfort \u00e0 St Laurent a accueillit les p\u00e9lerins pr\u00e8s du tombeau du P\u00e8re Montfort","breadcrumb":{"@id":"http:\/\/ricom-web.com\/monfort\/fr\/lieux\/basilique-saint-louis-marie-grignon-de-montfort\/#breadcrumb"},"inLanguage":"fr-FR","potentialAction":[{"@type":"ReadAction","target":["http:\/\/ricom-web.com\/monfort\/fr\/lieux\/basilique-saint-louis-marie-grignon-de-montfort\/"]}]},{"@type":"BreadcrumbList","@id":"http:\/\/ricom-web.com\/monfort\/fr\/lieux\/basilique-saint-louis-marie-grignon-de-montfort\/#breadcrumb","itemListElement":[{"@type":"ListItem","position":1,"name":"Accueil","item":"http:\/\/ricom-web.com\/monfort\/fr\/sur-les-pas-de-monfort\/"},{"@type":"ListItem","position":2,"name":"Lieux","item":"http:\/\/ricom-web.com\/monfort\/fr\/lieux\/"},{"@type":"ListItem","position":3,"name":"Basilique Saint Louis Marie Grignon de Montfort"}]},{"@type":"WebSite","@id":"http:\/\/ricom-web.com\/monfort\/#website","url":"http:\/\/ricom-web.com\/monfort\/","name":"Sur les pas de Monfort","description":"Parcours d\u00e9couverte, sur les pas de Montfort","potentialAction":[{"@type":"SearchAction","target":{"@type":"EntryPoint","urlTemplate":"http:\/\/ricom-web.com\/monfort\/?s={search_term_string}"},"query-input":{"@type":"PropertyValueSpecification","valueRequired":true,"valueName":"search_term_string"}}],"inLanguage":"fr-FR"}]}},"_links":{"self":[{"href":"http:\/\/ricom-web.com\/monfort\/wp-json\/wp\/v2\/pages\/21"}],"collection":[{"href":"http:\/\/ricom-web.com\/monfort\/wp-json\/wp\/v2\/pages"}],"about":[{"href":"http:\/\/ricom-web.com\/monfort\/wp-json\/wp\/v2\/types\/page"}],"author":[{"embeddable":true,"href":"http:\/\/ricom-web.com\/monfort\/wp-json\/wp\/v2\/users\/1"}],"replies":[{"embeddable":true,"href":"http:\/\/ricom-web.com\/monfort\/wp-json\/wp\/v2\/comments?post=21"}],"version-history":[{"count":6,"href":"http:\/\/ricom-web.com\/monfort\/wp-json\/wp\/v2\/pages\/21\/revisions"}],"predecessor-version":[{"id":387,"href":"http:\/\/ricom-web.com\/monfort\/wp-json\/wp\/v2\/pages\/21\/revisions\/387"}],"up":[{"embeddable":true,"href":"http:\/\/ricom-web.com\/monfort\/wp-json\/wp\/v2\/pages\/8"}],"wp:attachment":[{"href":"http:\/\/ricom-web.com\/monfort\/wp-json\/wp\/v2\/media?parent=21"}],"curies":[{"name":"wp","href":"https:\/\/api.w.org\/{rel}","templated":true}]}}