{"id":23,"date":"2017-02-20T15:19:02","date_gmt":"2017-02-20T14:19:02","guid":{"rendered":"http:\/\/ricom-web.com\/monfort\/?page_id=23"},"modified":"2017-03-06T11:13:53","modified_gmt":"2017-03-06T10:13:53","slug":"la-chapelle-de-la-sagesse","status":"publish","type":"page","link":"http:\/\/ricom-web.com\/monfort\/fr\/lieux\/la-chapelle-de-la-sagesse\/","title":{"rendered":"La chapelle de la sagesse"},"content":{"rendered":"<p>En 1701, le P\u00e8re de Montfort songe \u00e0 fonder une congr\u00e9gation\u00a0de religieuses.<\/p>\n<p>La m\u00eame ann\u00e9e, il fait une rencontre d\u00e9terminante.\u00a0Celle de Marie-Louise Trichet.<\/p>\n<p>Deux ans plus tard, en 1703, elle devient la premi\u00e8re Fille de la Sagesse\u00a0et prend le nom de Marie-Louise de J\u00e9sus.<\/p>\n<p>Apr\u00e8s la mort du P\u00e8re de Montfort, Marie-Louise vient \u00e0 Saint-Laurent-sur-S\u00e8vre o\u00f9 elle installe la Maison M\u00e8re de la Sagesse en 1720.<\/p>\n<p>Jusqu&rsquo;\u00e0 la construction de l&rsquo;actuel \u00e9difice, les Soeurs se recueillent\u00a0dans une petite chapelle b\u00e2tie en 1782, la chapelle des Fondateurs.<\/p>\n<p>Les travaux de la nouvelle chapelle s&rsquo;\u00e9tendent de 1860 \u00e0 1869.\u00a0Le monument, con\u00e7u par les architectes nantais Faucheur et Boismen,\u00a0est consacr\u00e9 \u00e0 J\u00e9sus, Sagesse \u00e9ternelle, en 1888.<\/p>\n<p>D&rsquo;une d\u00e9licate \u00e9l\u00e9gance \u00e0 l&rsquo;ext\u00e9rieur, la chapelle abrite de nombreux\u00a0joyaux comme ses vitraux flamboyants, sa chaire au riche programme\u00a0iconographique et son ch\u0153ur ferm\u00e9 par une table de communion sculpt\u00e9e\u00a0avec finesse.<\/p>\n","protected":false},"excerpt":{"rendered":"<p>En 1701, le P\u00e8re de Montfort songe \u00e0 fonder une congr\u00e9gation\u00a0de religieuses. La m\u00eame ann\u00e9e, il fait une rencontre d\u00e9terminante.\u00a0Celle de Marie-Louise Trichet. Deux ans plus tard, en 1703, elle devient la premi\u00e8re Fille de la Sagesse\u00a0et prend le nom de Marie-Louise de J\u00e9sus. Apr\u00e8s la mort du P\u00e8re de Montfort, Marie-Louise vient \u00e0 Saint-Laurent-sur-S\u00e8vre<a class=\"moretag\" href=\"http:\/\/ricom-web.com\/monfort\/fr\/lieux\/la-chapelle-de-la-sagesse\/\"><span class=\"screen-reader-text\">En savoir plus surLa chapelle de la sagesse<\/span>[&#8230;]<\/a><\/p>\n","protected":false},"author":1,"featured_media":0,"parent":8,"menu_order":0,"comment_status":"closed","ping_status":"closed","template":"","meta":{"footnotes":""},"yoast_head":"<!-- This site is optimized with the Yoast SEO plugin v24.3 - https:\/\/yoast.com\/wordpress\/plugins\/seo\/ -->\n<title>La chapelle de la sagesse - Sur les pas de Monfort<\/title>\n<meta name=\"description\" content=\"La chapelle de la Sagesse est construite \u00e0 St Laurent en 1720 apr\u00e8s la mort du P\u00e8re de Montfort. La chapelle de la sagesse abrite joyaux,vitraux,sculpture\" \/>\n<meta name=\"robots\" content=\"noindex, follow, max-snippet:-1, max-image-preview:large, max-video-preview:-1\" \/>\n<meta property=\"og:locale\" content=\"fr_FR\" \/>\n<meta property=\"og:type\" content=\"article\" \/>\n<meta property=\"og:title\" content=\"La chapelle de la sagesse - Sur les pas de Monfort\" \/>\n<meta property=\"og:description\" content=\"La chapelle de la Sagesse est construite \u00e0 St Laurent en 1720 apr\u00e8s la mort du P\u00e8re de Montfort. La chapelle de la sagesse abrite joyaux,vitraux,sculpture\" \/>\n<meta property=\"og:url\" content=\"http:\/\/ricom-web.com\/monfort\/fr\/lieux\/la-chapelle-de-la-sagesse\/\" \/>\n<meta property=\"og:site_name\" content=\"Sur les pas de Monfort\" \/>\n<meta property=\"article:modified_time\" content=\"2017-03-06T10:13:53+00:00\" \/>\n<meta name=\"twitter:card\" content=\"summary_large_image\" \/>\n<meta name=\"twitter:label1\" content=\"Dur\u00e9e de lecture estim\u00e9e\" \/>\n\t<meta name=\"twitter:data1\" content=\"1 minute\" \/>\n<script type=\"application\/ld+json\" class=\"yoast-schema-graph\">{\"@context\":\"https:\/\/schema.org\",\"@graph\":[{\"@type\":\"WebPage\",\"@id\":\"http:\/\/ricom-web.com\/monfort\/fr\/lieux\/la-chapelle-de-la-sagesse\/\",\"url\":\"http:\/\/ricom-web.com\/monfort\/fr\/lieux\/la-chapelle-de-la-sagesse\/\",\"name\":\"La chapelle de la sagesse - Sur les pas de Monfort\",\"isPartOf\":{\"@id\":\"http:\/\/ricom-web.com\/monfort\/#website\"},\"datePublished\":\"2017-02-20T14:19:02+00:00\",\"dateModified\":\"2017-03-06T10:13:53+00:00\",\"description\":\"La chapelle de la Sagesse est construite \u00e0 St Laurent en 1720 apr\u00e8s la mort du P\u00e8re de Montfort. La chapelle de la sagesse abrite joyaux,vitraux,sculpture\",\"breadcrumb\":{\"@id\":\"http:\/\/ricom-web.com\/monfort\/fr\/lieux\/la-chapelle-de-la-sagesse\/#breadcrumb\"},\"inLanguage\":\"fr-FR\",\"potentialAction\":[{\"@type\":\"ReadAction\",\"target\":[\"http:\/\/ricom-web.com\/monfort\/fr\/lieux\/la-chapelle-de-la-sagesse\/\"]}]},{\"@type\":\"BreadcrumbList\",\"@id\":\"http:\/\/ricom-web.com\/monfort\/fr\/lieux\/la-chapelle-de-la-sagesse\/#breadcrumb\",\"itemListElement\":[{\"@type\":\"ListItem\",\"position\":1,\"name\":\"Accueil\",\"item\":\"http:\/\/ricom-web.com\/monfort\/fr\/sur-les-pas-de-monfort\/\"},{\"@type\":\"ListItem\",\"position\":2,\"name\":\"Lieux\",\"item\":\"http:\/\/ricom-web.com\/monfort\/fr\/lieux\/\"},{\"@type\":\"ListItem\",\"position\":3,\"name\":\"La chapelle de la sagesse\"}]},{\"@type\":\"WebSite\",\"@id\":\"http:\/\/ricom-web.com\/monfort\/#website\",\"url\":\"http:\/\/ricom-web.com\/monfort\/\",\"name\":\"Sur les pas de Monfort\",\"description\":\"Parcours d\u00e9couverte, sur les pas de Montfort\",\"potentialAction\":[{\"@type\":\"SearchAction\",\"target\":{\"@type\":\"EntryPoint\",\"urlTemplate\":\"http:\/\/ricom-web.com\/monfort\/?s={search_term_string}\"},\"query-input\":{\"@type\":\"PropertyValueSpecification\",\"valueRequired\":true,\"valueName\":\"search_term_string\"}}],\"inLanguage\":\"fr-FR\"}]}<\/script>\n<!-- \/ Yoast SEO plugin. -->","yoast_head_json":{"title":"La chapelle de la sagesse - Sur les pas de Monfort","description":"La chapelle de la Sagesse est construite \u00e0 St Laurent en 1720 apr\u00e8s la mort du P\u00e8re de Montfort. La chapelle de la sagesse abrite joyaux,vitraux,sculpture","robots":{"index":"noindex","follow":"follow","max-snippet":"max-snippet:-1","max-image-preview":"max-image-preview:large","max-video-preview":"max-video-preview:-1"},"og_locale":"fr_FR","og_type":"article","og_title":"La chapelle de la sagesse - Sur les pas de Monfort","og_description":"La chapelle de la Sagesse est construite \u00e0 St Laurent en 1720 apr\u00e8s la mort du P\u00e8re de Montfort. La chapelle de la sagesse abrite joyaux,vitraux,sculpture","og_url":"http:\/\/ricom-web.com\/monfort\/fr\/lieux\/la-chapelle-de-la-sagesse\/","og_site_name":"Sur les pas de Monfort","article_modified_time":"2017-03-06T10:13:53+00:00","twitter_card":"summary_large_image","twitter_misc":{"Dur\u00e9e de lecture estim\u00e9e":"1 minute"},"schema":{"@context":"https:\/\/schema.org","@graph":[{"@type":"WebPage","@id":"http:\/\/ricom-web.com\/monfort\/fr\/lieux\/la-chapelle-de-la-sagesse\/","url":"http:\/\/ricom-web.com\/monfort\/fr\/lieux\/la-chapelle-de-la-sagesse\/","name":"La chapelle de la sagesse - Sur les pas de Monfort","isPartOf":{"@id":"http:\/\/ricom-web.com\/monfort\/#website"},"datePublished":"2017-02-20T14:19:02+00:00","dateModified":"2017-03-06T10:13:53+00:00","description":"La chapelle de la Sagesse est construite \u00e0 St Laurent en 1720 apr\u00e8s la mort du P\u00e8re de Montfort. La chapelle de la sagesse abrite joyaux,vitraux,sculpture","breadcrumb":{"@id":"http:\/\/ricom-web.com\/monfort\/fr\/lieux\/la-chapelle-de-la-sagesse\/#breadcrumb"},"inLanguage":"fr-FR","potentialAction":[{"@type":"ReadAction","target":["http:\/\/ricom-web.com\/monfort\/fr\/lieux\/la-chapelle-de-la-sagesse\/"]}]},{"@type":"BreadcrumbList","@id":"http:\/\/ricom-web.com\/monfort\/fr\/lieux\/la-chapelle-de-la-sagesse\/#breadcrumb","itemListElement":[{"@type":"ListItem","position":1,"name":"Accueil","item":"http:\/\/ricom-web.com\/monfort\/fr\/sur-les-pas-de-monfort\/"},{"@type":"ListItem","position":2,"name":"Lieux","item":"http:\/\/ricom-web.com\/monfort\/fr\/lieux\/"},{"@type":"ListItem","position":3,"name":"La chapelle de la sagesse"}]},{"@type":"WebSite","@id":"http:\/\/ricom-web.com\/monfort\/#website","url":"http:\/\/ricom-web.com\/monfort\/","name":"Sur les pas de Monfort","description":"Parcours d\u00e9couverte, sur les pas de Montfort","potentialAction":[{"@type":"SearchAction","target":{"@type":"EntryPoint","urlTemplate":"http:\/\/ricom-web.com\/monfort\/?s={search_term_string}"},"query-input":{"@type":"PropertyValueSpecification","valueRequired":true,"valueName":"search_term_string"}}],"inLanguage":"fr-FR"}]}},"_links":{"self":[{"href":"http:\/\/ricom-web.com\/monfort\/wp-json\/wp\/v2\/pages\/23"}],"collection":[{"href":"http:\/\/ricom-web.com\/monfort\/wp-json\/wp\/v2\/pages"}],"about":[{"href":"http:\/\/ricom-web.com\/monfort\/wp-json\/wp\/v2\/types\/page"}],"author":[{"embeddable":true,"href":"http:\/\/ricom-web.com\/monfort\/wp-json\/wp\/v2\/users\/1"}],"replies":[{"embeddable":true,"href":"http:\/\/ricom-web.com\/monfort\/wp-json\/wp\/v2\/comments?post=23"}],"version-history":[{"count":6,"href":"http:\/\/ricom-web.com\/monfort\/wp-json\/wp\/v2\/pages\/23\/revisions"}],"predecessor-version":[{"id":393,"href":"http:\/\/ricom-web.com\/monfort\/wp-json\/wp\/v2\/pages\/23\/revisions\/393"}],"up":[{"embeddable":true,"href":"http:\/\/ricom-web.com\/monfort\/wp-json\/wp\/v2\/pages\/8"}],"wp:attachment":[{"href":"http:\/\/ricom-web.com\/monfort\/wp-json\/wp\/v2\/media?parent=23"}],"curies":[{"name":"wp","href":"https:\/\/api.w.org\/{rel}","templated":true}]}}