{"id":25,"date":"2017-02-20T15:19:33","date_gmt":"2017-02-20T14:19:33","guid":{"rendered":"http:\/\/ricom-web.com\/monfort\/?page_id=25"},"modified":"2017-03-06T11:54:26","modified_gmt":"2017-03-06T10:54:26","slug":"maison-mere-des-filles-de-la-sagesse","status":"publish","type":"page","link":"http:\/\/ricom-web.com\/monfort\/fr\/lieux\/maison-mere-des-filles-de-la-sagesse\/","title":{"rendered":"Maison M\u00e8re des filles de la Sagesse"},"content":{"rendered":"<p><strong>Co-fond\u00e9e en 1703, par le P\u00e8re de Montfort et Marie-Louise de J\u00e9sus\u00a0\u00e0 Poitiers, la congr\u00e9gation des Filles de la Sagesse est autoris\u00e9e \u00e0 installer\u00a0sa Maison M\u00e8re \u00e0 Saint-Laurent-sur-S\u00e8vre en 1720.<\/strong><\/p>\n<p>C&rsquo;est \u00e0 partir de ce village, o\u00f9 Montfort est d\u00e9c\u00e9d\u00e9 4 ans plus t\u00f4t,\u00a0le 28 avril 1716, que les Filles de la Sagesse, et \u00e0 leur suite, toute la famille\u00a0montfortaine vont d\u00e9velopper et faire conna\u00eetre l&rsquo;\u0153uvre de leur Fondateur.<\/p>\n<p>D&rsquo;abord install\u00e9es dans le Logis Vion, appel\u00e9 plus tard \u00ab Maison Longue \u00bb,\u00a0les Filles de la Sagesse se retrouvent vite \u00e0 l&rsquo;\u00e9troit. En 1723,\u00a0elles s&rsquo;entendent avec les missionnaires montfortains pour \u00e9changer\u00a0leurs propri\u00e9t\u00e9s.<\/p>\n<p>C&rsquo;est ainsi que les missionnaires s&rsquo;\u00e9tablissent dans ce logis alors\u00a0que les Filles de la Sagesse d\u00e9m\u00e9nagent dans le b\u00e2timent du Ch\u00eane Vert.<\/p>\n<p>Depuis lors, malgr\u00e9 les d\u00e9buts difficiles, les crises travers\u00e9es,\u00a0les pers\u00e9cutions subies, les Filles de la Sagesse sont rest\u00e9es fid\u00e8les\u00a0\u00e0 Saint-Laurent-sur-S\u00e8vre.<\/p>\n<p>Alors que le Ch\u00eane Vert abrite aujourd&rsquo;hui les lieux m\u00e9moire des Filles\u00a0de la Sagesse, la Maison M\u00e8re est devenue un lieu de formation,\u00a0de discussion, de ressourcement et d&rsquo;amiti\u00e9, ouvert aux Filles\u00a0de la Sagesse, \u00e0 toute la famille montfortaine et \u00e0 tous ceux qui\u00a0s&rsquo;y int\u00e9ressent.<\/p>\n<p>Des Filles de la Sagesse viennent du monde entier pour mieux conna\u00eetre\u00a0leur pass\u00e9. Les Soeurs \u00e2g\u00e9es ou malades peuvent s&rsquo;y reposer ou habiter\u00a0au sein de la maison de retraite.<\/p>\n<p>Avec pr\u00e8s de 300 ans d&rsquo;existence, la Maison M\u00e8re est devenue un lieu\u00a0embl\u00e9matique autant qu&rsquo;indispensable pour faire m\u00e9moire, rappeler\u00a0la fid\u00e9lit\u00e9 de toute la congr\u00e9gation \u00e0 ses Fondateurs et \u00e0 la ville\u00a0de Saint-Laurent-sur-S\u00e8vre.<\/p>\n","protected":false},"excerpt":{"rendered":"<p>Co-fond\u00e9e en 1703, par le P\u00e8re de Montfort et Marie-Louise de J\u00e9sus\u00a0\u00e0 Poitiers, la congr\u00e9gation des Filles de la Sagesse est autoris\u00e9e \u00e0 installer\u00a0sa Maison M\u00e8re \u00e0 Saint-Laurent-sur-S\u00e8vre en 1720. C&rsquo;est \u00e0 partir de ce village, o\u00f9 Montfort est d\u00e9c\u00e9d\u00e9 4 ans plus t\u00f4t,\u00a0le 28 avril 1716, que les Filles de la Sagesse, et \u00e0<a class=\"moretag\" href=\"http:\/\/ricom-web.com\/monfort\/fr\/lieux\/maison-mere-des-filles-de-la-sagesse\/\"><span class=\"screen-reader-text\">En savoir plus surMaison M\u00e8re des filles de la Sagesse<\/span>[&#8230;]<\/a><\/p>\n","protected":false},"author":1,"featured_media":0,"parent":8,"menu_order":0,"comment_status":"closed","ping_status":"closed","template":"","meta":{"footnotes":""},"yoast_head":"<!-- This site is optimized with the Yoast SEO plugin v24.3 - https:\/\/yoast.com\/wordpress\/plugins\/seo\/ -->\n<title>Maison M\u00e8re des filles de la Sagesse - Sur les pas de Monfort<\/title>\n<meta name=\"description\" content=\"Co-fond\u00e9e, par le P\u00e8re de Montfort et Marie-Louise de J\u00e9sus, la congr\u00e9gation des Filles de la Sagesse installe sa Maison M\u00e8re \u00e0 Saint-Laurent-sur-S\u00e8vre.\" \/>\n<meta name=\"robots\" content=\"noindex, follow, max-snippet:-1, max-image-preview:large, max-video-preview:-1\" \/>\n<meta property=\"og:locale\" content=\"fr_FR\" \/>\n<meta property=\"og:type\" content=\"article\" \/>\n<meta property=\"og:title\" content=\"Maison M\u00e8re des filles de la Sagesse - Sur les pas de Monfort\" \/>\n<meta property=\"og:description\" content=\"Co-fond\u00e9e, par le P\u00e8re de Montfort et Marie-Louise de J\u00e9sus, la congr\u00e9gation des Filles de la Sagesse installe sa Maison M\u00e8re \u00e0 Saint-Laurent-sur-S\u00e8vre.\" \/>\n<meta property=\"og:url\" content=\"http:\/\/ricom-web.com\/monfort\/fr\/lieux\/maison-mere-des-filles-de-la-sagesse\/\" \/>\n<meta property=\"og:site_name\" content=\"Sur les pas de Monfort\" \/>\n<meta property=\"article:modified_time\" content=\"2017-03-06T10:54:26+00:00\" \/>\n<meta name=\"twitter:card\" content=\"summary_large_image\" \/>\n<meta name=\"twitter:label1\" content=\"Dur\u00e9e de lecture estim\u00e9e\" \/>\n\t<meta name=\"twitter:data1\" content=\"1 minute\" \/>\n<script type=\"application\/ld+json\" class=\"yoast-schema-graph\">{\"@context\":\"https:\/\/schema.org\",\"@graph\":[{\"@type\":\"WebPage\",\"@id\":\"http:\/\/ricom-web.com\/monfort\/fr\/lieux\/maison-mere-des-filles-de-la-sagesse\/\",\"url\":\"http:\/\/ricom-web.com\/monfort\/fr\/lieux\/maison-mere-des-filles-de-la-sagesse\/\",\"name\":\"Maison M\u00e8re des filles de la Sagesse - Sur les pas de Monfort\",\"isPartOf\":{\"@id\":\"http:\/\/ricom-web.com\/monfort\/#website\"},\"datePublished\":\"2017-02-20T14:19:33+00:00\",\"dateModified\":\"2017-03-06T10:54:26+00:00\",\"description\":\"Co-fond\u00e9e, par le P\u00e8re de Montfort et Marie-Louise de J\u00e9sus, la congr\u00e9gation des Filles de la Sagesse installe sa Maison M\u00e8re \u00e0 Saint-Laurent-sur-S\u00e8vre.\",\"breadcrumb\":{\"@id\":\"http:\/\/ricom-web.com\/monfort\/fr\/lieux\/maison-mere-des-filles-de-la-sagesse\/#breadcrumb\"},\"inLanguage\":\"fr-FR\",\"potentialAction\":[{\"@type\":\"ReadAction\",\"target\":[\"http:\/\/ricom-web.com\/monfort\/fr\/lieux\/maison-mere-des-filles-de-la-sagesse\/\"]}]},{\"@type\":\"BreadcrumbList\",\"@id\":\"http:\/\/ricom-web.com\/monfort\/fr\/lieux\/maison-mere-des-filles-de-la-sagesse\/#breadcrumb\",\"itemListElement\":[{\"@type\":\"ListItem\",\"position\":1,\"name\":\"Accueil\",\"item\":\"http:\/\/ricom-web.com\/monfort\/fr\/sur-les-pas-de-monfort\/\"},{\"@type\":\"ListItem\",\"position\":2,\"name\":\"Lieux\",\"item\":\"http:\/\/ricom-web.com\/monfort\/fr\/lieux\/\"},{\"@type\":\"ListItem\",\"position\":3,\"name\":\"Maison M\u00e8re des filles de la Sagesse\"}]},{\"@type\":\"WebSite\",\"@id\":\"http:\/\/ricom-web.com\/monfort\/#website\",\"url\":\"http:\/\/ricom-web.com\/monfort\/\",\"name\":\"Sur les pas de Monfort\",\"description\":\"Parcours d\u00e9couverte, sur les pas de Montfort\",\"potentialAction\":[{\"@type\":\"SearchAction\",\"target\":{\"@type\":\"EntryPoint\",\"urlTemplate\":\"http:\/\/ricom-web.com\/monfort\/?s={search_term_string}\"},\"query-input\":{\"@type\":\"PropertyValueSpecification\",\"valueRequired\":true,\"valueName\":\"search_term_string\"}}],\"inLanguage\":\"fr-FR\"}]}<\/script>\n<!-- \/ Yoast SEO plugin. -->","yoast_head_json":{"title":"Maison M\u00e8re des filles de la Sagesse - Sur les pas de Monfort","description":"Co-fond\u00e9e, par le P\u00e8re de Montfort et Marie-Louise de J\u00e9sus, la congr\u00e9gation des Filles de la Sagesse installe sa Maison M\u00e8re \u00e0 Saint-Laurent-sur-S\u00e8vre.","robots":{"index":"noindex","follow":"follow","max-snippet":"max-snippet:-1","max-image-preview":"max-image-preview:large","max-video-preview":"max-video-preview:-1"},"og_locale":"fr_FR","og_type":"article","og_title":"Maison M\u00e8re des filles de la Sagesse - Sur les pas de Monfort","og_description":"Co-fond\u00e9e, par le P\u00e8re de Montfort et Marie-Louise de J\u00e9sus, la congr\u00e9gation des Filles de la Sagesse installe sa Maison M\u00e8re \u00e0 Saint-Laurent-sur-S\u00e8vre.","og_url":"http:\/\/ricom-web.com\/monfort\/fr\/lieux\/maison-mere-des-filles-de-la-sagesse\/","og_site_name":"Sur les pas de Monfort","article_modified_time":"2017-03-06T10:54:26+00:00","twitter_card":"summary_large_image","twitter_misc":{"Dur\u00e9e de lecture estim\u00e9e":"1 minute"},"schema":{"@context":"https:\/\/schema.org","@graph":[{"@type":"WebPage","@id":"http:\/\/ricom-web.com\/monfort\/fr\/lieux\/maison-mere-des-filles-de-la-sagesse\/","url":"http:\/\/ricom-web.com\/monfort\/fr\/lieux\/maison-mere-des-filles-de-la-sagesse\/","name":"Maison M\u00e8re des filles de la Sagesse - Sur les pas de Monfort","isPartOf":{"@id":"http:\/\/ricom-web.com\/monfort\/#website"},"datePublished":"2017-02-20T14:19:33+00:00","dateModified":"2017-03-06T10:54:26+00:00","description":"Co-fond\u00e9e, par le P\u00e8re de Montfort et Marie-Louise de J\u00e9sus, la congr\u00e9gation des Filles de la Sagesse installe sa Maison M\u00e8re \u00e0 Saint-Laurent-sur-S\u00e8vre.","breadcrumb":{"@id":"http:\/\/ricom-web.com\/monfort\/fr\/lieux\/maison-mere-des-filles-de-la-sagesse\/#breadcrumb"},"inLanguage":"fr-FR","potentialAction":[{"@type":"ReadAction","target":["http:\/\/ricom-web.com\/monfort\/fr\/lieux\/maison-mere-des-filles-de-la-sagesse\/"]}]},{"@type":"BreadcrumbList","@id":"http:\/\/ricom-web.com\/monfort\/fr\/lieux\/maison-mere-des-filles-de-la-sagesse\/#breadcrumb","itemListElement":[{"@type":"ListItem","position":1,"name":"Accueil","item":"http:\/\/ricom-web.com\/monfort\/fr\/sur-les-pas-de-monfort\/"},{"@type":"ListItem","position":2,"name":"Lieux","item":"http:\/\/ricom-web.com\/monfort\/fr\/lieux\/"},{"@type":"ListItem","position":3,"name":"Maison M\u00e8re des filles de la Sagesse"}]},{"@type":"WebSite","@id":"http:\/\/ricom-web.com\/monfort\/#website","url":"http:\/\/ricom-web.com\/monfort\/","name":"Sur les pas de Monfort","description":"Parcours d\u00e9couverte, sur les pas de Montfort","potentialAction":[{"@type":"SearchAction","target":{"@type":"EntryPoint","urlTemplate":"http:\/\/ricom-web.com\/monfort\/?s={search_term_string}"},"query-input":{"@type":"PropertyValueSpecification","valueRequired":true,"valueName":"search_term_string"}}],"inLanguage":"fr-FR"}]}},"_links":{"self":[{"href":"http:\/\/ricom-web.com\/monfort\/wp-json\/wp\/v2\/pages\/25"}],"collection":[{"href":"http:\/\/ricom-web.com\/monfort\/wp-json\/wp\/v2\/pages"}],"about":[{"href":"http:\/\/ricom-web.com\/monfort\/wp-json\/wp\/v2\/types\/page"}],"author":[{"embeddable":true,"href":"http:\/\/ricom-web.com\/monfort\/wp-json\/wp\/v2\/users\/1"}],"replies":[{"embeddable":true,"href":"http:\/\/ricom-web.com\/monfort\/wp-json\/wp\/v2\/comments?post=25"}],"version-history":[{"count":5,"href":"http:\/\/ricom-web.com\/monfort\/wp-json\/wp\/v2\/pages\/25\/revisions"}],"predecessor-version":[{"id":404,"href":"http:\/\/ricom-web.com\/monfort\/wp-json\/wp\/v2\/pages\/25\/revisions\/404"}],"up":[{"embeddable":true,"href":"http:\/\/ricom-web.com\/monfort\/wp-json\/wp\/v2\/pages\/8"}],"wp:attachment":[{"href":"http:\/\/ricom-web.com\/monfort\/wp-json\/wp\/v2\/media?parent=25"}],"curies":[{"name":"wp","href":"https:\/\/api.w.org\/{rel}","templated":true}]}}