{"id":27,"date":"2017-02-20T15:20:00","date_gmt":"2017-02-20T14:20:00","guid":{"rendered":"http:\/\/ricom-web.com\/monfort\/?page_id=27"},"modified":"2017-03-06T11:58:10","modified_gmt":"2017-03-06T10:58:10","slug":"missionnaires-montfortains-le-saint-esprit","status":"publish","type":"page","link":"http:\/\/ricom-web.com\/monfort\/fr\/lieux\/missionnaires-montfortains-le-saint-esprit\/","title":{"rendered":"Missionnaires Montfortains, le Saint Esprit"},"content":{"rendered":"<p><strong>A la suite de leur Fondateur, le P\u00e8re Louis-Marie Grignion de Montfort,\u00a0les Fr\u00e8res et P\u00e8res montfortains forment une congr\u00e9gation de religieux\u00a0prenant en charge des missions paroissiales.<\/strong><\/p>\n<p>D&rsquo;abord nomm\u00e9e la \u00ab Compagnie du Saint-Esprit \u00bb vers 1719,\u00a0la congr\u00e9gation change plusieurs fois d&rsquo;appellation.\u00a0Ainsi, les Montfortains sont-ils appel\u00e9s les Missionnaires de la \u00ab Compagnie\u00a0de Marie \u00bb, les \u00ab Mulotins \u00bb \u00e0 la fin du 18e si\u00e8cle du nom du successeur\u00a0de Montfort, le p\u00e8re Mulot ; ou encore Missionnaires du Saint-Esprit.<\/p>\n<p>Comme les Filles de la Sagesse, les Missionnaires s&rsquo;\u00e9tablissent\u00a0\u00e0 Saint-Laurent-sur-S\u00e8vre quatre ans apr\u00e8s le d\u00e9c\u00e8s du P\u00e8re de Montfort.<\/p>\n<p>Leur but est de poursuivre la mission de leur Fondateur : \u00ab<em> renouveler\u00a0<\/em><em>l&rsquo;esprit du christianisme chez les chr\u00e9tiens <\/em>\u00bb.<\/p>\n<p>Lors de leur arriv\u00e9e \u00e0 Saint-Laurent, les Missionnaires s&rsquo;installent au Ch\u00eane\u00a0vert. En 1723, ils d\u00e9m\u00e9nagent dans le Logis Vion, appel\u00e9 Saint-Esprit\u00a0et plus tard Maison Longue. En 1788, ils d\u00e9m\u00e9nagent dans la grande\u00a0maison qu&rsquo;ils occupent jusqu&rsquo;\u00e0 maintenant.<\/p>\n<p>Pendant les Guerres de Vend\u00e9e, les Missionnaires plongent\u00a0dans la tourmente : sept sont condamn\u00e9s pour \u00eatre rest\u00e9s fid\u00e8les \u00e0 l&rsquo;\u00c9glise\u00a0romaine plut\u00f4t qu&rsquo;\u00e0 la R\u00e9publique, trois sont martyris\u00e9s et deux autres\u00a0ex\u00e9cut\u00e9s \u00e0 La Rochelle&#8230;<\/p>\n<p>Aujourd&rsquo;hui, la communaut\u00e9 est pr\u00e9sente dans 32 pays o\u00f9 elle participe\u00a0\u00e0 la mission universelle de l&rsquo;\u00c9glise. Elle suit sa propre spiritualit\u00e9, inspir\u00e9e\u00a0par le p\u00e8re de Montfort.<\/p>\n<p>Les b\u00e2timents historiques de Saint-Laurent-sur-S\u00e8vre sont devenus\u00a0une maison de repos et de soins pour les Missionnaires de la Province\u00a0de France. Depuis peu, une communaut\u00e9 internationale de p\u00e8res\u00a0et de fr\u00e8res a repris le flambeau de la mission.<\/p>\n","protected":false},"excerpt":{"rendered":"<p>A la suite de leur Fondateur, le P\u00e8re Louis-Marie Grignion de Montfort,\u00a0les Fr\u00e8res et P\u00e8res montfortains forment une congr\u00e9gation de religieux\u00a0prenant en charge des missions paroissiales. D&rsquo;abord nomm\u00e9e la \u00ab Compagnie du Saint-Esprit \u00bb vers 1719,\u00a0la congr\u00e9gation change plusieurs fois d&rsquo;appellation.\u00a0Ainsi, les Montfortains sont-ils appel\u00e9s les Missionnaires de la \u00ab Compagnie\u00a0de Marie \u00bb, les \u00ab<a class=\"moretag\" href=\"http:\/\/ricom-web.com\/monfort\/fr\/lieux\/missionnaires-montfortains-le-saint-esprit\/\"><span class=\"screen-reader-text\">En savoir plus surMissionnaires Montfortains, le Saint Esprit<\/span>[&#8230;]<\/a><\/p>\n","protected":false},"author":1,"featured_media":0,"parent":8,"menu_order":0,"comment_status":"closed","ping_status":"closed","template":"","meta":{"footnotes":""},"yoast_head":"<!-- This site is optimized with the Yoast SEO plugin v24.3 - https:\/\/yoast.com\/wordpress\/plugins\/seo\/ -->\n<title>Missionnaires Montfortains, le Saint Esprit - Sur les pas de Monfort<\/title>\n<meta name=\"description\" content=\"Les Missionnaires Montfortains: premi\u00e8re communaut\u00e9 de la Compagnie de Marie \u00e0 St Laurent sur S\u00e8vre nait autour de la tombe du P\u00e8re Louis Marie de Montfort.\" \/>\n<meta name=\"robots\" content=\"noindex, follow, max-snippet:-1, max-image-preview:large, max-video-preview:-1\" \/>\n<meta property=\"og:locale\" content=\"fr_FR\" \/>\n<meta property=\"og:type\" content=\"article\" \/>\n<meta property=\"og:title\" content=\"Missionnaires Montfortains, le Saint Esprit - Sur les pas de Monfort\" \/>\n<meta property=\"og:description\" content=\"Les Missionnaires Montfortains: premi\u00e8re communaut\u00e9 de la Compagnie de Marie \u00e0 St Laurent sur S\u00e8vre nait autour de la tombe du P\u00e8re Louis Marie de Montfort.\" \/>\n<meta property=\"og:url\" content=\"http:\/\/ricom-web.com\/monfort\/fr\/lieux\/missionnaires-montfortains-le-saint-esprit\/\" \/>\n<meta property=\"og:site_name\" content=\"Sur les pas de Monfort\" \/>\n<meta property=\"article:modified_time\" content=\"2017-03-06T10:58:10+00:00\" \/>\n<meta name=\"twitter:card\" content=\"summary_large_image\" \/>\n<meta name=\"twitter:label1\" content=\"Dur\u00e9e de lecture estim\u00e9e\" \/>\n\t<meta name=\"twitter:data1\" content=\"1 minute\" \/>\n<script type=\"application\/ld+json\" class=\"yoast-schema-graph\">{\"@context\":\"https:\/\/schema.org\",\"@graph\":[{\"@type\":\"WebPage\",\"@id\":\"http:\/\/ricom-web.com\/monfort\/fr\/lieux\/missionnaires-montfortains-le-saint-esprit\/\",\"url\":\"http:\/\/ricom-web.com\/monfort\/fr\/lieux\/missionnaires-montfortains-le-saint-esprit\/\",\"name\":\"Missionnaires Montfortains, le Saint Esprit - Sur les pas de Monfort\",\"isPartOf\":{\"@id\":\"http:\/\/ricom-web.com\/monfort\/#website\"},\"datePublished\":\"2017-02-20T14:20:00+00:00\",\"dateModified\":\"2017-03-06T10:58:10+00:00\",\"description\":\"Les Missionnaires Montfortains: premi\u00e8re communaut\u00e9 de la Compagnie de Marie \u00e0 St Laurent sur S\u00e8vre nait autour de la tombe du P\u00e8re Louis Marie de Montfort.\",\"breadcrumb\":{\"@id\":\"http:\/\/ricom-web.com\/monfort\/fr\/lieux\/missionnaires-montfortains-le-saint-esprit\/#breadcrumb\"},\"inLanguage\":\"fr-FR\",\"potentialAction\":[{\"@type\":\"ReadAction\",\"target\":[\"http:\/\/ricom-web.com\/monfort\/fr\/lieux\/missionnaires-montfortains-le-saint-esprit\/\"]}]},{\"@type\":\"BreadcrumbList\",\"@id\":\"http:\/\/ricom-web.com\/monfort\/fr\/lieux\/missionnaires-montfortains-le-saint-esprit\/#breadcrumb\",\"itemListElement\":[{\"@type\":\"ListItem\",\"position\":1,\"name\":\"Accueil\",\"item\":\"http:\/\/ricom-web.com\/monfort\/fr\/sur-les-pas-de-monfort\/\"},{\"@type\":\"ListItem\",\"position\":2,\"name\":\"Lieux\",\"item\":\"http:\/\/ricom-web.com\/monfort\/fr\/lieux\/\"},{\"@type\":\"ListItem\",\"position\":3,\"name\":\"Missionnaires Montfortains, le Saint Esprit\"}]},{\"@type\":\"WebSite\",\"@id\":\"http:\/\/ricom-web.com\/monfort\/#website\",\"url\":\"http:\/\/ricom-web.com\/monfort\/\",\"name\":\"Sur les pas de Monfort\",\"description\":\"Parcours d\u00e9couverte, sur les pas de Montfort\",\"potentialAction\":[{\"@type\":\"SearchAction\",\"target\":{\"@type\":\"EntryPoint\",\"urlTemplate\":\"http:\/\/ricom-web.com\/monfort\/?s={search_term_string}\"},\"query-input\":{\"@type\":\"PropertyValueSpecification\",\"valueRequired\":true,\"valueName\":\"search_term_string\"}}],\"inLanguage\":\"fr-FR\"}]}<\/script>\n<!-- \/ Yoast SEO plugin. -->","yoast_head_json":{"title":"Missionnaires Montfortains, le Saint Esprit - Sur les pas de Monfort","description":"Les Missionnaires Montfortains: premi\u00e8re communaut\u00e9 de la Compagnie de Marie \u00e0 St Laurent sur S\u00e8vre nait autour de la tombe du P\u00e8re Louis Marie de Montfort.","robots":{"index":"noindex","follow":"follow","max-snippet":"max-snippet:-1","max-image-preview":"max-image-preview:large","max-video-preview":"max-video-preview:-1"},"og_locale":"fr_FR","og_type":"article","og_title":"Missionnaires Montfortains, le Saint Esprit - Sur les pas de Monfort","og_description":"Les Missionnaires Montfortains: premi\u00e8re communaut\u00e9 de la Compagnie de Marie \u00e0 St Laurent sur S\u00e8vre nait autour de la tombe du P\u00e8re Louis Marie de Montfort.","og_url":"http:\/\/ricom-web.com\/monfort\/fr\/lieux\/missionnaires-montfortains-le-saint-esprit\/","og_site_name":"Sur les pas de Monfort","article_modified_time":"2017-03-06T10:58:10+00:00","twitter_card":"summary_large_image","twitter_misc":{"Dur\u00e9e de lecture estim\u00e9e":"1 minute"},"schema":{"@context":"https:\/\/schema.org","@graph":[{"@type":"WebPage","@id":"http:\/\/ricom-web.com\/monfort\/fr\/lieux\/missionnaires-montfortains-le-saint-esprit\/","url":"http:\/\/ricom-web.com\/monfort\/fr\/lieux\/missionnaires-montfortains-le-saint-esprit\/","name":"Missionnaires Montfortains, le Saint Esprit - Sur les pas de Monfort","isPartOf":{"@id":"http:\/\/ricom-web.com\/monfort\/#website"},"datePublished":"2017-02-20T14:20:00+00:00","dateModified":"2017-03-06T10:58:10+00:00","description":"Les Missionnaires Montfortains: premi\u00e8re communaut\u00e9 de la Compagnie de Marie \u00e0 St Laurent sur S\u00e8vre nait autour de la tombe du P\u00e8re Louis Marie de Montfort.","breadcrumb":{"@id":"http:\/\/ricom-web.com\/monfort\/fr\/lieux\/missionnaires-montfortains-le-saint-esprit\/#breadcrumb"},"inLanguage":"fr-FR","potentialAction":[{"@type":"ReadAction","target":["http:\/\/ricom-web.com\/monfort\/fr\/lieux\/missionnaires-montfortains-le-saint-esprit\/"]}]},{"@type":"BreadcrumbList","@id":"http:\/\/ricom-web.com\/monfort\/fr\/lieux\/missionnaires-montfortains-le-saint-esprit\/#breadcrumb","itemListElement":[{"@type":"ListItem","position":1,"name":"Accueil","item":"http:\/\/ricom-web.com\/monfort\/fr\/sur-les-pas-de-monfort\/"},{"@type":"ListItem","position":2,"name":"Lieux","item":"http:\/\/ricom-web.com\/monfort\/fr\/lieux\/"},{"@type":"ListItem","position":3,"name":"Missionnaires Montfortains, le Saint Esprit"}]},{"@type":"WebSite","@id":"http:\/\/ricom-web.com\/monfort\/#website","url":"http:\/\/ricom-web.com\/monfort\/","name":"Sur les pas de Monfort","description":"Parcours d\u00e9couverte, sur les pas de Montfort","potentialAction":[{"@type":"SearchAction","target":{"@type":"EntryPoint","urlTemplate":"http:\/\/ricom-web.com\/monfort\/?s={search_term_string}"},"query-input":{"@type":"PropertyValueSpecification","valueRequired":true,"valueName":"search_term_string"}}],"inLanguage":"fr-FR"}]}},"_links":{"self":[{"href":"http:\/\/ricom-web.com\/monfort\/wp-json\/wp\/v2\/pages\/27"}],"collection":[{"href":"http:\/\/ricom-web.com\/monfort\/wp-json\/wp\/v2\/pages"}],"about":[{"href":"http:\/\/ricom-web.com\/monfort\/wp-json\/wp\/v2\/types\/page"}],"author":[{"embeddable":true,"href":"http:\/\/ricom-web.com\/monfort\/wp-json\/wp\/v2\/users\/1"}],"replies":[{"embeddable":true,"href":"http:\/\/ricom-web.com\/monfort\/wp-json\/wp\/v2\/comments?post=27"}],"version-history":[{"count":5,"href":"http:\/\/ricom-web.com\/monfort\/wp-json\/wp\/v2\/pages\/27\/revisions"}],"predecessor-version":[{"id":406,"href":"http:\/\/ricom-web.com\/monfort\/wp-json\/wp\/v2\/pages\/27\/revisions\/406"}],"up":[{"embeddable":true,"href":"http:\/\/ricom-web.com\/monfort\/wp-json\/wp\/v2\/pages\/8"}],"wp:attachment":[{"href":"http:\/\/ricom-web.com\/monfort\/wp-json\/wp\/v2\/media?parent=27"}],"curies":[{"name":"wp","href":"https:\/\/api.w.org\/{rel}","templated":true}]}}