{"id":29,"date":"2017-02-20T15:20:13","date_gmt":"2017-02-20T14:20:13","guid":{"rendered":"http:\/\/ricom-web.com\/monfort\/?page_id=29"},"modified":"2017-03-06T11:53:07","modified_gmt":"2017-03-06T10:53:07","slug":"maison-longue","status":"publish","type":"page","link":"http:\/\/ricom-web.com\/monfort\/fr\/lieux\/maison-longue\/","title":{"rendered":"Maison longue"},"content":{"rendered":"<p>En 1720, le Logis Vion, est achet\u00e9 par Mme de Bouill\u00e9 pour y installer\u00a0la Maison M\u00e8re des Filles de la Sagesse. Elle qui a connu le P\u00e8re\u00a0de Montfort et s&rsquo;investit dans de nombreuses \u0153uvres, met beaucoup\u00a0de z\u00e8le \u00e0 favoriser l&rsquo;installation de la congr\u00e9gation \u00e0 Saint-Laurent-sur-S\u00e8vre.<\/p>\n<p>A peine arriv\u00e9es, les premi\u00e8res Filles de la Sagesse s&rsquo;\u00e9tablissent \u00e0 l&rsquo;\u00e9tage\u00a0du logis et consacrent le rez-de-chauss\u00e9e \u00e0 leurs oeuvres en ouvrant\u00a0notamment une \u00e9cole charitable mixte et en soignant les malades.<\/p>\n<p>D\u00e8s 1723, leur maison devient trop petite.<\/p>\n<p>Parall\u00e8lement, les Missionnaires Montfortains se sont install\u00e9s dans\u00a0le b\u00e2timent du Ch\u00eane Vert. Moins nombreux et se d\u00e9veloppant moins\u00a0rapidement, ils d\u00e9cident, d&rsquo;un commun accord avec les Filles de la Sagesse,\u00a0d&rsquo;\u00e9changer leurs propri\u00e9t\u00e9s. Les missionnaires prennent alors leurs quartiers dans le Logis Vion.<\/p>\n<p><strong>La b\u00e2tisse est agrandie et prend le nom de Maison Longue.<\/strong> C&rsquo;est dans\u00a0cette demeure que le marquis de Magnanne, ancien ami, disciple\u00a0de Montfort et bienfaiteur de la famille montfortaine, termine sa vie.<\/p>\n<p>La Maison Longue est occup\u00e9e par les Missionnaires jusqu&rsquo;en 1788. Elle est commun\u00e9ment appel\u00e9e maison du \u00ab Saint-Esprit \u00bb.<\/p>\n<p>Apr\u00e8s la p\u00e9riode r\u00e9volutionnaire, elle accueille tour \u00e0 tour le cat\u00e9chisme,\u00a0les retraites des pr\u00eatres, l&rsquo;\u00e9cole, l&rsquo;orphelinat&#8230;<\/p>\n<p>Depuis 1964, la Maison Longue abrite un mus\u00e9e d\u00e9di\u00e9 \u00e0 la famille\u00a0montfortaine.<\/p>\n","protected":false},"excerpt":{"rendered":"<p>En 1720, le Logis Vion, est achet\u00e9 par Mme de Bouill\u00e9 pour y installer\u00a0la Maison M\u00e8re des Filles de la Sagesse. Elle qui a connu le P\u00e8re\u00a0de Montfort et s&rsquo;investit dans de nombreuses \u0153uvres, met beaucoup\u00a0de z\u00e8le \u00e0 favoriser l&rsquo;installation de la congr\u00e9gation \u00e0 Saint-Laurent-sur-S\u00e8vre. A peine arriv\u00e9es, les premi\u00e8res Filles de la Sagesse s&rsquo;\u00e9tablissent<a class=\"moretag\" href=\"http:\/\/ricom-web.com\/monfort\/fr\/lieux\/maison-longue\/\"><span class=\"screen-reader-text\">En savoir plus surMaison longue<\/span>[&#8230;]<\/a><\/p>\n","protected":false},"author":1,"featured_media":0,"parent":8,"menu_order":0,"comment_status":"closed","ping_status":"closed","template":"","meta":{"footnotes":""},"yoast_head":"<!-- This site is optimized with the Yoast SEO plugin v24.3 - https:\/\/yoast.com\/wordpress\/plugins\/seo\/ -->\n<title>Maison longue - Sur les pas de Monfort<\/title>\n<meta name=\"description\" content=\"Maison de 73 m\u00e8tres de long, abritant cordiers et de tisserands, elle est achet\u00e9e en 1720 par afin d&#039;y accueillir les filles de la Sagesse.\" \/>\n<meta name=\"robots\" content=\"noindex, follow, max-snippet:-1, max-image-preview:large, max-video-preview:-1\" \/>\n<meta property=\"og:locale\" content=\"fr_FR\" \/>\n<meta property=\"og:type\" content=\"article\" \/>\n<meta property=\"og:title\" content=\"Maison longue - Sur les pas de Monfort\" \/>\n<meta property=\"og:description\" content=\"Maison de 73 m\u00e8tres de long, abritant cordiers et de tisserands, elle est achet\u00e9e en 1720 par afin d&#039;y accueillir les filles de la Sagesse.\" \/>\n<meta property=\"og:url\" content=\"http:\/\/ricom-web.com\/monfort\/fr\/lieux\/maison-longue\/\" \/>\n<meta property=\"og:site_name\" content=\"Sur les pas de Monfort\" \/>\n<meta property=\"article:modified_time\" content=\"2017-03-06T10:53:07+00:00\" \/>\n<meta name=\"twitter:card\" content=\"summary_large_image\" \/>\n<meta name=\"twitter:label1\" content=\"Dur\u00e9e de lecture estim\u00e9e\" \/>\n\t<meta name=\"twitter:data1\" content=\"1 minute\" \/>\n<script type=\"application\/ld+json\" class=\"yoast-schema-graph\">{\"@context\":\"https:\/\/schema.org\",\"@graph\":[{\"@type\":\"WebPage\",\"@id\":\"http:\/\/ricom-web.com\/monfort\/fr\/lieux\/maison-longue\/\",\"url\":\"http:\/\/ricom-web.com\/monfort\/fr\/lieux\/maison-longue\/\",\"name\":\"Maison longue - Sur les pas de Monfort\",\"isPartOf\":{\"@id\":\"http:\/\/ricom-web.com\/monfort\/#website\"},\"datePublished\":\"2017-02-20T14:20:13+00:00\",\"dateModified\":\"2017-03-06T10:53:07+00:00\",\"description\":\"Maison de 73 m\u00e8tres de long, abritant cordiers et de tisserands, elle est achet\u00e9e en 1720 par afin d'y accueillir les filles de la Sagesse.\",\"breadcrumb\":{\"@id\":\"http:\/\/ricom-web.com\/monfort\/fr\/lieux\/maison-longue\/#breadcrumb\"},\"inLanguage\":\"fr-FR\",\"potentialAction\":[{\"@type\":\"ReadAction\",\"target\":[\"http:\/\/ricom-web.com\/monfort\/fr\/lieux\/maison-longue\/\"]}]},{\"@type\":\"BreadcrumbList\",\"@id\":\"http:\/\/ricom-web.com\/monfort\/fr\/lieux\/maison-longue\/#breadcrumb\",\"itemListElement\":[{\"@type\":\"ListItem\",\"position\":1,\"name\":\"Accueil\",\"item\":\"http:\/\/ricom-web.com\/monfort\/fr\/sur-les-pas-de-monfort\/\"},{\"@type\":\"ListItem\",\"position\":2,\"name\":\"Lieux\",\"item\":\"http:\/\/ricom-web.com\/monfort\/fr\/lieux\/\"},{\"@type\":\"ListItem\",\"position\":3,\"name\":\"Maison longue\"}]},{\"@type\":\"WebSite\",\"@id\":\"http:\/\/ricom-web.com\/monfort\/#website\",\"url\":\"http:\/\/ricom-web.com\/monfort\/\",\"name\":\"Sur les pas de Monfort\",\"description\":\"Parcours d\u00e9couverte, sur les pas de Montfort\",\"potentialAction\":[{\"@type\":\"SearchAction\",\"target\":{\"@type\":\"EntryPoint\",\"urlTemplate\":\"http:\/\/ricom-web.com\/monfort\/?s={search_term_string}\"},\"query-input\":{\"@type\":\"PropertyValueSpecification\",\"valueRequired\":true,\"valueName\":\"search_term_string\"}}],\"inLanguage\":\"fr-FR\"}]}<\/script>\n<!-- \/ Yoast SEO plugin. -->","yoast_head_json":{"title":"Maison longue - Sur les pas de Monfort","description":"Maison de 73 m\u00e8tres de long, abritant cordiers et de tisserands, elle est achet\u00e9e en 1720 par afin d'y accueillir les filles de la Sagesse.","robots":{"index":"noindex","follow":"follow","max-snippet":"max-snippet:-1","max-image-preview":"max-image-preview:large","max-video-preview":"max-video-preview:-1"},"og_locale":"fr_FR","og_type":"article","og_title":"Maison longue - Sur les pas de Monfort","og_description":"Maison de 73 m\u00e8tres de long, abritant cordiers et de tisserands, elle est achet\u00e9e en 1720 par afin d'y accueillir les filles de la Sagesse.","og_url":"http:\/\/ricom-web.com\/monfort\/fr\/lieux\/maison-longue\/","og_site_name":"Sur les pas de Monfort","article_modified_time":"2017-03-06T10:53:07+00:00","twitter_card":"summary_large_image","twitter_misc":{"Dur\u00e9e de lecture estim\u00e9e":"1 minute"},"schema":{"@context":"https:\/\/schema.org","@graph":[{"@type":"WebPage","@id":"http:\/\/ricom-web.com\/monfort\/fr\/lieux\/maison-longue\/","url":"http:\/\/ricom-web.com\/monfort\/fr\/lieux\/maison-longue\/","name":"Maison longue - Sur les pas de Monfort","isPartOf":{"@id":"http:\/\/ricom-web.com\/monfort\/#website"},"datePublished":"2017-02-20T14:20:13+00:00","dateModified":"2017-03-06T10:53:07+00:00","description":"Maison de 73 m\u00e8tres de long, abritant cordiers et de tisserands, elle est achet\u00e9e en 1720 par afin d'y accueillir les filles de la Sagesse.","breadcrumb":{"@id":"http:\/\/ricom-web.com\/monfort\/fr\/lieux\/maison-longue\/#breadcrumb"},"inLanguage":"fr-FR","potentialAction":[{"@type":"ReadAction","target":["http:\/\/ricom-web.com\/monfort\/fr\/lieux\/maison-longue\/"]}]},{"@type":"BreadcrumbList","@id":"http:\/\/ricom-web.com\/monfort\/fr\/lieux\/maison-longue\/#breadcrumb","itemListElement":[{"@type":"ListItem","position":1,"name":"Accueil","item":"http:\/\/ricom-web.com\/monfort\/fr\/sur-les-pas-de-monfort\/"},{"@type":"ListItem","position":2,"name":"Lieux","item":"http:\/\/ricom-web.com\/monfort\/fr\/lieux\/"},{"@type":"ListItem","position":3,"name":"Maison longue"}]},{"@type":"WebSite","@id":"http:\/\/ricom-web.com\/monfort\/#website","url":"http:\/\/ricom-web.com\/monfort\/","name":"Sur les pas de Monfort","description":"Parcours d\u00e9couverte, sur les pas de Montfort","potentialAction":[{"@type":"SearchAction","target":{"@type":"EntryPoint","urlTemplate":"http:\/\/ricom-web.com\/monfort\/?s={search_term_string}"},"query-input":{"@type":"PropertyValueSpecification","valueRequired":true,"valueName":"search_term_string"}}],"inLanguage":"fr-FR"}]}},"_links":{"self":[{"href":"http:\/\/ricom-web.com\/monfort\/wp-json\/wp\/v2\/pages\/29"}],"collection":[{"href":"http:\/\/ricom-web.com\/monfort\/wp-json\/wp\/v2\/pages"}],"about":[{"href":"http:\/\/ricom-web.com\/monfort\/wp-json\/wp\/v2\/types\/page"}],"author":[{"embeddable":true,"href":"http:\/\/ricom-web.com\/monfort\/wp-json\/wp\/v2\/users\/1"}],"replies":[{"embeddable":true,"href":"http:\/\/ricom-web.com\/monfort\/wp-json\/wp\/v2\/comments?post=29"}],"version-history":[{"count":5,"href":"http:\/\/ricom-web.com\/monfort\/wp-json\/wp\/v2\/pages\/29\/revisions"}],"predecessor-version":[{"id":402,"href":"http:\/\/ricom-web.com\/monfort\/wp-json\/wp\/v2\/pages\/29\/revisions\/402"}],"up":[{"embeddable":true,"href":"http:\/\/ricom-web.com\/monfort\/wp-json\/wp\/v2\/pages\/8"}],"wp:attachment":[{"href":"http:\/\/ricom-web.com\/monfort\/wp-json\/wp\/v2\/media?parent=29"}],"curies":[{"name":"wp","href":"https:\/\/api.w.org\/{rel}","templated":true}]}}