{"id":31,"date":"2017-02-20T15:20:27","date_gmt":"2017-02-20T14:20:27","guid":{"rendered":"http:\/\/ricom-web.com\/monfort\/?page_id=31"},"modified":"2017-03-06T12:06:22","modified_gmt":"2017-03-06T11:06:22","slug":"pont-eiffel","status":"publish","type":"page","link":"http:\/\/ricom-web.com\/monfort\/fr\/lieux\/pont-eiffel\/","title":{"rendered":"Pont Eiffel"},"content":{"rendered":"<p>De nos jours, <strong>la travers\u00e9e de la S\u00e8vre Nantaise est facile gr\u00e2ce au pont\u00a0Eiffel.<\/strong> Mais \u00e0 l&rsquo;\u00e9poque m\u00e9di\u00e9vale, l&rsquo;absence de pont et la force du courant\u00a0faisaient de la rivi\u00e8re un v\u00e9ritable obstacle !<\/p>\n<p>Lorsqu&rsquo;on prom\u00e8ne son regard au fil l&rsquo;eau en direction de la Basilique,\u00a0on aper\u00e7oit un petit am\u00e9nagement en pierres dernier signe visible\u00a0d&rsquo;une ancienne chauss\u00e9e m\u00e9di\u00e9vale : celle du Moulin de la Cour.<\/p>\n<p>On ne sait que peu de choses \u00e0 propos de cet ancien moulin, seulement\u00a0qu&rsquo;en 1567, il est d\u00e9j\u00e0 en ruine !<\/p>\n<p>Mais qu&rsquo;est-ce-qu&rsquo;une chauss\u00e9e ? C&rsquo;est un barrage bas qui dirige\u00a0et achemine l&rsquo;eau vers la roue du moulin. Cela sert aussi de d\u00e9versoir\u00a0pour r\u00e9guler les eaux hivernales.<\/p>\n<p>A l&rsquo;origine, la chauss\u00e9e du Moulin de la Cour est en deux parties, reli\u00e9es\u00a0par un \u00eelot central. Sur la rive gauche, il reste un segment de ce qui reliait\u00a0l&rsquo;\u00eelot \u00e0 l&rsquo;ancienne vanne motrice du moulin. On pr\u00e9sume que la partie disparue se trouve \u00e0 l&#8217;emplacement des vannes\u00a0du moulin de la Sagesse et que ledit moulin se situait \u00e0 la place du lavoir\u00a0municipal.<\/p>\n<p>Quant au pont Eiffel, il y avait, avant lui, un autre moyen de passer\u00a0d&rsquo;une rive \u00e0 l&rsquo;autre : le pont gothique.<\/p>\n<p>Un pont, \u00e9voqu\u00e9 avec nostalgie en 1896 par Arthur Morin, un ancien\u00a0\u00e9l\u00e8ve du Pensionnat Saint-Gabriel qui \u00e9crit : \u00ab <em>Je franchissais la belle S\u00e8vre\u00a0<\/em><em>chantante sur un vilain pont en fer tout neuf, rempla\u00e7ant mon vieux pont\u00a0bossu, vieux pont de pierre en dos d&rsquo;\u00e2ne ; lequel, dans son frustre\u00a0<\/em><em>d\u00e9labrement \u00e9tait bien plus dans la note et manquait \u00e0 mon paysage<\/em> \u00bb&#8230;<\/p>\n","protected":false},"excerpt":{"rendered":"<p>De nos jours, la travers\u00e9e de la S\u00e8vre Nantaise est facile gr\u00e2ce au pont\u00a0Eiffel. Mais \u00e0 l&rsquo;\u00e9poque m\u00e9di\u00e9vale, l&rsquo;absence de pont et la force du courant\u00a0faisaient de la rivi\u00e8re un v\u00e9ritable obstacle ! Lorsqu&rsquo;on prom\u00e8ne son regard au fil l&rsquo;eau en direction de la Basilique,\u00a0on aper\u00e7oit un petit am\u00e9nagement en pierres dernier signe visible\u00a0d&rsquo;une ancienne<a class=\"moretag\" href=\"http:\/\/ricom-web.com\/monfort\/fr\/lieux\/pont-eiffel\/\"><span class=\"screen-reader-text\">En savoir plus surPont Eiffel<\/span>[&#8230;]<\/a><\/p>\n","protected":false},"author":1,"featured_media":0,"parent":8,"menu_order":0,"comment_status":"closed","ping_status":"closed","template":"","meta":{"footnotes":""},"yoast_head":"<!-- This site is optimized with the Yoast SEO plugin v24.3 - https:\/\/yoast.com\/wordpress\/plugins\/seo\/ -->\n<title>Pont Eiffel - Sur les pas de Monfort<\/title>\n<meta name=\"description\" content=\"Con\u00e7u dans les ateliers de Levallois-Perret du c\u00e9l\u00e8bre Eiffel, la travers\u00e9e de la S\u00e8vre Nantaise est facile gr\u00e2ce au pont Eiffel\" \/>\n<meta name=\"robots\" content=\"noindex, follow, max-snippet:-1, max-image-preview:large, max-video-preview:-1\" \/>\n<meta property=\"og:locale\" content=\"fr_FR\" \/>\n<meta property=\"og:type\" content=\"article\" \/>\n<meta property=\"og:title\" content=\"Pont Eiffel - Sur les pas de Monfort\" \/>\n<meta property=\"og:description\" content=\"Con\u00e7u dans les ateliers de Levallois-Perret du c\u00e9l\u00e8bre Eiffel, la travers\u00e9e de la S\u00e8vre Nantaise est facile gr\u00e2ce au pont Eiffel\" \/>\n<meta property=\"og:url\" content=\"http:\/\/ricom-web.com\/monfort\/fr\/lieux\/pont-eiffel\/\" \/>\n<meta property=\"og:site_name\" content=\"Sur les pas de Monfort\" \/>\n<meta property=\"article:modified_time\" content=\"2017-03-06T11:06:22+00:00\" \/>\n<meta name=\"twitter:card\" content=\"summary_large_image\" \/>\n<meta name=\"twitter:label1\" content=\"Dur\u00e9e de lecture estim\u00e9e\" \/>\n\t<meta name=\"twitter:data1\" content=\"1 minute\" \/>\n<script type=\"application\/ld+json\" class=\"yoast-schema-graph\">{\"@context\":\"https:\/\/schema.org\",\"@graph\":[{\"@type\":\"WebPage\",\"@id\":\"http:\/\/ricom-web.com\/monfort\/fr\/lieux\/pont-eiffel\/\",\"url\":\"http:\/\/ricom-web.com\/monfort\/fr\/lieux\/pont-eiffel\/\",\"name\":\"Pont Eiffel - Sur les pas de Monfort\",\"isPartOf\":{\"@id\":\"http:\/\/ricom-web.com\/monfort\/#website\"},\"datePublished\":\"2017-02-20T14:20:27+00:00\",\"dateModified\":\"2017-03-06T11:06:22+00:00\",\"description\":\"Con\u00e7u dans les ateliers de Levallois-Perret du c\u00e9l\u00e8bre Eiffel, la travers\u00e9e de la S\u00e8vre Nantaise est facile gr\u00e2ce au pont Eiffel\",\"breadcrumb\":{\"@id\":\"http:\/\/ricom-web.com\/monfort\/fr\/lieux\/pont-eiffel\/#breadcrumb\"},\"inLanguage\":\"fr-FR\",\"potentialAction\":[{\"@type\":\"ReadAction\",\"target\":[\"http:\/\/ricom-web.com\/monfort\/fr\/lieux\/pont-eiffel\/\"]}]},{\"@type\":\"BreadcrumbList\",\"@id\":\"http:\/\/ricom-web.com\/monfort\/fr\/lieux\/pont-eiffel\/#breadcrumb\",\"itemListElement\":[{\"@type\":\"ListItem\",\"position\":1,\"name\":\"Accueil\",\"item\":\"http:\/\/ricom-web.com\/monfort\/fr\/sur-les-pas-de-monfort\/\"},{\"@type\":\"ListItem\",\"position\":2,\"name\":\"Lieux\",\"item\":\"http:\/\/ricom-web.com\/monfort\/fr\/lieux\/\"},{\"@type\":\"ListItem\",\"position\":3,\"name\":\"Pont Eiffel\"}]},{\"@type\":\"WebSite\",\"@id\":\"http:\/\/ricom-web.com\/monfort\/#website\",\"url\":\"http:\/\/ricom-web.com\/monfort\/\",\"name\":\"Sur les pas de Monfort\",\"description\":\"Parcours d\u00e9couverte, sur les pas de Montfort\",\"potentialAction\":[{\"@type\":\"SearchAction\",\"target\":{\"@type\":\"EntryPoint\",\"urlTemplate\":\"http:\/\/ricom-web.com\/monfort\/?s={search_term_string}\"},\"query-input\":{\"@type\":\"PropertyValueSpecification\",\"valueRequired\":true,\"valueName\":\"search_term_string\"}}],\"inLanguage\":\"fr-FR\"}]}<\/script>\n<!-- \/ Yoast SEO plugin. -->","yoast_head_json":{"title":"Pont Eiffel - Sur les pas de Monfort","description":"Con\u00e7u dans les ateliers de Levallois-Perret du c\u00e9l\u00e8bre Eiffel, la travers\u00e9e de la S\u00e8vre Nantaise est facile gr\u00e2ce au pont Eiffel","robots":{"index":"noindex","follow":"follow","max-snippet":"max-snippet:-1","max-image-preview":"max-image-preview:large","max-video-preview":"max-video-preview:-1"},"og_locale":"fr_FR","og_type":"article","og_title":"Pont Eiffel - Sur les pas de Monfort","og_description":"Con\u00e7u dans les ateliers de Levallois-Perret du c\u00e9l\u00e8bre Eiffel, la travers\u00e9e de la S\u00e8vre Nantaise est facile gr\u00e2ce au pont Eiffel","og_url":"http:\/\/ricom-web.com\/monfort\/fr\/lieux\/pont-eiffel\/","og_site_name":"Sur les pas de Monfort","article_modified_time":"2017-03-06T11:06:22+00:00","twitter_card":"summary_large_image","twitter_misc":{"Dur\u00e9e de lecture estim\u00e9e":"1 minute"},"schema":{"@context":"https:\/\/schema.org","@graph":[{"@type":"WebPage","@id":"http:\/\/ricom-web.com\/monfort\/fr\/lieux\/pont-eiffel\/","url":"http:\/\/ricom-web.com\/monfort\/fr\/lieux\/pont-eiffel\/","name":"Pont Eiffel - Sur les pas de Monfort","isPartOf":{"@id":"http:\/\/ricom-web.com\/monfort\/#website"},"datePublished":"2017-02-20T14:20:27+00:00","dateModified":"2017-03-06T11:06:22+00:00","description":"Con\u00e7u dans les ateliers de Levallois-Perret du c\u00e9l\u00e8bre Eiffel, la travers\u00e9e de la S\u00e8vre Nantaise est facile gr\u00e2ce au pont Eiffel","breadcrumb":{"@id":"http:\/\/ricom-web.com\/monfort\/fr\/lieux\/pont-eiffel\/#breadcrumb"},"inLanguage":"fr-FR","potentialAction":[{"@type":"ReadAction","target":["http:\/\/ricom-web.com\/monfort\/fr\/lieux\/pont-eiffel\/"]}]},{"@type":"BreadcrumbList","@id":"http:\/\/ricom-web.com\/monfort\/fr\/lieux\/pont-eiffel\/#breadcrumb","itemListElement":[{"@type":"ListItem","position":1,"name":"Accueil","item":"http:\/\/ricom-web.com\/monfort\/fr\/sur-les-pas-de-monfort\/"},{"@type":"ListItem","position":2,"name":"Lieux","item":"http:\/\/ricom-web.com\/monfort\/fr\/lieux\/"},{"@type":"ListItem","position":3,"name":"Pont Eiffel"}]},{"@type":"WebSite","@id":"http:\/\/ricom-web.com\/monfort\/#website","url":"http:\/\/ricom-web.com\/monfort\/","name":"Sur les pas de Monfort","description":"Parcours d\u00e9couverte, sur les pas de Montfort","potentialAction":[{"@type":"SearchAction","target":{"@type":"EntryPoint","urlTemplate":"http:\/\/ricom-web.com\/monfort\/?s={search_term_string}"},"query-input":{"@type":"PropertyValueSpecification","valueRequired":true,"valueName":"search_term_string"}}],"inLanguage":"fr-FR"}]}},"_links":{"self":[{"href":"http:\/\/ricom-web.com\/monfort\/wp-json\/wp\/v2\/pages\/31"}],"collection":[{"href":"http:\/\/ricom-web.com\/monfort\/wp-json\/wp\/v2\/pages"}],"about":[{"href":"http:\/\/ricom-web.com\/monfort\/wp-json\/wp\/v2\/types\/page"}],"author":[{"embeddable":true,"href":"http:\/\/ricom-web.com\/monfort\/wp-json\/wp\/v2\/users\/1"}],"replies":[{"embeddable":true,"href":"http:\/\/ricom-web.com\/monfort\/wp-json\/wp\/v2\/comments?post=31"}],"version-history":[{"count":5,"href":"http:\/\/ricom-web.com\/monfort\/wp-json\/wp\/v2\/pages\/31\/revisions"}],"predecessor-version":[{"id":410,"href":"http:\/\/ricom-web.com\/monfort\/wp-json\/wp\/v2\/pages\/31\/revisions\/410"}],"up":[{"embeddable":true,"href":"http:\/\/ricom-web.com\/monfort\/wp-json\/wp\/v2\/pages\/8"}],"wp:attachment":[{"href":"http:\/\/ricom-web.com\/monfort\/wp-json\/wp\/v2\/media?parent=31"}],"curies":[{"name":"wp","href":"https:\/\/api.w.org\/{rel}","templated":true}]}}