{"id":33,"date":"2017-02-20T15:26:27","date_gmt":"2017-02-20T14:26:27","guid":{"rendered":"http:\/\/ricom-web.com\/monfort\/?page_id=33"},"modified":"2017-03-06T12:04:10","modified_gmt":"2017-03-06T11:04:10","slug":"ouvrages-hydrauliques","status":"publish","type":"page","link":"http:\/\/ricom-web.com\/monfort\/fr\/lieux\/ouvrages-hydrauliques\/","title":{"rendered":"Ouvrages hydrauliques"},"content":{"rendered":"<p><strong>Le moulin de la Sagesse est construit en 1835 \u00e0 l&rsquo;initiative du Sup\u00e9rieur des communaut\u00e9s montfortaines d&rsquo;alors : le P\u00e8re Gabriel Deshayes.<\/strong><\/p>\n<p>L&rsquo;objectif de l&rsquo;\u00e9difice est simple, produire de la farine et donc du pain\u00a0en grande quantit\u00e9 : \u00ab <em>4 000 livres par semaine, dont 700 sont distribu\u00e9es\u00a0<\/em><em>aux pauvres<\/em> \u00bb !<\/p>\n<p>L&rsquo;approvisionnement en farine de toute la famille montfortaine\u00a0\u00e9tant assur\u00e9, le moulin de la Sagesse n&rsquo;est pas le seul am\u00e9nagement\u00a0\u00e0 garantir l&rsquo;ind\u00e9pendance des religieux.Pour couvrir les besoins en eau, le P\u00e8re Deshayes fait construire\u00a0un aqueduc aliment\u00e9 par le moulin.<\/p>\n<p>Il fait aussi installer une pompe aspirante et foulante qui puise l&rsquo;eau\u00a0de la rivi\u00e8re :\u00a0pour l&rsquo;\u00e9lever dans deux r\u00e9servoirs situ\u00e9s sur la propri\u00e9t\u00e9 des Filles\u00a0de la Sagesse\u00a0et pour alimenter la buanderie, les lavoirs, les bains, la cressonni\u00e8re,\u00a0le r\u00e9servoir-vivier \u00e0 poissons, l&rsquo;arrosage des jardins&#8230;<\/p>\n<p>Il compl\u00e8te ce dispositif avec cet aqueduc long de 174 m\u00e8tres, qui part\u00a0du moulin et p\u00e9n\u00e8tre jusqu&rsquo;au milieu de la vaste prairie situ\u00e9e sur la rive\u00a0droite&#8230; et qui achemine l&rsquo;eau puis\u00e9e dans la S\u00e8vre pour irriguer le pr\u00e9\u00a0gr\u00e2ce \u00e0 un r\u00e9seau souterrain de drainage en toile d&rsquo;araign\u00e9e.<\/p>\n<p>Le but ? Obtenir une prairie de regain qui permet plusieurs r\u00e9coltes\u00a0de foin chaque \u00e9t\u00e9.<\/p>\n<p>Important puisque les communaut\u00e9s montfortaines poss\u00e8dent alors\u00a0leurs propres \u00e9tables o\u00f9 il faut nourrir une centaine de vaches,\u00a0trois paires de b\u0153ufs, une dizaine de chevaux&#8230;<\/p>\n","protected":false},"excerpt":{"rendered":"<p>Le moulin de la Sagesse est construit en 1835 \u00e0 l&rsquo;initiative du Sup\u00e9rieur des communaut\u00e9s montfortaines d&rsquo;alors : le P\u00e8re Gabriel Deshayes. L&rsquo;objectif de l&rsquo;\u00e9difice est simple, produire de la farine et donc du pain\u00a0en grande quantit\u00e9 : \u00ab 4 000 livres par semaine, dont 700 sont distribu\u00e9es\u00a0aux pauvres \u00bb ! L&rsquo;approvisionnement en farine de<a class=\"moretag\" href=\"http:\/\/ricom-web.com\/monfort\/fr\/lieux\/ouvrages-hydrauliques\/\"><span class=\"screen-reader-text\">En savoir plus surOuvrages hydrauliques<\/span>[&#8230;]<\/a><\/p>\n","protected":false},"author":1,"featured_media":0,"parent":8,"menu_order":0,"comment_status":"closed","ping_status":"closed","template":"","meta":{"footnotes":""},"yoast_head":"<!-- This site is optimized with the Yoast SEO plugin v24.3 - https:\/\/yoast.com\/wordpress\/plugins\/seo\/ -->\n<title>Ouvrages hydrauliques - Sur les pas de Monfort<\/title>\n<meta name=\"description\" content=\"Le long de la s\u00e8vre nantaise, \u00e0 St Laurent sur S\u00e8vre, nous retrouvons des ouvrages hydraulique cr\u00e9\u00e9 par le P\u00e8re Deshayes pour couvrir les besoins en eau\" \/>\n<meta name=\"robots\" content=\"noindex, follow, max-snippet:-1, max-image-preview:large, max-video-preview:-1\" \/>\n<meta property=\"og:locale\" content=\"fr_FR\" \/>\n<meta property=\"og:type\" content=\"article\" \/>\n<meta property=\"og:title\" content=\"Ouvrages hydrauliques - Sur les pas de Monfort\" \/>\n<meta property=\"og:description\" content=\"Le long de la s\u00e8vre nantaise, \u00e0 St Laurent sur S\u00e8vre, nous retrouvons des ouvrages hydraulique cr\u00e9\u00e9 par le P\u00e8re Deshayes pour couvrir les besoins en eau\" \/>\n<meta property=\"og:url\" content=\"http:\/\/ricom-web.com\/monfort\/fr\/lieux\/ouvrages-hydrauliques\/\" \/>\n<meta property=\"og:site_name\" content=\"Sur les pas de Monfort\" \/>\n<meta property=\"article:modified_time\" content=\"2017-03-06T11:04:10+00:00\" \/>\n<meta name=\"twitter:card\" content=\"summary_large_image\" \/>\n<meta name=\"twitter:label1\" content=\"Dur\u00e9e de lecture estim\u00e9e\" \/>\n\t<meta name=\"twitter:data1\" content=\"1 minute\" \/>\n<script type=\"application\/ld+json\" class=\"yoast-schema-graph\">{\"@context\":\"https:\/\/schema.org\",\"@graph\":[{\"@type\":\"WebPage\",\"@id\":\"http:\/\/ricom-web.com\/monfort\/fr\/lieux\/ouvrages-hydrauliques\/\",\"url\":\"http:\/\/ricom-web.com\/monfort\/fr\/lieux\/ouvrages-hydrauliques\/\",\"name\":\"Ouvrages hydrauliques - Sur les pas de Monfort\",\"isPartOf\":{\"@id\":\"http:\/\/ricom-web.com\/monfort\/#website\"},\"datePublished\":\"2017-02-20T14:26:27+00:00\",\"dateModified\":\"2017-03-06T11:04:10+00:00\",\"description\":\"Le long de la s\u00e8vre nantaise, \u00e0 St Laurent sur S\u00e8vre, nous retrouvons des ouvrages hydraulique cr\u00e9\u00e9 par le P\u00e8re Deshayes pour couvrir les besoins en eau\",\"breadcrumb\":{\"@id\":\"http:\/\/ricom-web.com\/monfort\/fr\/lieux\/ouvrages-hydrauliques\/#breadcrumb\"},\"inLanguage\":\"fr-FR\",\"potentialAction\":[{\"@type\":\"ReadAction\",\"target\":[\"http:\/\/ricom-web.com\/monfort\/fr\/lieux\/ouvrages-hydrauliques\/\"]}]},{\"@type\":\"BreadcrumbList\",\"@id\":\"http:\/\/ricom-web.com\/monfort\/fr\/lieux\/ouvrages-hydrauliques\/#breadcrumb\",\"itemListElement\":[{\"@type\":\"ListItem\",\"position\":1,\"name\":\"Accueil\",\"item\":\"http:\/\/ricom-web.com\/monfort\/fr\/sur-les-pas-de-monfort\/\"},{\"@type\":\"ListItem\",\"position\":2,\"name\":\"Lieux\",\"item\":\"http:\/\/ricom-web.com\/monfort\/fr\/lieux\/\"},{\"@type\":\"ListItem\",\"position\":3,\"name\":\"Ouvrages hydrauliques\"}]},{\"@type\":\"WebSite\",\"@id\":\"http:\/\/ricom-web.com\/monfort\/#website\",\"url\":\"http:\/\/ricom-web.com\/monfort\/\",\"name\":\"Sur les pas de Monfort\",\"description\":\"Parcours d\u00e9couverte, sur les pas de Montfort\",\"potentialAction\":[{\"@type\":\"SearchAction\",\"target\":{\"@type\":\"EntryPoint\",\"urlTemplate\":\"http:\/\/ricom-web.com\/monfort\/?s={search_term_string}\"},\"query-input\":{\"@type\":\"PropertyValueSpecification\",\"valueRequired\":true,\"valueName\":\"search_term_string\"}}],\"inLanguage\":\"fr-FR\"}]}<\/script>\n<!-- \/ Yoast SEO plugin. -->","yoast_head_json":{"title":"Ouvrages hydrauliques - Sur les pas de Monfort","description":"Le long de la s\u00e8vre nantaise, \u00e0 St Laurent sur S\u00e8vre, nous retrouvons des ouvrages hydraulique cr\u00e9\u00e9 par le P\u00e8re Deshayes pour couvrir les besoins en eau","robots":{"index":"noindex","follow":"follow","max-snippet":"max-snippet:-1","max-image-preview":"max-image-preview:large","max-video-preview":"max-video-preview:-1"},"og_locale":"fr_FR","og_type":"article","og_title":"Ouvrages hydrauliques - Sur les pas de Monfort","og_description":"Le long de la s\u00e8vre nantaise, \u00e0 St Laurent sur S\u00e8vre, nous retrouvons des ouvrages hydraulique cr\u00e9\u00e9 par le P\u00e8re Deshayes pour couvrir les besoins en eau","og_url":"http:\/\/ricom-web.com\/monfort\/fr\/lieux\/ouvrages-hydrauliques\/","og_site_name":"Sur les pas de Monfort","article_modified_time":"2017-03-06T11:04:10+00:00","twitter_card":"summary_large_image","twitter_misc":{"Dur\u00e9e de lecture estim\u00e9e":"1 minute"},"schema":{"@context":"https:\/\/schema.org","@graph":[{"@type":"WebPage","@id":"http:\/\/ricom-web.com\/monfort\/fr\/lieux\/ouvrages-hydrauliques\/","url":"http:\/\/ricom-web.com\/monfort\/fr\/lieux\/ouvrages-hydrauliques\/","name":"Ouvrages hydrauliques - Sur les pas de Monfort","isPartOf":{"@id":"http:\/\/ricom-web.com\/monfort\/#website"},"datePublished":"2017-02-20T14:26:27+00:00","dateModified":"2017-03-06T11:04:10+00:00","description":"Le long de la s\u00e8vre nantaise, \u00e0 St Laurent sur S\u00e8vre, nous retrouvons des ouvrages hydraulique cr\u00e9\u00e9 par le P\u00e8re Deshayes pour couvrir les besoins en eau","breadcrumb":{"@id":"http:\/\/ricom-web.com\/monfort\/fr\/lieux\/ouvrages-hydrauliques\/#breadcrumb"},"inLanguage":"fr-FR","potentialAction":[{"@type":"ReadAction","target":["http:\/\/ricom-web.com\/monfort\/fr\/lieux\/ouvrages-hydrauliques\/"]}]},{"@type":"BreadcrumbList","@id":"http:\/\/ricom-web.com\/monfort\/fr\/lieux\/ouvrages-hydrauliques\/#breadcrumb","itemListElement":[{"@type":"ListItem","position":1,"name":"Accueil","item":"http:\/\/ricom-web.com\/monfort\/fr\/sur-les-pas-de-monfort\/"},{"@type":"ListItem","position":2,"name":"Lieux","item":"http:\/\/ricom-web.com\/monfort\/fr\/lieux\/"},{"@type":"ListItem","position":3,"name":"Ouvrages hydrauliques"}]},{"@type":"WebSite","@id":"http:\/\/ricom-web.com\/monfort\/#website","url":"http:\/\/ricom-web.com\/monfort\/","name":"Sur les pas de Monfort","description":"Parcours d\u00e9couverte, sur les pas de Montfort","potentialAction":[{"@type":"SearchAction","target":{"@type":"EntryPoint","urlTemplate":"http:\/\/ricom-web.com\/monfort\/?s={search_term_string}"},"query-input":{"@type":"PropertyValueSpecification","valueRequired":true,"valueName":"search_term_string"}}],"inLanguage":"fr-FR"}]}},"_links":{"self":[{"href":"http:\/\/ricom-web.com\/monfort\/wp-json\/wp\/v2\/pages\/33"}],"collection":[{"href":"http:\/\/ricom-web.com\/monfort\/wp-json\/wp\/v2\/pages"}],"about":[{"href":"http:\/\/ricom-web.com\/monfort\/wp-json\/wp\/v2\/types\/page"}],"author":[{"embeddable":true,"href":"http:\/\/ricom-web.com\/monfort\/wp-json\/wp\/v2\/users\/1"}],"replies":[{"embeddable":true,"href":"http:\/\/ricom-web.com\/monfort\/wp-json\/wp\/v2\/comments?post=33"}],"version-history":[{"count":5,"href":"http:\/\/ricom-web.com\/monfort\/wp-json\/wp\/v2\/pages\/33\/revisions"}],"predecessor-version":[{"id":408,"href":"http:\/\/ricom-web.com\/monfort\/wp-json\/wp\/v2\/pages\/33\/revisions\/408"}],"up":[{"embeddable":true,"href":"http:\/\/ricom-web.com\/monfort\/wp-json\/wp\/v2\/pages\/8"}],"wp:attachment":[{"href":"http:\/\/ricom-web.com\/monfort\/wp-json\/wp\/v2\/media?parent=33"}],"curies":[{"name":"wp","href":"https:\/\/api.w.org\/{rel}","templated":true}]}}