{"id":35,"date":"2017-02-20T15:26:41","date_gmt":"2017-02-20T14:26:41","guid":{"rendered":"http:\/\/ricom-web.com\/monfort\/?page_id=35"},"modified":"2017-03-06T11:46:38","modified_gmt":"2017-03-06T10:46:38","slug":"maison-de-la-citadelle","status":"publish","type":"page","link":"http:\/\/ricom-web.com\/monfort\/fr\/lieux\/maison-de-la-citadelle\/","title":{"rendered":"Maison de la citadelle"},"content":{"rendered":"<p><strong>Avant la R\u00e9volution Fran\u00e7aise, Saint-Laurent-sur-S\u00e8vre fait partie\u00a0de la province du Poitou et se situe dans une zone exon\u00e9r\u00e9e de gabelle,\u00a0l&rsquo;imp\u00f4t sur le sel.<\/strong><\/p>\n<p>Une particularit\u00e9 qui ne concerne pas l&rsquo;Anjou, province de \u00ab grande\u00a0gabelle \u00bb o\u00f9 l&rsquo;imp\u00f4t sur le sel est 20 \u00e0 30 fois plus \u00e9lev\u00e9 que chez\u00a0sa voisine.<\/p>\n<p>Le sel est \u00e0 cette \u00e9poque, l&rsquo;un des rares moyens de conservation\u00a0des aliments et donc une denr\u00e9e alimentaire essentielle. Un syst\u00e8me\u00a0de fraude et de contrebande ne tarde pas \u00e0 se mettre en place, y compris\u00a0\u00e0 Saint-Laurent-sur-S\u00e8vre.<\/p>\n<p>Pour stopper cette contrebande, le pouvoir royal autorise les Fermiers\u00a0G\u00e9n\u00e9raux, ses repr\u00e9sentants sur le territoire, \u00e0 collecter la gabelle,\u00a0et \u00e0 lutter contre les contrebandiers gr\u00e2ce \u00e0 leurs gabelous.<\/p>\n<p>Accus\u00e9s de lenteur, de mauvaise foi, de fraudes, voire de violences,\u00a0ces gabelous souffrent g\u00e9n\u00e9ralement d&rsquo;une mauvaise r\u00e9putation.<\/p>\n<p>Symbole de l&rsquo;Ancien R\u00e9gime, la gabelle, imp\u00f4t \u00f4 combien injuste, est\u00a0abolie suite \u00e0 la R\u00e9volution Fran\u00e7aise, en 1790.<\/p>\n<p>Apr\u00e8s les gabelous, la maison de la Citadelle de Saint-Laurent est\u00a0reprise par Perrine Merlet. Entre 1830 et 1840, les actions charitables de\u00a0cette dame font \u00e9voluer le nom de la maison en \u00ab La Providence \u00bb\u00a0ou \u00ab Logis Chacun \u00bb.<\/p>\n","protected":false},"excerpt":{"rendered":"<p>Avant la R\u00e9volution Fran\u00e7aise, Saint-Laurent-sur-S\u00e8vre fait partie\u00a0de la province du Poitou et se situe dans une zone exon\u00e9r\u00e9e de gabelle,\u00a0l&rsquo;imp\u00f4t sur le sel. Une particularit\u00e9 qui ne concerne pas l&rsquo;Anjou, province de \u00ab grande\u00a0gabelle \u00bb o\u00f9 l&rsquo;imp\u00f4t sur le sel est 20 \u00e0 30 fois plus \u00e9lev\u00e9 que chez\u00a0sa voisine. Le sel est \u00e0 cette<a class=\"moretag\" href=\"http:\/\/ricom-web.com\/monfort\/fr\/lieux\/maison-de-la-citadelle\/\"><span class=\"screen-reader-text\">En savoir plus surMaison de la citadelle<\/span>[&#8230;]<\/a><\/p>\n","protected":false},"author":1,"featured_media":0,"parent":8,"menu_order":0,"comment_status":"closed","ping_status":"closed","template":"","meta":{"footnotes":""},"yoast_head":"<!-- This site is optimized with the Yoast SEO plugin v24.3 - https:\/\/yoast.com\/wordpress\/plugins\/seo\/ -->\n<title>Maison de la citadelle - Sur les pas de Monfort<\/title>\n<meta name=\"description\" content=\"La maison de la citadelle, logis de la Renaissance avec pigeonnier, s&#039;\u00e9l\u00e8ve sur 3 niveaux avec des appuis de fen\u00eatre d&#039;origine.\" \/>\n<meta name=\"robots\" content=\"noindex, follow, max-snippet:-1, max-image-preview:large, max-video-preview:-1\" \/>\n<meta property=\"og:locale\" content=\"fr_FR\" \/>\n<meta property=\"og:type\" content=\"article\" \/>\n<meta property=\"og:title\" content=\"Maison de la citadelle - Sur les pas de Monfort\" \/>\n<meta property=\"og:description\" content=\"La maison de la citadelle, logis de la Renaissance avec pigeonnier, s&#039;\u00e9l\u00e8ve sur 3 niveaux avec des appuis de fen\u00eatre d&#039;origine.\" \/>\n<meta property=\"og:url\" content=\"http:\/\/ricom-web.com\/monfort\/fr\/lieux\/maison-de-la-citadelle\/\" \/>\n<meta property=\"og:site_name\" content=\"Sur les pas de Monfort\" \/>\n<meta property=\"article:modified_time\" content=\"2017-03-06T10:46:38+00:00\" \/>\n<meta name=\"twitter:card\" content=\"summary_large_image\" \/>\n<meta name=\"twitter:label1\" content=\"Dur\u00e9e de lecture estim\u00e9e\" \/>\n\t<meta name=\"twitter:data1\" content=\"1 minute\" \/>\n<script type=\"application\/ld+json\" class=\"yoast-schema-graph\">{\"@context\":\"https:\/\/schema.org\",\"@graph\":[{\"@type\":\"WebPage\",\"@id\":\"http:\/\/ricom-web.com\/monfort\/fr\/lieux\/maison-de-la-citadelle\/\",\"url\":\"http:\/\/ricom-web.com\/monfort\/fr\/lieux\/maison-de-la-citadelle\/\",\"name\":\"Maison de la citadelle - Sur les pas de Monfort\",\"isPartOf\":{\"@id\":\"http:\/\/ricom-web.com\/monfort\/#website\"},\"datePublished\":\"2017-02-20T14:26:41+00:00\",\"dateModified\":\"2017-03-06T10:46:38+00:00\",\"description\":\"La maison de la citadelle, logis de la Renaissance avec pigeonnier, s'\u00e9l\u00e8ve sur 3 niveaux avec des appuis de fen\u00eatre d'origine.\",\"breadcrumb\":{\"@id\":\"http:\/\/ricom-web.com\/monfort\/fr\/lieux\/maison-de-la-citadelle\/#breadcrumb\"},\"inLanguage\":\"fr-FR\",\"potentialAction\":[{\"@type\":\"ReadAction\",\"target\":[\"http:\/\/ricom-web.com\/monfort\/fr\/lieux\/maison-de-la-citadelle\/\"]}]},{\"@type\":\"BreadcrumbList\",\"@id\":\"http:\/\/ricom-web.com\/monfort\/fr\/lieux\/maison-de-la-citadelle\/#breadcrumb\",\"itemListElement\":[{\"@type\":\"ListItem\",\"position\":1,\"name\":\"Accueil\",\"item\":\"http:\/\/ricom-web.com\/monfort\/fr\/sur-les-pas-de-monfort\/\"},{\"@type\":\"ListItem\",\"position\":2,\"name\":\"Lieux\",\"item\":\"http:\/\/ricom-web.com\/monfort\/fr\/lieux\/\"},{\"@type\":\"ListItem\",\"position\":3,\"name\":\"Maison de la citadelle\"}]},{\"@type\":\"WebSite\",\"@id\":\"http:\/\/ricom-web.com\/monfort\/#website\",\"url\":\"http:\/\/ricom-web.com\/monfort\/\",\"name\":\"Sur les pas de Monfort\",\"description\":\"Parcours d\u00e9couverte, sur les pas de Montfort\",\"potentialAction\":[{\"@type\":\"SearchAction\",\"target\":{\"@type\":\"EntryPoint\",\"urlTemplate\":\"http:\/\/ricom-web.com\/monfort\/?s={search_term_string}\"},\"query-input\":{\"@type\":\"PropertyValueSpecification\",\"valueRequired\":true,\"valueName\":\"search_term_string\"}}],\"inLanguage\":\"fr-FR\"}]}<\/script>\n<!-- \/ Yoast SEO plugin. -->","yoast_head_json":{"title":"Maison de la citadelle - Sur les pas de Monfort","description":"La maison de la citadelle, logis de la Renaissance avec pigeonnier, s'\u00e9l\u00e8ve sur 3 niveaux avec des appuis de fen\u00eatre d'origine.","robots":{"index":"noindex","follow":"follow","max-snippet":"max-snippet:-1","max-image-preview":"max-image-preview:large","max-video-preview":"max-video-preview:-1"},"og_locale":"fr_FR","og_type":"article","og_title":"Maison de la citadelle - Sur les pas de Monfort","og_description":"La maison de la citadelle, logis de la Renaissance avec pigeonnier, s'\u00e9l\u00e8ve sur 3 niveaux avec des appuis de fen\u00eatre d'origine.","og_url":"http:\/\/ricom-web.com\/monfort\/fr\/lieux\/maison-de-la-citadelle\/","og_site_name":"Sur les pas de Monfort","article_modified_time":"2017-03-06T10:46:38+00:00","twitter_card":"summary_large_image","twitter_misc":{"Dur\u00e9e de lecture estim\u00e9e":"1 minute"},"schema":{"@context":"https:\/\/schema.org","@graph":[{"@type":"WebPage","@id":"http:\/\/ricom-web.com\/monfort\/fr\/lieux\/maison-de-la-citadelle\/","url":"http:\/\/ricom-web.com\/monfort\/fr\/lieux\/maison-de-la-citadelle\/","name":"Maison de la citadelle - Sur les pas de Monfort","isPartOf":{"@id":"http:\/\/ricom-web.com\/monfort\/#website"},"datePublished":"2017-02-20T14:26:41+00:00","dateModified":"2017-03-06T10:46:38+00:00","description":"La maison de la citadelle, logis de la Renaissance avec pigeonnier, s'\u00e9l\u00e8ve sur 3 niveaux avec des appuis de fen\u00eatre d'origine.","breadcrumb":{"@id":"http:\/\/ricom-web.com\/monfort\/fr\/lieux\/maison-de-la-citadelle\/#breadcrumb"},"inLanguage":"fr-FR","potentialAction":[{"@type":"ReadAction","target":["http:\/\/ricom-web.com\/monfort\/fr\/lieux\/maison-de-la-citadelle\/"]}]},{"@type":"BreadcrumbList","@id":"http:\/\/ricom-web.com\/monfort\/fr\/lieux\/maison-de-la-citadelle\/#breadcrumb","itemListElement":[{"@type":"ListItem","position":1,"name":"Accueil","item":"http:\/\/ricom-web.com\/monfort\/fr\/sur-les-pas-de-monfort\/"},{"@type":"ListItem","position":2,"name":"Lieux","item":"http:\/\/ricom-web.com\/monfort\/fr\/lieux\/"},{"@type":"ListItem","position":3,"name":"Maison de la citadelle"}]},{"@type":"WebSite","@id":"http:\/\/ricom-web.com\/monfort\/#website","url":"http:\/\/ricom-web.com\/monfort\/","name":"Sur les pas de Monfort","description":"Parcours d\u00e9couverte, sur les pas de Montfort","potentialAction":[{"@type":"SearchAction","target":{"@type":"EntryPoint","urlTemplate":"http:\/\/ricom-web.com\/monfort\/?s={search_term_string}"},"query-input":{"@type":"PropertyValueSpecification","valueRequired":true,"valueName":"search_term_string"}}],"inLanguage":"fr-FR"}]}},"_links":{"self":[{"href":"http:\/\/ricom-web.com\/monfort\/wp-json\/wp\/v2\/pages\/35"}],"collection":[{"href":"http:\/\/ricom-web.com\/monfort\/wp-json\/wp\/v2\/pages"}],"about":[{"href":"http:\/\/ricom-web.com\/monfort\/wp-json\/wp\/v2\/types\/page"}],"author":[{"embeddable":true,"href":"http:\/\/ricom-web.com\/monfort\/wp-json\/wp\/v2\/users\/1"}],"replies":[{"embeddable":true,"href":"http:\/\/ricom-web.com\/monfort\/wp-json\/wp\/v2\/comments?post=35"}],"version-history":[{"count":5,"href":"http:\/\/ricom-web.com\/monfort\/wp-json\/wp\/v2\/pages\/35\/revisions"}],"predecessor-version":[{"id":398,"href":"http:\/\/ricom-web.com\/monfort\/wp-json\/wp\/v2\/pages\/35\/revisions\/398"}],"up":[{"embeddable":true,"href":"http:\/\/ricom-web.com\/monfort\/wp-json\/wp\/v2\/pages\/8"}],"wp:attachment":[{"href":"http:\/\/ricom-web.com\/monfort\/wp-json\/wp\/v2\/media?parent=35"}],"curies":[{"name":"wp","href":"https:\/\/api.w.org\/{rel}","templated":true}]}}