{"id":37,"date":"2017-02-20T15:26:58","date_gmt":"2017-02-20T14:26:58","guid":{"rendered":"http:\/\/ricom-web.com\/monfort\/?page_id=37"},"modified":"2017-03-06T10:53:29","modified_gmt":"2017-03-06T09:53:29","slug":"chapelle-des-penitents","status":"publish","type":"page","link":"http:\/\/ricom-web.com\/monfort\/fr\/lieux\/chapelle-des-penitents\/","title":{"rendered":"Chapelle des p\u00e9nitents"},"content":{"rendered":"<p><strong>En 1716, quand Montfort arrive \u00e0 Saint-Laurent-sur-S\u00e8vre<\/strong>, la place actuelle\u00a0n&rsquo;existe pas encore.<\/p>\n<p>L&rsquo;espace est occup\u00e9 par les tombes du Petit Cimeti\u00e8re et la chapelle Notre-Dame-des-Gr\u00e2ces. L&rsquo;\u00e9difice, dont la date de construction est ant\u00e9rieure\u00a0\u00e0 1601, appartient aux ch\u00e2telains de la Barbini\u00e8re.<\/p>\n<p>Lors de sa mission, le p\u00e8re de Montfort encourage les Saint-Laurentais\u00a0\u00e0 s&rsquo;\u00e9tablir en confr\u00e9rie. Pour les femmes c\u00e9libataires, il fonde la confr\u00e9rie\u00a0des Vierges et pour les hommes, celle des P\u00e9nitents Blancs.<\/p>\n<p>La chapelle devient le lieu de r\u00e9union de la confr\u00e9rie masculine et prend\u00a0alors le nom de chapelle des P\u00e9nitents.<\/p>\n<p>Juste apr\u00e8s la R\u00e9volution, pendant les Guerres de Vend\u00e9e, la chapelle,\u00a0le cimeti\u00e8re et les maisons qui l&rsquo;entourent, subissent les assauts\u00a0de deux colonnes infernales.<\/p>\n<p>Des dizaines de personnes sont massacr\u00e9es, les maisons incendi\u00e9es,\u00a0la chapelle est transform\u00e9e en d\u00e9p\u00f4t \u00e0 grains pour l&rsquo;arm\u00e9e r\u00e9publicaine&#8230;Apr\u00e8s ces temps difficiles, il faut reconstruire.<\/p>\n<p>Vers 1801, la maison Supiot, aujourd&rsquo;hui d\u00e9molie, est \u00e9difi\u00e9e. La chapelle des P\u00e9nitents, en mauvais \u00e9tat, est d\u00e9clar\u00e9e en ruines.<\/p>\n<p>Quant au Petit Cimeti\u00e8re, o\u00f9 se trouve la s\u00e9pulture du Fr\u00e8re du Saint-Esprit<\/p>\n<p>Joseau, l&rsquo;un des premiers Saint-Laurentais \u00e0 soutenir les Filles\u00a0de la Sagesse, il est d\u00e9saffect\u00e9.<\/p>\n<p><strong>En 1809, la commune ach\u00e8te la chapelle. Elle est d\u00e9truite et remplac\u00e9e\u00a0par la place des P\u00e9nitents.<\/strong><\/p>\n<p>\u00c0 l&rsquo;aube du 20e si\u00e8cle, la place change de nom pour devenir\u00a0la place Saint-Gabriel, en lien avec le pensionnat tenu\u00a0par les Fr\u00e8res enseignants.<\/p>\n","protected":false},"excerpt":{"rendered":"<p>En 1716, quand Montfort arrive \u00e0 Saint-Laurent-sur-S\u00e8vre, la place actuelle\u00a0n&rsquo;existe pas encore. L&rsquo;espace est occup\u00e9 par les tombes du Petit Cimeti\u00e8re et la chapelle Notre-Dame-des-Gr\u00e2ces. L&rsquo;\u00e9difice, dont la date de construction est ant\u00e9rieure\u00a0\u00e0 1601, appartient aux ch\u00e2telains de la Barbini\u00e8re. Lors de sa mission, le p\u00e8re de Montfort encourage les Saint-Laurentais\u00a0\u00e0 s&rsquo;\u00e9tablir en confr\u00e9rie. Pour<a class=\"moretag\" href=\"http:\/\/ricom-web.com\/monfort\/fr\/lieux\/chapelle-des-penitents\/\"><span class=\"screen-reader-text\">En savoir plus surChapelle des p\u00e9nitents<\/span>[&#8230;]<\/a><\/p>\n","protected":false},"author":1,"featured_media":0,"parent":8,"menu_order":0,"comment_status":"closed","ping_status":"closed","template":"","meta":{"footnotes":""},"yoast_head":"<!-- This site is optimized with the Yoast SEO plugin v24.3 - https:\/\/yoast.com\/wordpress\/plugins\/seo\/ -->\n<title>Chapelle des p\u00e9nitents - Sur les pas de Monfort<\/title>\n<meta name=\"description\" content=\"La Chapelle des p\u00e9nitents, (17eme si\u00e8cle) est un lieu de r\u00e9union de la confr\u00e9rie. Au 19e, la chapelle des p\u00e9nitents est remplac\u00e9 par la place des p\u00e9nitents\" \/>\n<meta name=\"robots\" content=\"noindex, follow, max-snippet:-1, max-image-preview:large, max-video-preview:-1\" \/>\n<meta property=\"og:locale\" content=\"fr_FR\" \/>\n<meta property=\"og:type\" content=\"article\" \/>\n<meta property=\"og:title\" content=\"Chapelle des p\u00e9nitents - Sur les pas de Monfort\" \/>\n<meta property=\"og:description\" content=\"La Chapelle des p\u00e9nitents, (17eme si\u00e8cle) est un lieu de r\u00e9union de la confr\u00e9rie. Au 19e, la chapelle des p\u00e9nitents est remplac\u00e9 par la place des p\u00e9nitents\" \/>\n<meta property=\"og:url\" content=\"http:\/\/ricom-web.com\/monfort\/fr\/lieux\/chapelle-des-penitents\/\" \/>\n<meta property=\"og:site_name\" content=\"Sur les pas de Monfort\" \/>\n<meta property=\"article:modified_time\" content=\"2017-03-06T09:53:29+00:00\" \/>\n<meta name=\"twitter:card\" content=\"summary_large_image\" \/>\n<meta name=\"twitter:label1\" content=\"Dur\u00e9e de lecture estim\u00e9e\" \/>\n\t<meta name=\"twitter:data1\" content=\"1 minute\" \/>\n<script type=\"application\/ld+json\" class=\"yoast-schema-graph\">{\"@context\":\"https:\/\/schema.org\",\"@graph\":[{\"@type\":\"WebPage\",\"@id\":\"http:\/\/ricom-web.com\/monfort\/fr\/lieux\/chapelle-des-penitents\/\",\"url\":\"http:\/\/ricom-web.com\/monfort\/fr\/lieux\/chapelle-des-penitents\/\",\"name\":\"Chapelle des p\u00e9nitents - Sur les pas de Monfort\",\"isPartOf\":{\"@id\":\"http:\/\/ricom-web.com\/monfort\/#website\"},\"datePublished\":\"2017-02-20T14:26:58+00:00\",\"dateModified\":\"2017-03-06T09:53:29+00:00\",\"description\":\"La Chapelle des p\u00e9nitents, (17eme si\u00e8cle) est un lieu de r\u00e9union de la confr\u00e9rie. Au 19e, la chapelle des p\u00e9nitents est remplac\u00e9 par la place des p\u00e9nitents\",\"breadcrumb\":{\"@id\":\"http:\/\/ricom-web.com\/monfort\/fr\/lieux\/chapelle-des-penitents\/#breadcrumb\"},\"inLanguage\":\"fr-FR\",\"potentialAction\":[{\"@type\":\"ReadAction\",\"target\":[\"http:\/\/ricom-web.com\/monfort\/fr\/lieux\/chapelle-des-penitents\/\"]}]},{\"@type\":\"BreadcrumbList\",\"@id\":\"http:\/\/ricom-web.com\/monfort\/fr\/lieux\/chapelle-des-penitents\/#breadcrumb\",\"itemListElement\":[{\"@type\":\"ListItem\",\"position\":1,\"name\":\"Accueil\",\"item\":\"http:\/\/ricom-web.com\/monfort\/fr\/sur-les-pas-de-monfort\/\"},{\"@type\":\"ListItem\",\"position\":2,\"name\":\"Lieux\",\"item\":\"http:\/\/ricom-web.com\/monfort\/fr\/lieux\/\"},{\"@type\":\"ListItem\",\"position\":3,\"name\":\"Chapelle des p\u00e9nitents\"}]},{\"@type\":\"WebSite\",\"@id\":\"http:\/\/ricom-web.com\/monfort\/#website\",\"url\":\"http:\/\/ricom-web.com\/monfort\/\",\"name\":\"Sur les pas de Monfort\",\"description\":\"Parcours d\u00e9couverte, sur les pas de Montfort\",\"potentialAction\":[{\"@type\":\"SearchAction\",\"target\":{\"@type\":\"EntryPoint\",\"urlTemplate\":\"http:\/\/ricom-web.com\/monfort\/?s={search_term_string}\"},\"query-input\":{\"@type\":\"PropertyValueSpecification\",\"valueRequired\":true,\"valueName\":\"search_term_string\"}}],\"inLanguage\":\"fr-FR\"}]}<\/script>\n<!-- \/ Yoast SEO plugin. -->","yoast_head_json":{"title":"Chapelle des p\u00e9nitents - Sur les pas de Monfort","description":"La Chapelle des p\u00e9nitents, (17eme si\u00e8cle) est un lieu de r\u00e9union de la confr\u00e9rie. Au 19e, la chapelle des p\u00e9nitents est remplac\u00e9 par la place des p\u00e9nitents","robots":{"index":"noindex","follow":"follow","max-snippet":"max-snippet:-1","max-image-preview":"max-image-preview:large","max-video-preview":"max-video-preview:-1"},"og_locale":"fr_FR","og_type":"article","og_title":"Chapelle des p\u00e9nitents - Sur les pas de Monfort","og_description":"La Chapelle des p\u00e9nitents, (17eme si\u00e8cle) est un lieu de r\u00e9union de la confr\u00e9rie. Au 19e, la chapelle des p\u00e9nitents est remplac\u00e9 par la place des p\u00e9nitents","og_url":"http:\/\/ricom-web.com\/monfort\/fr\/lieux\/chapelle-des-penitents\/","og_site_name":"Sur les pas de Monfort","article_modified_time":"2017-03-06T09:53:29+00:00","twitter_card":"summary_large_image","twitter_misc":{"Dur\u00e9e de lecture estim\u00e9e":"1 minute"},"schema":{"@context":"https:\/\/schema.org","@graph":[{"@type":"WebPage","@id":"http:\/\/ricom-web.com\/monfort\/fr\/lieux\/chapelle-des-penitents\/","url":"http:\/\/ricom-web.com\/monfort\/fr\/lieux\/chapelle-des-penitents\/","name":"Chapelle des p\u00e9nitents - Sur les pas de Monfort","isPartOf":{"@id":"http:\/\/ricom-web.com\/monfort\/#website"},"datePublished":"2017-02-20T14:26:58+00:00","dateModified":"2017-03-06T09:53:29+00:00","description":"La Chapelle des p\u00e9nitents, (17eme si\u00e8cle) est un lieu de r\u00e9union de la confr\u00e9rie. Au 19e, la chapelle des p\u00e9nitents est remplac\u00e9 par la place des p\u00e9nitents","breadcrumb":{"@id":"http:\/\/ricom-web.com\/monfort\/fr\/lieux\/chapelle-des-penitents\/#breadcrumb"},"inLanguage":"fr-FR","potentialAction":[{"@type":"ReadAction","target":["http:\/\/ricom-web.com\/monfort\/fr\/lieux\/chapelle-des-penitents\/"]}]},{"@type":"BreadcrumbList","@id":"http:\/\/ricom-web.com\/monfort\/fr\/lieux\/chapelle-des-penitents\/#breadcrumb","itemListElement":[{"@type":"ListItem","position":1,"name":"Accueil","item":"http:\/\/ricom-web.com\/monfort\/fr\/sur-les-pas-de-monfort\/"},{"@type":"ListItem","position":2,"name":"Lieux","item":"http:\/\/ricom-web.com\/monfort\/fr\/lieux\/"},{"@type":"ListItem","position":3,"name":"Chapelle des p\u00e9nitents"}]},{"@type":"WebSite","@id":"http:\/\/ricom-web.com\/monfort\/#website","url":"http:\/\/ricom-web.com\/monfort\/","name":"Sur les pas de Monfort","description":"Parcours d\u00e9couverte, sur les pas de Montfort","potentialAction":[{"@type":"SearchAction","target":{"@type":"EntryPoint","urlTemplate":"http:\/\/ricom-web.com\/monfort\/?s={search_term_string}"},"query-input":{"@type":"PropertyValueSpecification","valueRequired":true,"valueName":"search_term_string"}}],"inLanguage":"fr-FR"}]}},"_links":{"self":[{"href":"http:\/\/ricom-web.com\/monfort\/wp-json\/wp\/v2\/pages\/37"}],"collection":[{"href":"http:\/\/ricom-web.com\/monfort\/wp-json\/wp\/v2\/pages"}],"about":[{"href":"http:\/\/ricom-web.com\/monfort\/wp-json\/wp\/v2\/types\/page"}],"author":[{"embeddable":true,"href":"http:\/\/ricom-web.com\/monfort\/wp-json\/wp\/v2\/users\/1"}],"replies":[{"embeddable":true,"href":"http:\/\/ricom-web.com\/monfort\/wp-json\/wp\/v2\/comments?post=37"}],"version-history":[{"count":5,"href":"http:\/\/ricom-web.com\/monfort\/wp-json\/wp\/v2\/pages\/37\/revisions"}],"predecessor-version":[{"id":389,"href":"http:\/\/ricom-web.com\/monfort\/wp-json\/wp\/v2\/pages\/37\/revisions\/389"}],"up":[{"embeddable":true,"href":"http:\/\/ricom-web.com\/monfort\/wp-json\/wp\/v2\/pages\/8"}],"wp:attachment":[{"href":"http:\/\/ricom-web.com\/monfort\/wp-json\/wp\/v2\/media?parent=37"}],"curies":[{"name":"wp","href":"https:\/\/api.w.org\/{rel}","templated":true}]}}