{"id":39,"date":"2017-02-20T15:27:15","date_gmt":"2017-02-20T14:27:15","guid":{"rendered":"http:\/\/ricom-web.com\/monfort\/?page_id=39"},"modified":"2017-03-06T11:51:02","modified_gmt":"2017-03-06T10:51:02","slug":"maison-des-tisserands","status":"publish","type":"page","link":"http:\/\/ricom-web.com\/monfort\/fr\/lieux\/maison-des-tisserands\/","title":{"rendered":"Maison des Tisserands"},"content":{"rendered":"<p><strong>C&rsquo;est la pr\u00e9sence des nombreux moulins<\/strong> et le remplacement\u00a0de leurs meules par des moulins \u00e0 foulons ou autres m\u00e9canismes destin\u00e9s\u00a0au travail des textiles, <strong>qui favorise l&rsquo;arriv\u00e9e et l&rsquo;essor de tisserands\u00a0et de filandi\u00e8res \u00e0 Saint-Laurent-sur-S\u00e8vre !<\/strong><\/p>\n<p>Pour exercer leur savoir-faire, ces nouveaux arrivants am\u00e9nagent\u00a0leurs maisons car tisser demande beaucoup de place.\u00a0Et surtout une pi\u00e8ce de grande longueur pour permettre la production\u00a0des \u00e9toffes !<\/p>\n<p>Les maisons de tisserands sont donc souvent tr\u00e8s longues et leurs caves\u00a0encore plus !\u00a0Les propri\u00e9taires, vivant g\u00e9n\u00e9ralement dans la partie haute, r\u00e9servent\u00a0la cave pour leur activit\u00e9 professionnelle.<\/p>\n<p>Ces caves s&rsquo;\u00e9tendent sur toute la longueur d&rsquo;une ou de plusieurs\u00a0demeures. Quant aux soupiraux, ces petites ouvertures au ras de la rue,\u00a0ils permettent d&rsquo;apporter un peu de lumi\u00e8re pour travailler.<\/p>\n<p>Mais pourquoi s&rsquo;installer dans la cave et pas \u00e0 l&rsquo;\u00e9tage ?\u00a0Simplement parce que l&rsquo;humidit\u00e9 constante qui y r\u00e8gne facilite le tissage\u00a0et emp\u00eache les fibres textiles de casser.<\/p>\n<p>L&rsquo;hu-mi-di-t\u00e9 !\u00a0Tel est le secret de ceux qui savent tisser !<\/p>\n","protected":false},"excerpt":{"rendered":"<p>C&rsquo;est la pr\u00e9sence des nombreux moulins et le remplacement\u00a0de leurs meules par des moulins \u00e0 foulons ou autres m\u00e9canismes destin\u00e9s\u00a0au travail des textiles, qui favorise l&rsquo;arriv\u00e9e et l&rsquo;essor de tisserands\u00a0et de filandi\u00e8res \u00e0 Saint-Laurent-sur-S\u00e8vre ! Pour exercer leur savoir-faire, ces nouveaux arrivants am\u00e9nagent\u00a0leurs maisons car tisser demande beaucoup de place.\u00a0Et surtout une pi\u00e8ce de grande<a class=\"moretag\" href=\"http:\/\/ricom-web.com\/monfort\/fr\/lieux\/maison-des-tisserands\/\"><span class=\"screen-reader-text\">En savoir plus surMaison des Tisserands<\/span>[&#8230;]<\/a><\/p>\n","protected":false},"author":1,"featured_media":0,"parent":8,"menu_order":0,"comment_status":"closed","ping_status":"closed","template":"","meta":{"footnotes":""},"yoast_head":"<!-- This site is optimized with the Yoast SEO plugin v24.3 - https:\/\/yoast.com\/wordpress\/plugins\/seo\/ -->\n<title>Maison des Tisserands - Sur les pas de Monfort<\/title>\n<meta name=\"description\" content=\"La pr\u00e9sence des moulins \u00e0 St Laurent favorise l&#039;arriv\u00e9e des tisserands. Longues, et avec de grandes caves, Les maisons de tisserands sont particuli\u00e8res\" \/>\n<meta name=\"robots\" content=\"noindex, follow, max-snippet:-1, max-image-preview:large, max-video-preview:-1\" \/>\n<meta property=\"og:locale\" content=\"fr_FR\" \/>\n<meta property=\"og:type\" content=\"article\" \/>\n<meta property=\"og:title\" content=\"Maison des Tisserands - Sur les pas de Monfort\" \/>\n<meta property=\"og:description\" content=\"La pr\u00e9sence des moulins \u00e0 St Laurent favorise l&#039;arriv\u00e9e des tisserands. Longues, et avec de grandes caves, Les maisons de tisserands sont particuli\u00e8res\" \/>\n<meta property=\"og:url\" content=\"http:\/\/ricom-web.com\/monfort\/fr\/lieux\/maison-des-tisserands\/\" \/>\n<meta property=\"og:site_name\" content=\"Sur les pas de Monfort\" \/>\n<meta property=\"article:modified_time\" content=\"2017-03-06T10:51:02+00:00\" \/>\n<meta name=\"twitter:card\" content=\"summary_large_image\" \/>\n<meta name=\"twitter:label1\" content=\"Dur\u00e9e de lecture estim\u00e9e\" \/>\n\t<meta name=\"twitter:data1\" content=\"1 minute\" \/>\n<script type=\"application\/ld+json\" class=\"yoast-schema-graph\">{\"@context\":\"https:\/\/schema.org\",\"@graph\":[{\"@type\":\"WebPage\",\"@id\":\"http:\/\/ricom-web.com\/monfort\/fr\/lieux\/maison-des-tisserands\/\",\"url\":\"http:\/\/ricom-web.com\/monfort\/fr\/lieux\/maison-des-tisserands\/\",\"name\":\"Maison des Tisserands - Sur les pas de Monfort\",\"isPartOf\":{\"@id\":\"http:\/\/ricom-web.com\/monfort\/#website\"},\"datePublished\":\"2017-02-20T14:27:15+00:00\",\"dateModified\":\"2017-03-06T10:51:02+00:00\",\"description\":\"La pr\u00e9sence des moulins \u00e0 St Laurent favorise l'arriv\u00e9e des tisserands. Longues, et avec de grandes caves, Les maisons de tisserands sont particuli\u00e8res\",\"breadcrumb\":{\"@id\":\"http:\/\/ricom-web.com\/monfort\/fr\/lieux\/maison-des-tisserands\/#breadcrumb\"},\"inLanguage\":\"fr-FR\",\"potentialAction\":[{\"@type\":\"ReadAction\",\"target\":[\"http:\/\/ricom-web.com\/monfort\/fr\/lieux\/maison-des-tisserands\/\"]}]},{\"@type\":\"BreadcrumbList\",\"@id\":\"http:\/\/ricom-web.com\/monfort\/fr\/lieux\/maison-des-tisserands\/#breadcrumb\",\"itemListElement\":[{\"@type\":\"ListItem\",\"position\":1,\"name\":\"Accueil\",\"item\":\"http:\/\/ricom-web.com\/monfort\/fr\/sur-les-pas-de-monfort\/\"},{\"@type\":\"ListItem\",\"position\":2,\"name\":\"Lieux\",\"item\":\"http:\/\/ricom-web.com\/monfort\/fr\/lieux\/\"},{\"@type\":\"ListItem\",\"position\":3,\"name\":\"Maison des Tisserands\"}]},{\"@type\":\"WebSite\",\"@id\":\"http:\/\/ricom-web.com\/monfort\/#website\",\"url\":\"http:\/\/ricom-web.com\/monfort\/\",\"name\":\"Sur les pas de Monfort\",\"description\":\"Parcours d\u00e9couverte, sur les pas de Montfort\",\"potentialAction\":[{\"@type\":\"SearchAction\",\"target\":{\"@type\":\"EntryPoint\",\"urlTemplate\":\"http:\/\/ricom-web.com\/monfort\/?s={search_term_string}\"},\"query-input\":{\"@type\":\"PropertyValueSpecification\",\"valueRequired\":true,\"valueName\":\"search_term_string\"}}],\"inLanguage\":\"fr-FR\"}]}<\/script>\n<!-- \/ Yoast SEO plugin. -->","yoast_head_json":{"title":"Maison des Tisserands - Sur les pas de Monfort","description":"La pr\u00e9sence des moulins \u00e0 St Laurent favorise l'arriv\u00e9e des tisserands. Longues, et avec de grandes caves, Les maisons de tisserands sont particuli\u00e8res","robots":{"index":"noindex","follow":"follow","max-snippet":"max-snippet:-1","max-image-preview":"max-image-preview:large","max-video-preview":"max-video-preview:-1"},"og_locale":"fr_FR","og_type":"article","og_title":"Maison des Tisserands - Sur les pas de Monfort","og_description":"La pr\u00e9sence des moulins \u00e0 St Laurent favorise l'arriv\u00e9e des tisserands. Longues, et avec de grandes caves, Les maisons de tisserands sont particuli\u00e8res","og_url":"http:\/\/ricom-web.com\/monfort\/fr\/lieux\/maison-des-tisserands\/","og_site_name":"Sur les pas de Monfort","article_modified_time":"2017-03-06T10:51:02+00:00","twitter_card":"summary_large_image","twitter_misc":{"Dur\u00e9e de lecture estim\u00e9e":"1 minute"},"schema":{"@context":"https:\/\/schema.org","@graph":[{"@type":"WebPage","@id":"http:\/\/ricom-web.com\/monfort\/fr\/lieux\/maison-des-tisserands\/","url":"http:\/\/ricom-web.com\/monfort\/fr\/lieux\/maison-des-tisserands\/","name":"Maison des Tisserands - Sur les pas de Monfort","isPartOf":{"@id":"http:\/\/ricom-web.com\/monfort\/#website"},"datePublished":"2017-02-20T14:27:15+00:00","dateModified":"2017-03-06T10:51:02+00:00","description":"La pr\u00e9sence des moulins \u00e0 St Laurent favorise l'arriv\u00e9e des tisserands. Longues, et avec de grandes caves, Les maisons de tisserands sont particuli\u00e8res","breadcrumb":{"@id":"http:\/\/ricom-web.com\/monfort\/fr\/lieux\/maison-des-tisserands\/#breadcrumb"},"inLanguage":"fr-FR","potentialAction":[{"@type":"ReadAction","target":["http:\/\/ricom-web.com\/monfort\/fr\/lieux\/maison-des-tisserands\/"]}]},{"@type":"BreadcrumbList","@id":"http:\/\/ricom-web.com\/monfort\/fr\/lieux\/maison-des-tisserands\/#breadcrumb","itemListElement":[{"@type":"ListItem","position":1,"name":"Accueil","item":"http:\/\/ricom-web.com\/monfort\/fr\/sur-les-pas-de-monfort\/"},{"@type":"ListItem","position":2,"name":"Lieux","item":"http:\/\/ricom-web.com\/monfort\/fr\/lieux\/"},{"@type":"ListItem","position":3,"name":"Maison des Tisserands"}]},{"@type":"WebSite","@id":"http:\/\/ricom-web.com\/monfort\/#website","url":"http:\/\/ricom-web.com\/monfort\/","name":"Sur les pas de Monfort","description":"Parcours d\u00e9couverte, sur les pas de Montfort","potentialAction":[{"@type":"SearchAction","target":{"@type":"EntryPoint","urlTemplate":"http:\/\/ricom-web.com\/monfort\/?s={search_term_string}"},"query-input":{"@type":"PropertyValueSpecification","valueRequired":true,"valueName":"search_term_string"}}],"inLanguage":"fr-FR"}]}},"_links":{"self":[{"href":"http:\/\/ricom-web.com\/monfort\/wp-json\/wp\/v2\/pages\/39"}],"collection":[{"href":"http:\/\/ricom-web.com\/monfort\/wp-json\/wp\/v2\/pages"}],"about":[{"href":"http:\/\/ricom-web.com\/monfort\/wp-json\/wp\/v2\/types\/page"}],"author":[{"embeddable":true,"href":"http:\/\/ricom-web.com\/monfort\/wp-json\/wp\/v2\/users\/1"}],"replies":[{"embeddable":true,"href":"http:\/\/ricom-web.com\/monfort\/wp-json\/wp\/v2\/comments?post=39"}],"version-history":[{"count":5,"href":"http:\/\/ricom-web.com\/monfort\/wp-json\/wp\/v2\/pages\/39\/revisions"}],"predecessor-version":[{"id":400,"href":"http:\/\/ricom-web.com\/monfort\/wp-json\/wp\/v2\/pages\/39\/revisions\/400"}],"up":[{"embeddable":true,"href":"http:\/\/ricom-web.com\/monfort\/wp-json\/wp\/v2\/pages\/8"}],"wp:attachment":[{"href":"http:\/\/ricom-web.com\/monfort\/wp-json\/wp\/v2\/media?parent=39"}],"curies":[{"name":"wp","href":"https:\/\/api.w.org\/{rel}","templated":true}]}}