{"id":41,"date":"2017-02-20T15:27:35","date_gmt":"2017-02-20T14:27:35","guid":{"rendered":"http:\/\/ricom-web.com\/monfort\/?page_id=41"},"modified":"2017-03-06T11:10:00","modified_gmt":"2017-03-06T10:10:00","slug":"chapelle-sainte-anne","status":"publish","type":"page","link":"http:\/\/ricom-web.com\/monfort\/fr\/lieux\/chapelle-sainte-anne\/","title":{"rendered":"Chapelle Sainte Anne"},"content":{"rendered":"<div>\n<p><strong>L&rsquo;histoire de la chapelle Sainte-Anne d\u00e9bute en 1848, \u00e0 la suite d&rsquo;une m\u00e9saventure v\u00e9cue par le Fr\u00e8re Sim\u00e9on, alors Sup\u00e9rieur G\u00e9n\u00e9ral des Fr\u00e8res de Saint-Gabriel.<\/strong><\/p>\n<p>Victime d&rsquo;une impressionnante chute de cheval dont il ressort indemne, le Fr\u00e8re formule le v\u0153u, en signe de reconnaissance, d&rsquo;\u00e9difier une chapelle consacr\u00e9e \u00e0 sainte Anne, la m\u00e8re de la Vierge Marie dont le culte est tr\u00e8s r\u00e9pandu au 19e si\u00e8cle.<\/p>\n<p>L&#8217;emplacement de la future chapelle est trouv\u00e9 en 1855. Il s&rsquo;agit d&rsquo;un endroit d\u00e9j\u00e0 occup\u00e9 par la \u00ab Croix de Caillas \u00bb, dans le pi\u00e9destal de laquelle le Fr\u00e8re Sim\u00e9on glisse une m\u00e9daille et s&rsquo;adresse \u00e0 sainte Anne en ces mots : \u00ab <em>J&rsquo;ai sem\u00e9 votre m\u00e9daille ; \u00e0 vous maintenant d&rsquo;y faire pousser une chapelle<\/em> \u00bb.<\/p>\n<p>Cinq ans plus tard, gr\u00e2ce \u00e0 la mobilisation de plusieurs bonnes volont\u00e9s, la chapelle est b\u00e2tie ! Le 8 avril 1861, le P\u00e8re Galliot la b\u00e9nit devant 4 000 personnes.<\/p>\n<p>Par la suite, et pendant de nombreuses d\u00e9cennies, les \u00e9l\u00e8ves de Saint-Gabriel s&rsquo;y rendent tous les dimanches de l&rsquo;ann\u00e9e scolaire. R\u00e9cemment restaur\u00e9e gr\u00e2ce \u00e0 une nouvelle souscription, cette chapelle n\u00e9ogothique est agr\u00e9ment\u00e9e de vitraux r\u00e9alis\u00e9s par Julien L\u00e9opold Lobin.<\/p>\n<p>Le m\u00eame ma\u00eetre-verrier qui avait r\u00e9alis\u00e9 les vitraux de l&rsquo;ancienne \u00e9glise paroissiale aujourd&rsquo;hui remplac\u00e9e par la Basilique.<\/p>\n<\/div>\n","protected":false},"excerpt":{"rendered":"<p>L&rsquo;histoire de la chapelle Sainte-Anne d\u00e9bute en 1848, \u00e0 la suite d&rsquo;une m\u00e9saventure v\u00e9cue par le Fr\u00e8re Sim\u00e9on, alors Sup\u00e9rieur G\u00e9n\u00e9ral des Fr\u00e8res de Saint-Gabriel. Victime d&rsquo;une impressionnante chute de cheval dont il ressort indemne, le Fr\u00e8re formule le v\u0153u, en signe de reconnaissance, d&rsquo;\u00e9difier une chapelle consacr\u00e9e \u00e0 sainte Anne, la m\u00e8re de la<a class=\"moretag\" href=\"http:\/\/ricom-web.com\/monfort\/fr\/lieux\/chapelle-sainte-anne\/\"><span class=\"screen-reader-text\">En savoir plus surChapelle Sainte Anne<\/span>[&#8230;]<\/a><\/p>\n","protected":false},"author":1,"featured_media":0,"parent":8,"menu_order":0,"comment_status":"closed","ping_status":"closed","template":"","meta":{"footnotes":""},"yoast_head":"<!-- This site is optimized with the Yoast SEO plugin v24.3 - https:\/\/yoast.com\/wordpress\/plugins\/seo\/ -->\n<title>Chapelle Sainte Anne - Sur les pas de Monfort<\/title>\n<meta name=\"description\" content=\"La chapelle St Anne est construite apr\u00e8s une chute de cheval du Fr\u00e8re Sim\u00e9on, qui promets d&#039;\u00e9difier une chapelle &quot;sainte Anne&quot;, la m\u00e8re de la Vierge Marie\" \/>\n<meta name=\"robots\" content=\"noindex, follow, max-snippet:-1, max-image-preview:large, max-video-preview:-1\" \/>\n<meta property=\"og:locale\" content=\"fr_FR\" \/>\n<meta property=\"og:type\" content=\"article\" \/>\n<meta property=\"og:title\" content=\"Chapelle Sainte Anne - Sur les pas de Monfort\" \/>\n<meta property=\"og:description\" content=\"La chapelle St Anne est construite apr\u00e8s une chute de cheval du Fr\u00e8re Sim\u00e9on, qui promets d&#039;\u00e9difier une chapelle &quot;sainte Anne&quot;, la m\u00e8re de la Vierge Marie\" \/>\n<meta property=\"og:url\" content=\"http:\/\/ricom-web.com\/monfort\/fr\/lieux\/chapelle-sainte-anne\/\" \/>\n<meta property=\"og:site_name\" content=\"Sur les pas de Monfort\" \/>\n<meta property=\"article:modified_time\" content=\"2017-03-06T10:10:00+00:00\" \/>\n<meta name=\"twitter:card\" content=\"summary_large_image\" \/>\n<meta name=\"twitter:label1\" content=\"Dur\u00e9e de lecture estim\u00e9e\" \/>\n\t<meta name=\"twitter:data1\" content=\"1 minute\" \/>\n<script type=\"application\/ld+json\" class=\"yoast-schema-graph\">{\"@context\":\"https:\/\/schema.org\",\"@graph\":[{\"@type\":\"WebPage\",\"@id\":\"http:\/\/ricom-web.com\/monfort\/fr\/lieux\/chapelle-sainte-anne\/\",\"url\":\"http:\/\/ricom-web.com\/monfort\/fr\/lieux\/chapelle-sainte-anne\/\",\"name\":\"Chapelle Sainte Anne - Sur les pas de Monfort\",\"isPartOf\":{\"@id\":\"http:\/\/ricom-web.com\/monfort\/#website\"},\"datePublished\":\"2017-02-20T14:27:35+00:00\",\"dateModified\":\"2017-03-06T10:10:00+00:00\",\"description\":\"La chapelle St Anne est construite apr\u00e8s une chute de cheval du Fr\u00e8re Sim\u00e9on, qui promets d'\u00e9difier une chapelle \\\"sainte Anne\\\", la m\u00e8re de la Vierge Marie\",\"breadcrumb\":{\"@id\":\"http:\/\/ricom-web.com\/monfort\/fr\/lieux\/chapelle-sainte-anne\/#breadcrumb\"},\"inLanguage\":\"fr-FR\",\"potentialAction\":[{\"@type\":\"ReadAction\",\"target\":[\"http:\/\/ricom-web.com\/monfort\/fr\/lieux\/chapelle-sainte-anne\/\"]}]},{\"@type\":\"BreadcrumbList\",\"@id\":\"http:\/\/ricom-web.com\/monfort\/fr\/lieux\/chapelle-sainte-anne\/#breadcrumb\",\"itemListElement\":[{\"@type\":\"ListItem\",\"position\":1,\"name\":\"Accueil\",\"item\":\"http:\/\/ricom-web.com\/monfort\/fr\/sur-les-pas-de-monfort\/\"},{\"@type\":\"ListItem\",\"position\":2,\"name\":\"Lieux\",\"item\":\"http:\/\/ricom-web.com\/monfort\/fr\/lieux\/\"},{\"@type\":\"ListItem\",\"position\":3,\"name\":\"Chapelle Sainte Anne\"}]},{\"@type\":\"WebSite\",\"@id\":\"http:\/\/ricom-web.com\/monfort\/#website\",\"url\":\"http:\/\/ricom-web.com\/monfort\/\",\"name\":\"Sur les pas de Monfort\",\"description\":\"Parcours d\u00e9couverte, sur les pas de Montfort\",\"potentialAction\":[{\"@type\":\"SearchAction\",\"target\":{\"@type\":\"EntryPoint\",\"urlTemplate\":\"http:\/\/ricom-web.com\/monfort\/?s={search_term_string}\"},\"query-input\":{\"@type\":\"PropertyValueSpecification\",\"valueRequired\":true,\"valueName\":\"search_term_string\"}}],\"inLanguage\":\"fr-FR\"}]}<\/script>\n<!-- \/ Yoast SEO plugin. -->","yoast_head_json":{"title":"Chapelle Sainte Anne - Sur les pas de Monfort","description":"La chapelle St Anne est construite apr\u00e8s une chute de cheval du Fr\u00e8re Sim\u00e9on, qui promets d'\u00e9difier une chapelle \"sainte Anne\", la m\u00e8re de la Vierge Marie","robots":{"index":"noindex","follow":"follow","max-snippet":"max-snippet:-1","max-image-preview":"max-image-preview:large","max-video-preview":"max-video-preview:-1"},"og_locale":"fr_FR","og_type":"article","og_title":"Chapelle Sainte Anne - Sur les pas de Monfort","og_description":"La chapelle St Anne est construite apr\u00e8s une chute de cheval du Fr\u00e8re Sim\u00e9on, qui promets d'\u00e9difier une chapelle \"sainte Anne\", la m\u00e8re de la Vierge Marie","og_url":"http:\/\/ricom-web.com\/monfort\/fr\/lieux\/chapelle-sainte-anne\/","og_site_name":"Sur les pas de Monfort","article_modified_time":"2017-03-06T10:10:00+00:00","twitter_card":"summary_large_image","twitter_misc":{"Dur\u00e9e de lecture estim\u00e9e":"1 minute"},"schema":{"@context":"https:\/\/schema.org","@graph":[{"@type":"WebPage","@id":"http:\/\/ricom-web.com\/monfort\/fr\/lieux\/chapelle-sainte-anne\/","url":"http:\/\/ricom-web.com\/monfort\/fr\/lieux\/chapelle-sainte-anne\/","name":"Chapelle Sainte Anne - Sur les pas de Monfort","isPartOf":{"@id":"http:\/\/ricom-web.com\/monfort\/#website"},"datePublished":"2017-02-20T14:27:35+00:00","dateModified":"2017-03-06T10:10:00+00:00","description":"La chapelle St Anne est construite apr\u00e8s une chute de cheval du Fr\u00e8re Sim\u00e9on, qui promets d'\u00e9difier une chapelle \"sainte Anne\", la m\u00e8re de la Vierge Marie","breadcrumb":{"@id":"http:\/\/ricom-web.com\/monfort\/fr\/lieux\/chapelle-sainte-anne\/#breadcrumb"},"inLanguage":"fr-FR","potentialAction":[{"@type":"ReadAction","target":["http:\/\/ricom-web.com\/monfort\/fr\/lieux\/chapelle-sainte-anne\/"]}]},{"@type":"BreadcrumbList","@id":"http:\/\/ricom-web.com\/monfort\/fr\/lieux\/chapelle-sainte-anne\/#breadcrumb","itemListElement":[{"@type":"ListItem","position":1,"name":"Accueil","item":"http:\/\/ricom-web.com\/monfort\/fr\/sur-les-pas-de-monfort\/"},{"@type":"ListItem","position":2,"name":"Lieux","item":"http:\/\/ricom-web.com\/monfort\/fr\/lieux\/"},{"@type":"ListItem","position":3,"name":"Chapelle Sainte Anne"}]},{"@type":"WebSite","@id":"http:\/\/ricom-web.com\/monfort\/#website","url":"http:\/\/ricom-web.com\/monfort\/","name":"Sur les pas de Monfort","description":"Parcours d\u00e9couverte, sur les pas de Montfort","potentialAction":[{"@type":"SearchAction","target":{"@type":"EntryPoint","urlTemplate":"http:\/\/ricom-web.com\/monfort\/?s={search_term_string}"},"query-input":{"@type":"PropertyValueSpecification","valueRequired":true,"valueName":"search_term_string"}}],"inLanguage":"fr-FR"}]}},"_links":{"self":[{"href":"http:\/\/ricom-web.com\/monfort\/wp-json\/wp\/v2\/pages\/41"}],"collection":[{"href":"http:\/\/ricom-web.com\/monfort\/wp-json\/wp\/v2\/pages"}],"about":[{"href":"http:\/\/ricom-web.com\/monfort\/wp-json\/wp\/v2\/types\/page"}],"author":[{"embeddable":true,"href":"http:\/\/ricom-web.com\/monfort\/wp-json\/wp\/v2\/users\/1"}],"replies":[{"embeddable":true,"href":"http:\/\/ricom-web.com\/monfort\/wp-json\/wp\/v2\/comments?post=41"}],"version-history":[{"count":5,"href":"http:\/\/ricom-web.com\/monfort\/wp-json\/wp\/v2\/pages\/41\/revisions"}],"predecessor-version":[{"id":391,"href":"http:\/\/ricom-web.com\/monfort\/wp-json\/wp\/v2\/pages\/41\/revisions\/391"}],"up":[{"embeddable":true,"href":"http:\/\/ricom-web.com\/monfort\/wp-json\/wp\/v2\/pages\/8"}],"wp:attachment":[{"href":"http:\/\/ricom-web.com\/monfort\/wp-json\/wp\/v2\/media?parent=41"}],"curies":[{"name":"wp","href":"https:\/\/api.w.org\/{rel}","templated":true}]}}