{"id":43,"date":"2017-02-20T15:29:02","date_gmt":"2017-02-20T14:29:02","guid":{"rendered":"http:\/\/ricom-web.com\/monfort\/?page_id=43"},"modified":"2017-03-06T12:14:34","modified_gmt":"2017-03-06T11:14:34","slug":"une-ville-au-coeur-du-bocage-vendeen","status":"publish","type":"page","link":"http:\/\/ricom-web.com\/monfort\/fr\/lieux\/une-ville-au-coeur-du-bocage-vendeen\/","title":{"rendered":"Une ville au coeur du bocage vend\u00e9en"},"content":{"rendered":"<h2>S\u00e8vre nantaise et viaduc de Barbin<\/h2>\n<p>Des crues, des remous, des tourbillons, c&rsquo;est qu&rsquo;elle a de la force la S\u00e8vre\u00a0Nantaise !<\/p>\n<p>Exploit\u00e9e pendant bien longtemps, elle a largement particip\u00e9 \u00e0 l&rsquo;essor\u00a0\u00e9conomique de Saint-Laurent-sur-S\u00e8vre en lui permettant de conserver\u00a0sa population et m\u00eame de l&rsquo;augmenter malgr\u00e9 son \u00e9loignement\u00a0des grandes villes. Une aubaine pour cette r\u00e9gion enclav\u00e9e dont le besoin de s&rsquo;ouvrir\u00a0aux autres r\u00e9gions grandit \u00e0 partir du 19e si\u00e8cle. Les habitants du bocage\u00a0vend\u00e9en veulent alors en finir avec l&rsquo;\u00e9loignement et les difficult\u00e9s\u00a0d&rsquo;exportations des produits.<\/p>\n<p>Comme le chemin de fer se d\u00e9veloppe, on envisage la construction\u00a0d&rsquo;une voie ferr\u00e9e.<\/p>\n<p>Le projet s\u00e9duit d&rsquo;autant plus qu&rsquo;il pourrait permettre d&rsquo;acheminer\u00a0des engrais pour am\u00e9liorer les cultures ou d&rsquo;importer du charbon\u00a0ou des mati\u00e8res premi\u00e8res pour les industries.<\/p>\n<p>En 1904, les travaux du viaduc de Barbin d\u00e9butent enfin.<\/p>\n<p><strong>Situ\u00e9 aux limites sud de Saint-Laurent-sur-S\u00e8vre au coeur du bocage vend\u00e9en, Barbin est ce grand\u00a0et haut pont de pierres avec ses piliers massifs qui forment des arcades.<\/strong><\/p>\n<p>Au tout d\u00e9but du 20e si\u00e8cle, c&rsquo;est un chantier d&rsquo;envergure. Les travaux\u00a0durent jusqu&rsquo;en 1907.<\/p>\n<p>Lorsqu&rsquo;on s&rsquo;y rend en empruntant les sentiers de randonn\u00e9es, on peut\u00a0observer des dates sur le pont : 1904 &#8211; 1907. Graver chacun de ces chiffres\u00a0a repr\u00e9sent\u00e9 pr\u00e8s de huit jours de labeur pour le sculpteur.<\/p>\n<div>\n<p>Malheureusement, en 1944, pendant la seconde guerre mondiale,\u00a0une bombe frappe l&rsquo;une des arches du viaduc. La reconstruction est\u00a0lanc\u00e9e rapidement, mais s&rsquo;\u00e9ternise&#8230;<\/p>\n<p>Ironie du sort, une fois la remise en \u00e9tat effectu\u00e9e, le train n&rsquo;est d\u00e9j\u00e0\u00a0plus utilis\u00e9 par les voyageurs, seulement par les marchandises. D&rsquo;autres\u00a0moyens de transport l&rsquo;ont remplac\u00e9 !<\/p>\n<p>Le beau Viaduc de Barbin n&rsquo;a donc pas beaucoup servi&#8230; m\u00eame si,\u00a0heureusement, depuis 1985, un train touristique \u00e0 vapeur circule\u00a0\u00e0 nouveau dessus.<\/p>\n<\/div>\n","protected":false},"excerpt":{"rendered":"<p>S\u00e8vre nantaise et viaduc de Barbin Des crues, des remous, des tourbillons, c&rsquo;est qu&rsquo;elle a de la force la S\u00e8vre\u00a0Nantaise ! Exploit\u00e9e pendant bien longtemps, elle a largement particip\u00e9 \u00e0 l&rsquo;essor\u00a0\u00e9conomique de Saint-Laurent-sur-S\u00e8vre en lui permettant de conserver\u00a0sa population et m\u00eame de l&rsquo;augmenter malgr\u00e9 son \u00e9loignement\u00a0des grandes villes. Une aubaine pour cette r\u00e9gion enclav\u00e9e dont<a class=\"moretag\" href=\"http:\/\/ricom-web.com\/monfort\/fr\/lieux\/une-ville-au-coeur-du-bocage-vendeen\/\"><span class=\"screen-reader-text\">En savoir plus surUne ville au coeur du bocage vend\u00e9en<\/span>[&#8230;]<\/a><\/p>\n","protected":false},"author":1,"featured_media":0,"parent":8,"menu_order":0,"comment_status":"closed","ping_status":"closed","template":"","meta":{"footnotes":""},"yoast_head":"<!-- This site is optimized with the Yoast SEO plugin v24.3 - https:\/\/yoast.com\/wordpress\/plugins\/seo\/ -->\n<title>Une ville au coeur du bocage vend\u00e9en - Sur les pas de Monfort<\/title>\n<meta name=\"description\" content=\"au c\u0153ur du bocage vend\u00e9en, entre la s\u00e8vre nantaise et la commune de St Laurent sur S\u00e8vre se situe le pont ou viaduc de Barbin\" \/>\n<meta name=\"robots\" content=\"noindex, follow, max-snippet:-1, max-image-preview:large, max-video-preview:-1\" \/>\n<meta property=\"og:locale\" content=\"fr_FR\" \/>\n<meta property=\"og:type\" content=\"article\" \/>\n<meta property=\"og:title\" content=\"Une ville au coeur du bocage vend\u00e9en - Sur les pas de Monfort\" \/>\n<meta property=\"og:description\" content=\"au c\u0153ur du bocage vend\u00e9en, entre la s\u00e8vre nantaise et la commune de St Laurent sur S\u00e8vre se situe le pont ou viaduc de Barbin\" \/>\n<meta property=\"og:url\" content=\"http:\/\/ricom-web.com\/monfort\/fr\/lieux\/une-ville-au-coeur-du-bocage-vendeen\/\" \/>\n<meta property=\"og:site_name\" content=\"Sur les pas de Monfort\" \/>\n<meta property=\"article:modified_time\" content=\"2017-03-06T11:14:34+00:00\" \/>\n<meta name=\"twitter:card\" content=\"summary_large_image\" \/>\n<meta name=\"twitter:label1\" content=\"Dur\u00e9e de lecture estim\u00e9e\" \/>\n\t<meta name=\"twitter:data1\" content=\"2 minutes\" \/>\n<script type=\"application\/ld+json\" class=\"yoast-schema-graph\">{\"@context\":\"https:\/\/schema.org\",\"@graph\":[{\"@type\":\"WebPage\",\"@id\":\"http:\/\/ricom-web.com\/monfort\/fr\/lieux\/une-ville-au-coeur-du-bocage-vendeen\/\",\"url\":\"http:\/\/ricom-web.com\/monfort\/fr\/lieux\/une-ville-au-coeur-du-bocage-vendeen\/\",\"name\":\"Une ville au coeur du bocage vend\u00e9en - Sur les pas de Monfort\",\"isPartOf\":{\"@id\":\"http:\/\/ricom-web.com\/monfort\/#website\"},\"datePublished\":\"2017-02-20T14:29:02+00:00\",\"dateModified\":\"2017-03-06T11:14:34+00:00\",\"description\":\"au c\u0153ur du bocage vend\u00e9en, entre la s\u00e8vre nantaise et la commune de St Laurent sur S\u00e8vre se situe le pont ou viaduc de Barbin\",\"breadcrumb\":{\"@id\":\"http:\/\/ricom-web.com\/monfort\/fr\/lieux\/une-ville-au-coeur-du-bocage-vendeen\/#breadcrumb\"},\"inLanguage\":\"fr-FR\",\"potentialAction\":[{\"@type\":\"ReadAction\",\"target\":[\"http:\/\/ricom-web.com\/monfort\/fr\/lieux\/une-ville-au-coeur-du-bocage-vendeen\/\"]}]},{\"@type\":\"BreadcrumbList\",\"@id\":\"http:\/\/ricom-web.com\/monfort\/fr\/lieux\/une-ville-au-coeur-du-bocage-vendeen\/#breadcrumb\",\"itemListElement\":[{\"@type\":\"ListItem\",\"position\":1,\"name\":\"Accueil\",\"item\":\"http:\/\/ricom-web.com\/monfort\/fr\/sur-les-pas-de-monfort\/\"},{\"@type\":\"ListItem\",\"position\":2,\"name\":\"Lieux\",\"item\":\"http:\/\/ricom-web.com\/monfort\/fr\/lieux\/\"},{\"@type\":\"ListItem\",\"position\":3,\"name\":\"Une ville au coeur du bocage vend\u00e9en\"}]},{\"@type\":\"WebSite\",\"@id\":\"http:\/\/ricom-web.com\/monfort\/#website\",\"url\":\"http:\/\/ricom-web.com\/monfort\/\",\"name\":\"Sur les pas de Monfort\",\"description\":\"Parcours d\u00e9couverte, sur les pas de Montfort\",\"potentialAction\":[{\"@type\":\"SearchAction\",\"target\":{\"@type\":\"EntryPoint\",\"urlTemplate\":\"http:\/\/ricom-web.com\/monfort\/?s={search_term_string}\"},\"query-input\":{\"@type\":\"PropertyValueSpecification\",\"valueRequired\":true,\"valueName\":\"search_term_string\"}}],\"inLanguage\":\"fr-FR\"}]}<\/script>\n<!-- \/ Yoast SEO plugin. -->","yoast_head_json":{"title":"Une ville au coeur du bocage vend\u00e9en - Sur les pas de Monfort","description":"au c\u0153ur du bocage vend\u00e9en, entre la s\u00e8vre nantaise et la commune de St Laurent sur S\u00e8vre se situe le pont ou viaduc de Barbin","robots":{"index":"noindex","follow":"follow","max-snippet":"max-snippet:-1","max-image-preview":"max-image-preview:large","max-video-preview":"max-video-preview:-1"},"og_locale":"fr_FR","og_type":"article","og_title":"Une ville au coeur du bocage vend\u00e9en - Sur les pas de Monfort","og_description":"au c\u0153ur du bocage vend\u00e9en, entre la s\u00e8vre nantaise et la commune de St Laurent sur S\u00e8vre se situe le pont ou viaduc de Barbin","og_url":"http:\/\/ricom-web.com\/monfort\/fr\/lieux\/une-ville-au-coeur-du-bocage-vendeen\/","og_site_name":"Sur les pas de Monfort","article_modified_time":"2017-03-06T11:14:34+00:00","twitter_card":"summary_large_image","twitter_misc":{"Dur\u00e9e de lecture estim\u00e9e":"2 minutes"},"schema":{"@context":"https:\/\/schema.org","@graph":[{"@type":"WebPage","@id":"http:\/\/ricom-web.com\/monfort\/fr\/lieux\/une-ville-au-coeur-du-bocage-vendeen\/","url":"http:\/\/ricom-web.com\/monfort\/fr\/lieux\/une-ville-au-coeur-du-bocage-vendeen\/","name":"Une ville au coeur du bocage vend\u00e9en - Sur les pas de Monfort","isPartOf":{"@id":"http:\/\/ricom-web.com\/monfort\/#website"},"datePublished":"2017-02-20T14:29:02+00:00","dateModified":"2017-03-06T11:14:34+00:00","description":"au c\u0153ur du bocage vend\u00e9en, entre la s\u00e8vre nantaise et la commune de St Laurent sur S\u00e8vre se situe le pont ou viaduc de Barbin","breadcrumb":{"@id":"http:\/\/ricom-web.com\/monfort\/fr\/lieux\/une-ville-au-coeur-du-bocage-vendeen\/#breadcrumb"},"inLanguage":"fr-FR","potentialAction":[{"@type":"ReadAction","target":["http:\/\/ricom-web.com\/monfort\/fr\/lieux\/une-ville-au-coeur-du-bocage-vendeen\/"]}]},{"@type":"BreadcrumbList","@id":"http:\/\/ricom-web.com\/monfort\/fr\/lieux\/une-ville-au-coeur-du-bocage-vendeen\/#breadcrumb","itemListElement":[{"@type":"ListItem","position":1,"name":"Accueil","item":"http:\/\/ricom-web.com\/monfort\/fr\/sur-les-pas-de-monfort\/"},{"@type":"ListItem","position":2,"name":"Lieux","item":"http:\/\/ricom-web.com\/monfort\/fr\/lieux\/"},{"@type":"ListItem","position":3,"name":"Une ville au coeur du bocage vend\u00e9en"}]},{"@type":"WebSite","@id":"http:\/\/ricom-web.com\/monfort\/#website","url":"http:\/\/ricom-web.com\/monfort\/","name":"Sur les pas de Monfort","description":"Parcours d\u00e9couverte, sur les pas de Montfort","potentialAction":[{"@type":"SearchAction","target":{"@type":"EntryPoint","urlTemplate":"http:\/\/ricom-web.com\/monfort\/?s={search_term_string}"},"query-input":{"@type":"PropertyValueSpecification","valueRequired":true,"valueName":"search_term_string"}}],"inLanguage":"fr-FR"}]}},"_links":{"self":[{"href":"http:\/\/ricom-web.com\/monfort\/wp-json\/wp\/v2\/pages\/43"}],"collection":[{"href":"http:\/\/ricom-web.com\/monfort\/wp-json\/wp\/v2\/pages"}],"about":[{"href":"http:\/\/ricom-web.com\/monfort\/wp-json\/wp\/v2\/types\/page"}],"author":[{"embeddable":true,"href":"http:\/\/ricom-web.com\/monfort\/wp-json\/wp\/v2\/users\/1"}],"replies":[{"embeddable":true,"href":"http:\/\/ricom-web.com\/monfort\/wp-json\/wp\/v2\/comments?post=43"}],"version-history":[{"count":5,"href":"http:\/\/ricom-web.com\/monfort\/wp-json\/wp\/v2\/pages\/43\/revisions"}],"predecessor-version":[{"id":414,"href":"http:\/\/ricom-web.com\/monfort\/wp-json\/wp\/v2\/pages\/43\/revisions\/414"}],"up":[{"embeddable":true,"href":"http:\/\/ricom-web.com\/monfort\/wp-json\/wp\/v2\/pages\/8"}],"wp:attachment":[{"href":"http:\/\/ricom-web.com\/monfort\/wp-json\/wp\/v2\/media?parent=43"}],"curies":[{"name":"wp","href":"https:\/\/api.w.org\/{rel}","templated":true}]}}