{"id":5,"date":"2017-02-20T14:47:41","date_gmt":"2017-02-20T13:47:41","guid":{"rendered":"http:\/\/ricom-web.com\/monfort\/?page_id=5"},"modified":"2023-03-24T15:29:49","modified_gmt":"2023-03-24T14:29:49","slug":"carte","status":"publish","type":"page","link":"http:\/\/ricom-web.com\/monfort\/fr\/carte\/","title":{"rendered":"Carte"},"content":{"rendered":"<p>Port\u00e9 par l&rsquo;association Saint-Laurent Patrimoine, le parcours d\u00e9couverte de Saint-Laurent-sur-S\u00e8vre \u00ab\u00a0sur les pas de Montfort\u00a0\u00bb vous propose un itin\u00e9raire balis\u00e9 entre lieux historiques et patrimoines remarquables. Au cours de ce parcours, vous pourrez aussi rejoindre les sentiers de randonn\u00e9es.<\/p>\n<p>Belle d\u00e9couverte !<\/p>\n<p><a href=\"http:\/\/ricom-web.com\/monfort\/wp-content\/uploads\/2017\/02\/depliant-sur-les-pas-de-montfort.pdf\"><img loading=\"lazy\" decoding=\"async\" class=\"size-full wp-image-183 alignleft\" src=\"http:\/\/ricom-web.com\/monfort\/wp-content\/uploads\/2017\/02\/carte_parcours.png\" alt=\"parcours sur les pas de Monfort\" width=\"192\" height=\"118\" \/><\/a><a href=\"http:\/\/ricom-web.com\/monfort\/wp-content\/uploads\/2023\/03\/SUR-LES-PAS-DE-MONTFORT-web.pdf\">T\u00e9l\u00e9chargez le d\u00e9pliant \u00ab\u00a0sur les pas de montfort\u00a0\u00bb<\/a><\/p>\n","protected":false},"excerpt":{"rendered":"<p>Port\u00e9 par l&rsquo;association Saint-Laurent Patrimoine, le parcours d\u00e9couverte de Saint-Laurent-sur-S\u00e8vre \u00ab\u00a0sur les pas de Montfort\u00a0\u00bb vous propose un itin\u00e9raire balis\u00e9 entre lieux historiques et patrimoines remarquables. Au cours de ce parcours, vous pourrez aussi rejoindre les sentiers de randonn\u00e9es. Belle d\u00e9couverte ! T\u00e9l\u00e9chargez le d\u00e9pliant \u00ab\u00a0sur les pas de montfort\u00a0\u00bb<\/p>\n","protected":false},"author":1,"featured_media":0,"parent":0,"menu_order":0,"comment_status":"closed","ping_status":"open","template":"","meta":{"footnotes":""},"yoast_head":"<!-- This site is optimized with the Yoast SEO plugin v24.3 - https:\/\/yoast.com\/wordpress\/plugins\/seo\/ -->\n<title>Carte - Sur les pas de Monfort<\/title>\n<meta name=\"description\" content=\"d\u00e9couvrez la carte avec les itin\u00e9raires balis\u00e9s, les sentiers de randonn\u00e9es pour la d\u00e9couvertes de St Laurent sur S\u00e8vre et les pas de Monfort\" \/>\n<meta name=\"robots\" content=\"noindex, follow, max-snippet:-1, max-image-preview:large, max-video-preview:-1\" \/>\n<meta property=\"og:locale\" content=\"fr_FR\" \/>\n<meta property=\"og:type\" content=\"article\" \/>\n<meta property=\"og:title\" content=\"Carte - Sur les pas de Monfort\" \/>\n<meta property=\"og:description\" content=\"d\u00e9couvrez la carte avec les itin\u00e9raires balis\u00e9s, les sentiers de randonn\u00e9es pour la d\u00e9couvertes de St Laurent sur S\u00e8vre et les pas de Monfort\" \/>\n<meta property=\"og:url\" content=\"http:\/\/ricom-web.com\/monfort\/fr\/carte\/\" \/>\n<meta property=\"og:site_name\" content=\"Sur les pas de Monfort\" \/>\n<meta property=\"article:modified_time\" content=\"2023-03-24T14:29:49+00:00\" \/>\n<meta property=\"og:image\" content=\"http:\/\/ricom-web.com\/monfort\/wp-content\/uploads\/2017\/02\/carte_parcours.png\" \/>\n<meta name=\"twitter:card\" content=\"summary_large_image\" \/>\n<script type=\"application\/ld+json\" class=\"yoast-schema-graph\">{\"@context\":\"https:\/\/schema.org\",\"@graph\":[{\"@type\":\"WebPage\",\"@id\":\"http:\/\/ricom-web.com\/monfort\/fr\/carte\/\",\"url\":\"http:\/\/ricom-web.com\/monfort\/fr\/carte\/\",\"name\":\"Carte - Sur les pas de Monfort\",\"isPartOf\":{\"@id\":\"http:\/\/ricom-web.com\/monfort\/#website\"},\"primaryImageOfPage\":{\"@id\":\"http:\/\/ricom-web.com\/monfort\/fr\/carte\/#primaryimage\"},\"image\":{\"@id\":\"http:\/\/ricom-web.com\/monfort\/fr\/carte\/#primaryimage\"},\"thumbnailUrl\":\"http:\/\/ricom-web.com\/monfort\/wp-content\/uploads\/2017\/02\/carte_parcours.png\",\"datePublished\":\"2017-02-20T13:47:41+00:00\",\"dateModified\":\"2023-03-24T14:29:49+00:00\",\"description\":\"d\u00e9couvrez la carte avec les itin\u00e9raires balis\u00e9s, les sentiers de randonn\u00e9es pour la d\u00e9couvertes de St Laurent sur S\u00e8vre et les pas de Monfort\",\"breadcrumb\":{\"@id\":\"http:\/\/ricom-web.com\/monfort\/fr\/carte\/#breadcrumb\"},\"inLanguage\":\"fr-FR\",\"potentialAction\":[{\"@type\":\"ReadAction\",\"target\":[\"http:\/\/ricom-web.com\/monfort\/fr\/carte\/\"]}]},{\"@type\":\"ImageObject\",\"inLanguage\":\"fr-FR\",\"@id\":\"http:\/\/ricom-web.com\/monfort\/fr\/carte\/#primaryimage\",\"url\":\"http:\/\/ricom-web.com\/monfort\/wp-content\/uploads\/2017\/02\/carte_parcours.png\",\"contentUrl\":\"http:\/\/ricom-web.com\/monfort\/wp-content\/uploads\/2017\/02\/carte_parcours.png\",\"width\":192,\"height\":118,\"caption\":\"parcours sur les pas de Monfort\"},{\"@type\":\"BreadcrumbList\",\"@id\":\"http:\/\/ricom-web.com\/monfort\/fr\/carte\/#breadcrumb\",\"itemListElement\":[{\"@type\":\"ListItem\",\"position\":1,\"name\":\"Accueil\",\"item\":\"http:\/\/ricom-web.com\/monfort\/fr\/sur-les-pas-de-monfort\/\"},{\"@type\":\"ListItem\",\"position\":2,\"name\":\"Carte\"}]},{\"@type\":\"WebSite\",\"@id\":\"http:\/\/ricom-web.com\/monfort\/#website\",\"url\":\"http:\/\/ricom-web.com\/monfort\/\",\"name\":\"Sur les pas de Monfort\",\"description\":\"Parcours d\u00e9couverte, sur les pas de Montfort\",\"potentialAction\":[{\"@type\":\"SearchAction\",\"target\":{\"@type\":\"EntryPoint\",\"urlTemplate\":\"http:\/\/ricom-web.com\/monfort\/?s={search_term_string}\"},\"query-input\":{\"@type\":\"PropertyValueSpecification\",\"valueRequired\":true,\"valueName\":\"search_term_string\"}}],\"inLanguage\":\"fr-FR\"}]}<\/script>\n<!-- \/ Yoast SEO plugin. -->","yoast_head_json":{"title":"Carte - Sur les pas de Monfort","description":"d\u00e9couvrez la carte avec les itin\u00e9raires balis\u00e9s, les sentiers de randonn\u00e9es pour la d\u00e9couvertes de St Laurent sur S\u00e8vre et les pas de Monfort","robots":{"index":"noindex","follow":"follow","max-snippet":"max-snippet:-1","max-image-preview":"max-image-preview:large","max-video-preview":"max-video-preview:-1"},"og_locale":"fr_FR","og_type":"article","og_title":"Carte - Sur les pas de Monfort","og_description":"d\u00e9couvrez la carte avec les itin\u00e9raires balis\u00e9s, les sentiers de randonn\u00e9es pour la d\u00e9couvertes de St Laurent sur S\u00e8vre et les pas de Monfort","og_url":"http:\/\/ricom-web.com\/monfort\/fr\/carte\/","og_site_name":"Sur les pas de Monfort","article_modified_time":"2023-03-24T14:29:49+00:00","og_image":[{"url":"http:\/\/ricom-web.com\/monfort\/wp-content\/uploads\/2017\/02\/carte_parcours.png","type":"","width":"","height":""}],"twitter_card":"summary_large_image","schema":{"@context":"https:\/\/schema.org","@graph":[{"@type":"WebPage","@id":"http:\/\/ricom-web.com\/monfort\/fr\/carte\/","url":"http:\/\/ricom-web.com\/monfort\/fr\/carte\/","name":"Carte - Sur les pas de Monfort","isPartOf":{"@id":"http:\/\/ricom-web.com\/monfort\/#website"},"primaryImageOfPage":{"@id":"http:\/\/ricom-web.com\/monfort\/fr\/carte\/#primaryimage"},"image":{"@id":"http:\/\/ricom-web.com\/monfort\/fr\/carte\/#primaryimage"},"thumbnailUrl":"http:\/\/ricom-web.com\/monfort\/wp-content\/uploads\/2017\/02\/carte_parcours.png","datePublished":"2017-02-20T13:47:41+00:00","dateModified":"2023-03-24T14:29:49+00:00","description":"d\u00e9couvrez la carte avec les itin\u00e9raires balis\u00e9s, les sentiers de randonn\u00e9es pour la d\u00e9couvertes de St Laurent sur S\u00e8vre et les pas de Monfort","breadcrumb":{"@id":"http:\/\/ricom-web.com\/monfort\/fr\/carte\/#breadcrumb"},"inLanguage":"fr-FR","potentialAction":[{"@type":"ReadAction","target":["http:\/\/ricom-web.com\/monfort\/fr\/carte\/"]}]},{"@type":"ImageObject","inLanguage":"fr-FR","@id":"http:\/\/ricom-web.com\/monfort\/fr\/carte\/#primaryimage","url":"http:\/\/ricom-web.com\/monfort\/wp-content\/uploads\/2017\/02\/carte_parcours.png","contentUrl":"http:\/\/ricom-web.com\/monfort\/wp-content\/uploads\/2017\/02\/carte_parcours.png","width":192,"height":118,"caption":"parcours sur les pas de Monfort"},{"@type":"BreadcrumbList","@id":"http:\/\/ricom-web.com\/monfort\/fr\/carte\/#breadcrumb","itemListElement":[{"@type":"ListItem","position":1,"name":"Accueil","item":"http:\/\/ricom-web.com\/monfort\/fr\/sur-les-pas-de-monfort\/"},{"@type":"ListItem","position":2,"name":"Carte"}]},{"@type":"WebSite","@id":"http:\/\/ricom-web.com\/monfort\/#website","url":"http:\/\/ricom-web.com\/monfort\/","name":"Sur les pas de Monfort","description":"Parcours d\u00e9couverte, sur les pas de Montfort","potentialAction":[{"@type":"SearchAction","target":{"@type":"EntryPoint","urlTemplate":"http:\/\/ricom-web.com\/monfort\/?s={search_term_string}"},"query-input":{"@type":"PropertyValueSpecification","valueRequired":true,"valueName":"search_term_string"}}],"inLanguage":"fr-FR"}]}},"_links":{"self":[{"href":"http:\/\/ricom-web.com\/monfort\/wp-json\/wp\/v2\/pages\/5"}],"collection":[{"href":"http:\/\/ricom-web.com\/monfort\/wp-json\/wp\/v2\/pages"}],"about":[{"href":"http:\/\/ricom-web.com\/monfort\/wp-json\/wp\/v2\/types\/page"}],"author":[{"embeddable":true,"href":"http:\/\/ricom-web.com\/monfort\/wp-json\/wp\/v2\/users\/1"}],"replies":[{"embeddable":true,"href":"http:\/\/ricom-web.com\/monfort\/wp-json\/wp\/v2\/comments?post=5"}],"version-history":[{"count":10,"href":"http:\/\/ricom-web.com\/monfort\/wp-json\/wp\/v2\/pages\/5\/revisions"}],"predecessor-version":[{"id":429,"href":"http:\/\/ricom-web.com\/monfort\/wp-json\/wp\/v2\/pages\/5\/revisions\/429"}],"wp:attachment":[{"href":"http:\/\/ricom-web.com\/monfort\/wp-json\/wp\/v2\/media?parent=5"}],"curies":[{"name":"wp","href":"https:\/\/api.w.org\/{rel}","templated":true}]}}