{"id":73,"date":"2017-02-20T16:57:06","date_gmt":"2017-02-20T15:57:06","guid":{"rendered":"http:\/\/ricom-web.com\/monfort\/?page_id=73"},"modified":"2017-02-21T15:14:29","modified_gmt":"2017-02-21T14:14:29","slug":"welcome-in-saint-laurent-sur-sevre-2","status":"publish","type":"page","link":"http:\/\/ricom-web.com\/monfort\/en\/places\/welcome-in-saint-laurent-sur-sevre-2\/","title":{"rendered":"Welcome in Saint-Laurent-sur-S\u00e8vre"},"content":{"rendered":"<p>Welcome to Saint-Laurent-sur-S\u00e8vre. The town, enfolded by the meanders of the S\u00e8vre Nantaise river, stands at the spot where the Gallic tribe of the Ambilatres settled on the river bank nearly 2,500 years ago.<\/p>\n<p>So this was an attractive spot even then !<\/p>\n<p>A deep and well-defined valley&#8230; A river alternating between calm waters and turbulent rapids&#8230; Some banks shady, others exposed&#8230; And all inhabited by dragonflies, salamanders and otters! In short, a romantic paradise.<\/p>\n<p>But, let&rsquo;s get back to the town&rsquo;s history.<\/p>\n<p>It was during the 5th and 6th centuries that the first church community was established in the valley, taking the name of Saint-Pierre-de-Savara.<\/p>\n<p>In 1050, the local nobleman Basile Chabot commissioned the construction of a manor house, followed by a church near by endowed with a holy relic of a deacon martyred in Rome in 258: Saint-Laurent.<\/p>\n<p>It was at this time that the community adopted the name of Saint-Laurent-sur-S\u00e8vre and began to attract many pilgrims.<\/p>\n<p>So is this the only reason why there are so many belfries in Saint-Laurent ?<\/p>\n<p>Definitely not.<\/p>\n<p>All these buildings have been inspired by a flamboyant missionary priest: Saint Louis-Marie Grignion de Montfort. Having first arrived to preach his mission, he died here suddenly on 28 April 1716.<\/p>\n<p>Very soon after his death, his disciples chose to spend their lives close to his tomb.<\/p>\n<p>The Daughters of Wisdom were the first to make that decision, followed by the Montfortian Missionaries.<\/p>\n<p>In 1835, it was the turn of the &lsquo;spiritual brothers&rsquo; of the Community, the Fr\u00e8res de Saint-Gabriel, formed from a separate branch of the Fr\u00e8res du Saint-Esprit, to build their base in Saint-Laurent-sur-S\u00e8vre.<\/p>\n<p>Gradually, the town&rsquo;s skyline changed&#8230; until it bristled with towers!<\/p>\n<p>Since then, all the Montfortian communities have contributed continually to the growth and development of Saint-Laurent-sur-S\u00e8vre.<\/p>\n<p>The town is also well known for other treasures linked to its economic history, like the Moulins de la S\u00e8vre watermills, as well as its superb hiking and biking trails.<\/p>\n","protected":false},"excerpt":{"rendered":"<p>Welcome to Saint-Laurent-sur-S\u00e8vre. The town, enfolded by the meanders of the S\u00e8vre Nantaise river, stands at the spot where the Gallic tribe of the Ambilatres settled on the river bank nearly 2,500 years ago. So this was an attractive spot even then ! A deep and well-defined valley&#8230; A river alternating between calm waters and<a class=\"moretag\" href=\"http:\/\/ricom-web.com\/monfort\/en\/places\/welcome-in-saint-laurent-sur-sevre-2\/\"><span class=\"screen-reader-text\">En savoir plus surWelcome in Saint-Laurent-sur-S\u00e8vre<\/span>[&#8230;]<\/a><\/p>\n","protected":false},"author":1,"featured_media":0,"parent":79,"menu_order":0,"comment_status":"closed","ping_status":"closed","template":"","meta":{"footnotes":""},"yoast_head":"<!-- This site is optimized with the Yoast SEO plugin v24.3 - https:\/\/yoast.com\/wordpress\/plugins\/seo\/ -->\n<title>Welcome in Saint-Laurent-sur-S\u00e8vre - Sur les pas de Monfort<\/title>\n<meta name=\"robots\" content=\"noindex, follow, max-snippet:-1, max-image-preview:large, max-video-preview:-1\" \/>\n<meta property=\"og:locale\" content=\"fr_FR\" \/>\n<meta property=\"og:type\" content=\"article\" \/>\n<meta property=\"og:title\" content=\"Welcome in Saint-Laurent-sur-S\u00e8vre - Sur les pas de Monfort\" \/>\n<meta property=\"og:description\" content=\"Welcome to Saint-Laurent-sur-S\u00e8vre. The town, enfolded by the meanders of the S\u00e8vre Nantaise river, stands at the spot where the Gallic tribe of the Ambilatres settled on the river bank nearly 2,500 years ago. So this was an attractive spot even then ! A deep and well-defined valley&#8230; A river alternating between calm waters andEn savoir plus surWelcome in Saint-Laurent-sur-S\u00e8vre[...]\" \/>\n<meta property=\"og:url\" content=\"http:\/\/ricom-web.com\/monfort\/en\/places\/welcome-in-saint-laurent-sur-sevre-2\/\" \/>\n<meta property=\"og:site_name\" content=\"Sur les pas de Monfort\" \/>\n<meta property=\"article:modified_time\" content=\"2017-02-21T14:14:29+00:00\" \/>\n<meta name=\"twitter:card\" content=\"summary_large_image\" \/>\n<meta name=\"twitter:label1\" content=\"Dur\u00e9e de lecture estim\u00e9e\" \/>\n\t<meta name=\"twitter:data1\" content=\"2 minutes\" \/>\n<script type=\"application\/ld+json\" class=\"yoast-schema-graph\">{\"@context\":\"https:\/\/schema.org\",\"@graph\":[{\"@type\":\"WebPage\",\"@id\":\"http:\/\/ricom-web.com\/monfort\/en\/places\/welcome-in-saint-laurent-sur-sevre-2\/\",\"url\":\"http:\/\/ricom-web.com\/monfort\/en\/places\/welcome-in-saint-laurent-sur-sevre-2\/\",\"name\":\"Welcome in Saint-Laurent-sur-S\u00e8vre - Sur les pas de Monfort\",\"isPartOf\":{\"@id\":\"http:\/\/ricom-web.com\/monfort\/#website\"},\"datePublished\":\"2017-02-20T15:57:06+00:00\",\"dateModified\":\"2017-02-21T14:14:29+00:00\",\"breadcrumb\":{\"@id\":\"http:\/\/ricom-web.com\/monfort\/en\/places\/welcome-in-saint-laurent-sur-sevre-2\/#breadcrumb\"},\"inLanguage\":\"fr-FR\",\"potentialAction\":[{\"@type\":\"ReadAction\",\"target\":[\"http:\/\/ricom-web.com\/monfort\/en\/places\/welcome-in-saint-laurent-sur-sevre-2\/\"]}]},{\"@type\":\"BreadcrumbList\",\"@id\":\"http:\/\/ricom-web.com\/monfort\/en\/places\/welcome-in-saint-laurent-sur-sevre-2\/#breadcrumb\",\"itemListElement\":[{\"@type\":\"ListItem\",\"position\":1,\"name\":\"Accueil\",\"item\":\"http:\/\/ricom-web.com\/monfort\/fr\/sur-les-pas-de-monfort\/\"},{\"@type\":\"ListItem\",\"position\":2,\"name\":\"Places\",\"item\":\"http:\/\/ricom-web.com\/monfort\/en\/places\/\"},{\"@type\":\"ListItem\",\"position\":3,\"name\":\"Welcome in Saint-Laurent-sur-S\u00e8vre\"}]},{\"@type\":\"WebSite\",\"@id\":\"http:\/\/ricom-web.com\/monfort\/#website\",\"url\":\"http:\/\/ricom-web.com\/monfort\/\",\"name\":\"Sur les pas de Monfort\",\"description\":\"Parcours d\u00e9couverte, sur les pas de Montfort\",\"potentialAction\":[{\"@type\":\"SearchAction\",\"target\":{\"@type\":\"EntryPoint\",\"urlTemplate\":\"http:\/\/ricom-web.com\/monfort\/?s={search_term_string}\"},\"query-input\":{\"@type\":\"PropertyValueSpecification\",\"valueRequired\":true,\"valueName\":\"search_term_string\"}}],\"inLanguage\":\"fr-FR\"}]}<\/script>\n<!-- \/ Yoast SEO plugin. -->","yoast_head_json":{"title":"Welcome in Saint-Laurent-sur-S\u00e8vre - Sur les pas de Monfort","robots":{"index":"noindex","follow":"follow","max-snippet":"max-snippet:-1","max-image-preview":"max-image-preview:large","max-video-preview":"max-video-preview:-1"},"og_locale":"fr_FR","og_type":"article","og_title":"Welcome in Saint-Laurent-sur-S\u00e8vre - Sur les pas de Monfort","og_description":"Welcome to Saint-Laurent-sur-S\u00e8vre. The town, enfolded by the meanders of the S\u00e8vre Nantaise river, stands at the spot where the Gallic tribe of the Ambilatres settled on the river bank nearly 2,500 years ago. So this was an attractive spot even then ! A deep and well-defined valley&#8230; A river alternating between calm waters andEn savoir plus surWelcome in Saint-Laurent-sur-S\u00e8vre[...]","og_url":"http:\/\/ricom-web.com\/monfort\/en\/places\/welcome-in-saint-laurent-sur-sevre-2\/","og_site_name":"Sur les pas de Monfort","article_modified_time":"2017-02-21T14:14:29+00:00","twitter_card":"summary_large_image","twitter_misc":{"Dur\u00e9e de lecture estim\u00e9e":"2 minutes"},"schema":{"@context":"https:\/\/schema.org","@graph":[{"@type":"WebPage","@id":"http:\/\/ricom-web.com\/monfort\/en\/places\/welcome-in-saint-laurent-sur-sevre-2\/","url":"http:\/\/ricom-web.com\/monfort\/en\/places\/welcome-in-saint-laurent-sur-sevre-2\/","name":"Welcome in Saint-Laurent-sur-S\u00e8vre - Sur les pas de Monfort","isPartOf":{"@id":"http:\/\/ricom-web.com\/monfort\/#website"},"datePublished":"2017-02-20T15:57:06+00:00","dateModified":"2017-02-21T14:14:29+00:00","breadcrumb":{"@id":"http:\/\/ricom-web.com\/monfort\/en\/places\/welcome-in-saint-laurent-sur-sevre-2\/#breadcrumb"},"inLanguage":"fr-FR","potentialAction":[{"@type":"ReadAction","target":["http:\/\/ricom-web.com\/monfort\/en\/places\/welcome-in-saint-laurent-sur-sevre-2\/"]}]},{"@type":"BreadcrumbList","@id":"http:\/\/ricom-web.com\/monfort\/en\/places\/welcome-in-saint-laurent-sur-sevre-2\/#breadcrumb","itemListElement":[{"@type":"ListItem","position":1,"name":"Accueil","item":"http:\/\/ricom-web.com\/monfort\/fr\/sur-les-pas-de-monfort\/"},{"@type":"ListItem","position":2,"name":"Places","item":"http:\/\/ricom-web.com\/monfort\/en\/places\/"},{"@type":"ListItem","position":3,"name":"Welcome in Saint-Laurent-sur-S\u00e8vre"}]},{"@type":"WebSite","@id":"http:\/\/ricom-web.com\/monfort\/#website","url":"http:\/\/ricom-web.com\/monfort\/","name":"Sur les pas de Monfort","description":"Parcours d\u00e9couverte, sur les pas de Montfort","potentialAction":[{"@type":"SearchAction","target":{"@type":"EntryPoint","urlTemplate":"http:\/\/ricom-web.com\/monfort\/?s={search_term_string}"},"query-input":{"@type":"PropertyValueSpecification","valueRequired":true,"valueName":"search_term_string"}}],"inLanguage":"fr-FR"}]}},"_links":{"self":[{"href":"http:\/\/ricom-web.com\/monfort\/wp-json\/wp\/v2\/pages\/73"}],"collection":[{"href":"http:\/\/ricom-web.com\/monfort\/wp-json\/wp\/v2\/pages"}],"about":[{"href":"http:\/\/ricom-web.com\/monfort\/wp-json\/wp\/v2\/types\/page"}],"author":[{"embeddable":true,"href":"http:\/\/ricom-web.com\/monfort\/wp-json\/wp\/v2\/users\/1"}],"replies":[{"embeddable":true,"href":"http:\/\/ricom-web.com\/monfort\/wp-json\/wp\/v2\/comments?post=73"}],"version-history":[{"count":1,"href":"http:\/\/ricom-web.com\/monfort\/wp-json\/wp\/v2\/pages\/73\/revisions"}],"predecessor-version":[{"id":74,"href":"http:\/\/ricom-web.com\/monfort\/wp-json\/wp\/v2\/pages\/73\/revisions\/74"}],"up":[{"embeddable":true,"href":"http:\/\/ricom-web.com\/monfort\/wp-json\/wp\/v2\/pages\/79"}],"wp:attachment":[{"href":"http:\/\/ricom-web.com\/monfort\/wp-json\/wp\/v2\/media?parent=73"}],"curies":[{"name":"wp","href":"https:\/\/api.w.org\/{rel}","templated":true}]}}