{"id":8,"date":"2017-02-20T14:53:18","date_gmt":"2017-02-20T13:53:18","guid":{"rendered":"http:\/\/ricom-web.com\/monfort\/?page_id=8"},"modified":"2017-03-06T10:19:41","modified_gmt":"2017-03-06T09:19:41","slug":"lieux","status":"publish","type":"page","link":"http:\/\/ricom-web.com\/monfort\/fr\/lieux\/","title":{"rendered":"Lieux"},"content":{"rendered":"<p>D\u00e9couvrez <strong>les diff\u00e9rents lieux historiques et le parcours d\u00e9couverte de Saint-Laurent-sur-S\u00e8vre<\/strong> \u00ab\u00a0sur les pas de Montfort\u00a0\u00bb :<\/p>\n<ul>\n<li><a href=\"http:\/\/ricom-web.com\/monfort\/fr\/lieux\/saint-laurent-sur-sevre-terre-vivante\/\">Saint Laurent sur S\u00e8vre Terre vivante<\/a><\/li>\n<li><a href=\"http:\/\/ricom-web.com\/monfort\/fr\/lieux\/les-moulins-de-saint-laurent-sur-sevre\/\">Les moulins de saint Laurent sur S\u00e8vre<\/a><\/li>\n<li><a href=\"http:\/\/ricom-web.com\/monfort\/fr\/lieux\/le-calvaire-symbole-montfortain\/\">Le calvaire symbole montfortain<\/a><\/li>\n<li><a href=\"http:\/\/ricom-web.com\/monfort\/fr\/lieux\/une-ville-au-coeur-du-bocage-vendeen\/\">Une ville au coeur du bocage vend\u00e9en<\/a><\/li>\n<li><a href=\"http:\/\/ricom-web.com\/monfort\/fr\/lieux\/basilique-saint-louis-marie-grignon-de-montfort\/\">Basilique Saint Louis Marie Grignon de Montfort<\/a><\/li>\n<li><a href=\"http:\/\/ricom-web.com\/monfort\/fr\/lieux\/la-chapelle-de-la-sagesse\/\">La chapelle de la sagesse<\/a><\/li>\n<li><a href=\"http:\/\/ricom-web.com\/monfort\/fr\/lieux\/maison-mere-des-filles-de-la-sagesse\/\">Maison M\u00e8re des filles de la Sagesse<\/a><\/li>\n<li><a href=\"http:\/\/ricom-web.com\/monfort\/fr\/lieux\/missionnaires-monfortains-le-saint-esprit\/\">Missionnaires Monfortains, le Saint Esprit<\/a><\/li>\n<li><a href=\"http:\/\/ricom-web.com\/monfort\/fr\/lieux\/maison-longue\/\">Maison longue<\/a><\/li>\n<li><a href=\"http:\/\/ricom-web.com\/monfort\/fr\/lieux\/pont-eiffel\/\">Pont eiffel<\/a><\/li>\n<li><a href=\"http:\/\/ricom-web.com\/monfort\/fr\/lieux\/ouvrages-hydrauliques\/\">Ouvrages hydrauliques<\/a><\/li>\n<li><a href=\"http:\/\/ricom-web.com\/monfort\/fr\/lieux\/maison-de-la-citadelle\/\">Maison de la citadelle<\/a><\/li>\n<li><a href=\"http:\/\/ricom-web.com\/monfort\/fr\/lieux\/chapelle-des-penitents\/\">Chapelle des p\u00e9nitents<\/a><\/li>\n<li><a href=\"http:\/\/ricom-web.com\/monfort\/fr\/lieux\/maison-des-tisserands\/\">Maison des Tisserands<\/a><\/li>\n<li><a href=\"http:\/\/ricom-web.com\/monfort\/fr\/lieux\/chapelle-sainte-anne\/\">Chapelle Sainte Anne<\/a><\/li>\n<\/ul>\n","protected":false},"excerpt":{"rendered":"<p>D\u00e9couvrez les diff\u00e9rents lieux historiques et le parcours d\u00e9couverte de Saint-Laurent-sur-S\u00e8vre \u00ab\u00a0sur les pas de Montfort\u00a0\u00bb : Saint Laurent sur S\u00e8vre Terre vivante Les moulins de saint Laurent sur S\u00e8vre Le calvaire symbole montfortain Une ville au coeur du bocage vend\u00e9en Basilique Saint Louis Marie Grignon de Montfort La chapelle de la sagesse Maison M\u00e8re<a class=\"moretag\" href=\"http:\/\/ricom-web.com\/monfort\/fr\/lieux\/\"><span class=\"screen-reader-text\">En savoir plus surLieux<\/span>[&#8230;]<\/a><\/p>\n","protected":false},"author":1,"featured_media":0,"parent":0,"menu_order":0,"comment_status":"closed","ping_status":"open","template":"","meta":{"footnotes":""},"yoast_head":"<!-- This site is optimized with the Yoast SEO plugin v24.3 - https:\/\/yoast.com\/wordpress\/plugins\/seo\/ -->\n<title>Lieux - Sur les pas de Monfort<\/title>\n<meta name=\"description\" content=\"D\u00e9couvrez les diff\u00e9rents lieux historiques, le parcours sur la pas de Monfort \u00e0 Saint Laurent Sur S\u00e8re en Vend\u00e9e : de la basilique au pont de Barbin...\" \/>\n<meta name=\"robots\" content=\"noindex, follow, max-snippet:-1, max-image-preview:large, max-video-preview:-1\" \/>\n<meta property=\"og:locale\" content=\"fr_FR\" \/>\n<meta property=\"og:type\" content=\"article\" \/>\n<meta property=\"og:title\" content=\"Lieux - Sur les pas de Monfort\" \/>\n<meta property=\"og:description\" content=\"D\u00e9couvrez les diff\u00e9rents lieux historiques, le parcours sur la pas de Monfort \u00e0 Saint Laurent Sur S\u00e8re en Vend\u00e9e : de la basilique au pont de Barbin...\" \/>\n<meta property=\"og:url\" content=\"http:\/\/ricom-web.com\/monfort\/fr\/lieux\/\" \/>\n<meta property=\"og:site_name\" content=\"Sur les pas de Monfort\" \/>\n<meta property=\"article:modified_time\" content=\"2017-03-06T09:19:41+00:00\" \/>\n<meta name=\"twitter:card\" content=\"summary_large_image\" \/>\n<script type=\"application\/ld+json\" class=\"yoast-schema-graph\">{\"@context\":\"https:\/\/schema.org\",\"@graph\":[{\"@type\":\"WebPage\",\"@id\":\"http:\/\/ricom-web.com\/monfort\/fr\/lieux\/\",\"url\":\"http:\/\/ricom-web.com\/monfort\/fr\/lieux\/\",\"name\":\"Lieux - Sur les pas de Monfort\",\"isPartOf\":{\"@id\":\"http:\/\/ricom-web.com\/monfort\/#website\"},\"datePublished\":\"2017-02-20T13:53:18+00:00\",\"dateModified\":\"2017-03-06T09:19:41+00:00\",\"description\":\"D\u00e9couvrez les diff\u00e9rents lieux historiques, le parcours sur la pas de Monfort \u00e0 Saint Laurent Sur S\u00e8re en Vend\u00e9e : de la basilique au pont de Barbin...\",\"breadcrumb\":{\"@id\":\"http:\/\/ricom-web.com\/monfort\/fr\/lieux\/#breadcrumb\"},\"inLanguage\":\"fr-FR\",\"potentialAction\":[{\"@type\":\"ReadAction\",\"target\":[\"http:\/\/ricom-web.com\/monfort\/fr\/lieux\/\"]}]},{\"@type\":\"BreadcrumbList\",\"@id\":\"http:\/\/ricom-web.com\/monfort\/fr\/lieux\/#breadcrumb\",\"itemListElement\":[{\"@type\":\"ListItem\",\"position\":1,\"name\":\"Home\",\"item\":\"http:\/\/ricom-web.com\/monfort\/fr\/sur-les-pas-de-monfort\/\"},{\"@type\":\"ListItem\",\"position\":2,\"name\":\"Lieux\"}]},{\"@type\":\"WebSite\",\"@id\":\"http:\/\/ricom-web.com\/monfort\/#website\",\"url\":\"http:\/\/ricom-web.com\/monfort\/\",\"name\":\"Sur les pas de Monfort\",\"description\":\"Parcours d\u00e9couverte, sur les pas de Montfort\",\"potentialAction\":[{\"@type\":\"SearchAction\",\"target\":{\"@type\":\"EntryPoint\",\"urlTemplate\":\"http:\/\/ricom-web.com\/monfort\/?s={search_term_string}\"},\"query-input\":{\"@type\":\"PropertyValueSpecification\",\"valueRequired\":true,\"valueName\":\"search_term_string\"}}],\"inLanguage\":\"fr-FR\"}]}<\/script>\n<!-- \/ Yoast SEO plugin. -->","yoast_head_json":{"title":"Lieux - Sur les pas de Monfort","description":"D\u00e9couvrez les diff\u00e9rents lieux historiques, le parcours sur la pas de Monfort \u00e0 Saint Laurent Sur S\u00e8re en Vend\u00e9e : de la basilique au pont de Barbin...","robots":{"index":"noindex","follow":"follow","max-snippet":"max-snippet:-1","max-image-preview":"max-image-preview:large","max-video-preview":"max-video-preview:-1"},"og_locale":"fr_FR","og_type":"article","og_title":"Lieux - Sur les pas de Monfort","og_description":"D\u00e9couvrez les diff\u00e9rents lieux historiques, le parcours sur la pas de Monfort \u00e0 Saint Laurent Sur S\u00e8re en Vend\u00e9e : de la basilique au pont de Barbin...","og_url":"http:\/\/ricom-web.com\/monfort\/fr\/lieux\/","og_site_name":"Sur les pas de Monfort","article_modified_time":"2017-03-06T09:19:41+00:00","twitter_card":"summary_large_image","schema":{"@context":"https:\/\/schema.org","@graph":[{"@type":"WebPage","@id":"http:\/\/ricom-web.com\/monfort\/fr\/lieux\/","url":"http:\/\/ricom-web.com\/monfort\/fr\/lieux\/","name":"Lieux - Sur les pas de Monfort","isPartOf":{"@id":"http:\/\/ricom-web.com\/monfort\/#website"},"datePublished":"2017-02-20T13:53:18+00:00","dateModified":"2017-03-06T09:19:41+00:00","description":"D\u00e9couvrez les diff\u00e9rents lieux historiques, le parcours sur la pas de Monfort \u00e0 Saint Laurent Sur S\u00e8re en Vend\u00e9e : de la basilique au pont de Barbin...","breadcrumb":{"@id":"http:\/\/ricom-web.com\/monfort\/fr\/lieux\/#breadcrumb"},"inLanguage":"fr-FR","potentialAction":[{"@type":"ReadAction","target":["http:\/\/ricom-web.com\/monfort\/fr\/lieux\/"]}]},{"@type":"BreadcrumbList","@id":"http:\/\/ricom-web.com\/monfort\/fr\/lieux\/#breadcrumb","itemListElement":[{"@type":"ListItem","position":1,"name":"Home","item":"http:\/\/ricom-web.com\/monfort\/fr\/sur-les-pas-de-monfort\/"},{"@type":"ListItem","position":2,"name":"Lieux"}]},{"@type":"WebSite","@id":"http:\/\/ricom-web.com\/monfort\/#website","url":"http:\/\/ricom-web.com\/monfort\/","name":"Sur les pas de Monfort","description":"Parcours d\u00e9couverte, sur les pas de Montfort","potentialAction":[{"@type":"SearchAction","target":{"@type":"EntryPoint","urlTemplate":"http:\/\/ricom-web.com\/monfort\/?s={search_term_string}"},"query-input":{"@type":"PropertyValueSpecification","valueRequired":true,"valueName":"search_term_string"}}],"inLanguage":"fr-FR"}]}},"_links":{"self":[{"href":"http:\/\/ricom-web.com\/monfort\/wp-json\/wp\/v2\/pages\/8"}],"collection":[{"href":"http:\/\/ricom-web.com\/monfort\/wp-json\/wp\/v2\/pages"}],"about":[{"href":"http:\/\/ricom-web.com\/monfort\/wp-json\/wp\/v2\/types\/page"}],"author":[{"embeddable":true,"href":"http:\/\/ricom-web.com\/monfort\/wp-json\/wp\/v2\/users\/1"}],"replies":[{"embeddable":true,"href":"http:\/\/ricom-web.com\/monfort\/wp-json\/wp\/v2\/comments?post=8"}],"version-history":[{"count":4,"href":"http:\/\/ricom-web.com\/monfort\/wp-json\/wp\/v2\/pages\/8\/revisions"}],"predecessor-version":[{"id":385,"href":"http:\/\/ricom-web.com\/monfort\/wp-json\/wp\/v2\/pages\/8\/revisions\/385"}],"wp:attachment":[{"href":"http:\/\/ricom-web.com\/monfort\/wp-json\/wp\/v2\/media?parent=8"}],"curies":[{"name":"wp","href":"https:\/\/api.w.org\/{rel}","templated":true}]}}